{"id":90041,"date":"2025-09-09T11:09:01","date_gmt":"2025-09-09T11:09:01","guid":{"rendered":"https:\/\/brandss.com.py\/index\/?post_type=product&#038;p=90041"},"modified":"2025-09-09T11:10:01","modified_gmt":"2025-09-09T11:10:01","slug":"acondicionador-capilar-cosmo-coconut-milk-hidratante-1000ml","status":"publish","type":"product","link":"https:\/\/brandss.com.py\/index\/producto\/acondicionador-capilar-cosmo-coconut-milk-hidratante-1000ml\/","title":{"rendered":"ACONDICIONADOR CAPILAR COSMO COCONUT MILK HIDRATANTE 1000ML"},"content":{"rendered":"<p><img loading=\"lazy\" decoding=\"async\" class=\"\" src=\"https:\/\/cosmocosmetics.ae\/cdn\/shop\/files\/logo-cosmo-regeister.png?v=1729761767&amp;width=340\" width=\"198\" height=\"42\" \/><\/p>\n<h1>COCONUT MILK HIDRATANTE<\/h1>\n<p>El Acondicionador Hidratante de Leche de Coco COSMO es una soluci\u00f3n de lujo para cabello seco y quebradizo, dise\u00f1ado para envolver tu cabello en una f\u00f3rmula rica y cremosa que nutre e hidrata profundamente. Enriquecido con la esencia de la cremosa leche de coco, este acondicionador sin sulfatos preserva la hidrataci\u00f3n del cuero cabelludo a la vez que protege las ra\u00edces del cabello del da\u00f1o. Realza el brillo, la fuerza y \u200b\u200bla elasticidad, dejando tu cabello con una suavidad excepcional y una sensaci\u00f3n divina. Con un reconfortante aroma tropical, este acondicionador no solo revitaliza tu cabello, sino que tambi\u00e9n proporciona una experiencia refrescante que dura todo el d\u00eda.<\/p>\n<div class=\"experience-component experience-dynamic-productLongDescription\">\n<div id=\"longDescription\" class=\"container product-long-description\">\n<div class=\"row\">\n<div class=\"col-12 col-md-8 description-text\">\n<div class=\"metafield-rich_text_field\">\n<h4><span dir=\"auto\">CARACTER\u00cdSTICAS<\/span><\/h4>\n<p>&nbsp;<\/p>\n<ul>\n<li><span dir=\"auto\">Hidrataci\u00f3n profunda: Infundido con leche de coco, nutre e hidrata profundamente el cabello seco y quebradizo, restableciendo el equilibrio de hidrataci\u00f3n.<\/span><\/li>\n<li><span dir=\"auto\">Protecci\u00f3n del cuero cabelludo: ayuda a mantener la hidrataci\u00f3n del cuero cabelludo, previniendo la sequedad y la descamaci\u00f3n.<\/span><\/li>\n<li><span dir=\"auto\">Prevenci\u00f3n de da\u00f1os: forma una barrera protectora alrededor de las ra\u00edces del cabello, reduciendo el riesgo de da\u00f1o y rotura.<\/span><\/li>\n<li><span dir=\"auto\">Brillo mejorado: mejora el brillo natural del cabello, d\u00e1ndole un aspecto m\u00e1s saludable y vibrante.<\/span><\/li>\n<li><span dir=\"auto\">Fuerza y \u200b\u200belasticidad: refuerza la fuerza y \u200b\u200belasticidad del cabello, haciendo que las hebras sean m\u00e1s resistentes al estr\u00e9s diario.<\/span><\/li>\n<li><span dir=\"auto\">Fragancia tropical: deja tu cabello con un delicioso aroma a coco, aportando un toque tropical a tu rutina diaria.<\/span>\n<p><img decoding=\"async\" class=\"alignleft\" src=\"https:\/\/cosmocosmetics.ae\/cdn\/shop\/files\/New_Project_25_64x64.png?v=1723527115\" \/>&nbsp;<\/p>\n<p><img decoding=\"async\" class=\"alignleft\" src=\"https:\/\/cosmocosmetics.ae\/cdn\/shop\/files\/New_Project_23_64x64.png?v=1723528105\" \/>&nbsp;<\/p>\n<p><img decoding=\"async\" src=\"https:\/\/cosmocosmetics.ae\/cdn\/shop\/files\/New_Project_24_64x64.png?v=1723528130\" \/>&nbsp;<\/li>\n<\/ul>\n<\/div>\n<\/div>\n<div class=\"col-12 col-md-4 description-icon\">\n<div class=\"content-asset\"><\/div>\n<\/div>\n<\/div>\n<\/div>\n<\/div>\n<div class=\"experience-component experience-dynamic-productRoutineCustom\">\n<div id=\"productRoutine\" class=\"container-fluid product-routine-custom\">\n<div class=\"row custom\">\n<div class=\"col-12 carousel-heading mb-1\">\n<h4 class=\"carousel-title brand-primary\"><span dir=\"auto\">MODO DE EMPLEO<\/span><\/h4>\n<\/div>\n<\/div>\n<div class=\"row routine-wrapper\">\n<div class=\"col-12 product-routine-custom-line\">\n<div class=\"content-asset\">\n<div class=\"routine-item\">\n<div class=\"routine-image\"><img loading=\"lazy\" decoding=\"async\" class=\"w-100 alignleft\" src=\"https:\/\/cosmocosmetics.ae\/cdn\/shop\/files\/New_Project.png?v=1723805307\" alt=\"\" width=\"160\" height=\"160\" \/><\/p>\n<div class=\"routine-middle col-md-12\">\n<p>&nbsp;<\/p>\n<p class=\"routine-step\"><span dir=\"auto\">PASO 1: Aplicar acondicionador<\/span><\/p>\n<div class=\"routine-copy\"><span dir=\"auto\">Aplique una cantidad generosa de acondicionador sobre el cabello mojado.<\/span><\/div>\n<\/div>\n<\/div>\n<\/div>\n<\/div>\n<\/div>\n<div class=\"col-12 product-routine-custom-line\">\n<div class=\"content-asset\">\n<div class=\"routine-item\">\n<div class=\"routine-image\"><img loading=\"lazy\" decoding=\"async\" class=\"w-100 alignleft\" src=\"https:\/\/cosmocosmetics.ae\/cdn\/shop\/files\/New_Project_1.png?v=1723805378\" alt=\"\" width=\"160\" height=\"160\" \/><\/p>\n<div class=\"routine-middle col-md-12\">\n<p>&nbsp;<\/p>\n<p class=\"routine-step\"><span dir=\"auto\">PASO 2: Masajear y trabajar<\/span><\/p>\n<div class=\"routine-copy\"><span dir=\"auto\">Masajee suavemente el cuero cabelludo y las ra\u00edces con las yemas de los dedos para que el acondicionador penetre.<\/span><\/div>\n<\/div>\n<\/div>\n<\/div>\n<\/div>\n<\/div>\n<div class=\"col-12 product-routine-custom-line\">\n<div class=\"content-asset\">\n<div class=\"routine-item\">\n<div class=\"routine-image\"><img loading=\"lazy\" decoding=\"async\" class=\"w-100 alignleft\" src=\"https:\/\/cosmocosmetics.ae\/cdn\/shop\/files\/New_Project_3.png?v=1723805466\" alt=\"\" width=\"160\" height=\"160\" \/><\/p>\n<div class=\"routine-middle col-md-12\">\n<p>&nbsp;<\/p>\n<p class=\"routine-step\"><span dir=\"auto\">PASO 3: Enjuague<\/span><\/p>\n<div class=\"routine-copy\"><span dir=\"auto\">Exprime ligeramente el acondicionador desde la ra\u00edz hasta las puntas y enjuaga bien.<\/span><\/div>\n<\/div>\n<div><\/div>\n<\/div>\n<\/div>\n<\/div>\n<\/div>\n<\/div>\n<\/div>\n<\/div>\n<div class=\"experience-component experience-dynamic-productIngredients\">\n<div id=\"productIngredients\" class=\"container product-ingredients mt-3\">\n<div class=\"row\">\n<div class=\"col-12 col-md-7 mt-3 mt-md-0 ingredients-copy\">\n<div class=\"content-asset\">\n<h2><\/h2>\n<h4><span dir=\"auto\">TODOS LOS INGREDIENTES<\/span><\/h4>\n<p><span dir=\"auto\">A\u00f1adir leche de coco a tu rutina de cuidado capilar no solo restaura tu cabello y cuero cabelludo, sino que tambi\u00e9n nutre y protege el cabello da\u00f1a<\/span><img loading=\"lazy\" decoding=\"async\" class=\"w-100 alignleft\" src=\"https:\/\/cosmocosmetics.ae\/cdn\/shop\/files\/coconut.webp?v=1723803345\" width=\"180\" height=\"118\" \/>do del quiebre. Se cree que los nutrientes de la leche de coco mantienen el cabello sano y fuerte. La leche de coco es rica en vitamina C, vitamina E y vitamina B. Aviso legal: Ten en cuenta que las listas de ingredientes pueden variar ocasionalmente. Consulta la lista de ingredientes en el envase del producto para obtener la lista m\u00e1s actualizada.<\/p>\n<\/div>\n<\/div>\n<\/div>\n<\/div>\n<\/div>\n","protected":false},"excerpt":{"rendered":"<p>COCONUT MILK HIDRATANTE El Acondicionador Hidratante de Leche de Coco COSMO es una soluci\u00f3n de lujo para cabello seco y<\/p>\n","protected":false},"featured_media":90042,"comment_status":"open","ping_status":"closed","template":"","meta":{"nf_dc_page":""},"product_brand":[103],"product_cat":[85],"product_tag":[],"class_list":{"0":"post-90041","1":"product","2":"type-product","3":"status-publish","4":"has-post-thumbnail","6":"product_brand-cosmo","7":"product_cat-cosmeticos","9":"first","10":"instock","11":"shipping-taxable","12":"purchasable","13":"product-type-simple"},"_links":{"self":[{"href":"https:\/\/brandss.com.py\/index\/wp-json\/wp\/v2\/product\/90041","targetHints":{"allow":["GET"]}}],"collection":[{"href":"https:\/\/brandss.com.py\/index\/wp-json\/wp\/v2\/product"}],"about":[{"href":"https:\/\/brandss.com.py\/index\/wp-json\/wp\/v2\/types\/product"}],"replies":[{"embeddable":true,"href":"https:\/\/brandss.com.py\/index\/wp-json\/wp\/v2\/comments?post=90041"}],"version-history":[{"count":1,"href":"https:\/\/brandss.com.py\/index\/wp-json\/wp\/v2\/product\/90041\/revisions"}],"predecessor-version":[{"id":90045,"href":"https:\/\/brandss.com.py\/index\/wp-json\/wp\/v2\/product\/90041\/revisions\/90045"}],"wp:featuredmedia":[{"embeddable":true,"href":"https:\/\/brandss.com.py\/index\/wp-json\/wp\/v2\/media\/90042"}],"wp:attachment":[{"href":"https:\/\/brandss.com.py\/index\/wp-json\/wp\/v2\/media?parent=90041"}],"wp:term":[{"taxonomy":"product_brand","embeddable":true,"href":"https:\/\/brandss.com.py\/index\/wp-json\/wp\/v2\/product_brand?post=90041"},{"taxonomy":"product_cat","embeddable":true,"href":"https:\/\/brandss.com.py\/index\/wp-json\/wp\/v2\/product_cat?post=90041"},{"taxonomy":"product_tag","embeddable":true,"href":"https:\/\/brandss.com.py\/index\/wp-json\/wp\/v2\/product_tag?post=90041"}],"curies":[{"name":"wp","href":"https:\/\/api.w.org\/{rel}","templated":true}]}}