{"id":90048,"date":"2025-09-09T11:19:01","date_gmt":"2025-09-09T11:19:01","guid":{"rendered":"https:\/\/brandss.com.py\/index\/?post_type=product&#038;p=90048"},"modified":"2025-09-09T11:19:31","modified_gmt":"2025-09-09T11:19:31","slug":"tratamiento-capilar-cosmo-hot-oil-garlic-pro-vitamin-b5-1000ml","status":"publish","type":"product","link":"https:\/\/brandss.com.py\/index\/producto\/tratamiento-capilar-cosmo-hot-oil-garlic-pro-vitamin-b5-1000ml\/","title":{"rendered":"TRATAMIENTO CAPILAR COSMO HOT OIL GARLIC &amp; PRO-VITAMIN B5 1000ML"},"content":{"rendered":"<p><img loading=\"lazy\" decoding=\"async\" class=\"\" src=\"https:\/\/cosmocosmetics.ae\/cdn\/shop\/files\/logo-cosmo-regeister.png?v=1729761767&amp;width=340\" width=\"170\" height=\"36\" \/><\/p>\n<h1>HOT OIL GARLIC &amp; PRO-VITAMIN B5<\/h1>\n<p>&nbsp;<\/p>\n<p>Esta potente crema de tratamiento con aceite caliente, enriquecida con extracto de ajo y provitamina B5, est\u00e1 dise\u00f1ada para nutrir y fortalecer profundamente el cabello desde la ra\u00edz hasta las puntas. El ajo ayuda a estimular los fol\u00edculos pilosos, reduciendo la ca\u00edda del cabello y promoviendo un crecimiento saludable, mientras que la provitamina B5 hidrata y repara el cabello da\u00f1ado. Su f\u00f3rmula activada por calor revitaliza el cabello opaco y seco, dej\u00e1ndolo suave, brillante y lleno de vida.<\/p>\n<div class=\"col-12 col-md-8 description-text\">\n<div class=\"metafield-rich_text_field\">\n<h4><span dir=\"auto\">CARACTER\u00cdSTICAS<\/span><\/h4>\n<ul>\n<li><span dir=\"auto\">\u00a0El extracto de ajo fortalece el cabello y estimula el crecimiento.<\/span><\/li>\n<li><span dir=\"auto\">La provitamina B5 hidrata profundamente y repara el cabello da\u00f1ado.<\/span><\/li>\n<li><span dir=\"auto\">Tratamiento activado por calor para una nutrici\u00f3n intensa.<\/span><\/li>\n<li><span dir=\"auto\">Reduce la ca\u00edda del cabello, aporta brillo y mejora la textura del cabello.<\/span>\n<p><img decoding=\"async\" class=\"alignleft\" src=\"https:\/\/cosmocosmetics.ae\/cdn\/shop\/files\/New_Project_25_64x64.png?v=1723527115\" \/>&nbsp;<\/p>\n<p><img decoding=\"async\" class=\"alignleft\" src=\"https:\/\/cosmocosmetics.ae\/cdn\/shop\/files\/New_Project_23_64x64.png?v=1723528105\" \/>&nbsp;<\/p>\n<p><img decoding=\"async\" src=\"https:\/\/cosmocosmetics.ae\/cdn\/shop\/files\/New_Project_24_64x64.png?v=1723528130\" \/><\/li>\n<\/ul>\n<\/div>\n<\/div>\n<div class=\"col-12 col-md-4 description-icon\">\n<div class=\"content-asset\"><\/div>\n<\/div>\n","protected":false},"excerpt":{"rendered":"<p>HOT OIL GARLIC &amp; PRO-VITAMIN B5 &nbsp; Esta potente crema de tratamiento con aceite caliente, enriquecida con extracto de ajo<\/p>\n","protected":false},"featured_media":90049,"comment_status":"open","ping_status":"closed","template":"","meta":{"nf_dc_page":""},"product_brand":[103],"product_cat":[85],"product_tag":[],"class_list":{"0":"post-90048","1":"product","2":"type-product","3":"status-publish","4":"has-post-thumbnail","6":"product_brand-cosmo","7":"product_cat-cosmeticos","9":"first","10":"instock","11":"shipping-taxable","12":"purchasable","13":"product-type-simple"},"_links":{"self":[{"href":"https:\/\/brandss.com.py\/index\/wp-json\/wp\/v2\/product\/90048","targetHints":{"allow":["GET"]}}],"collection":[{"href":"https:\/\/brandss.com.py\/index\/wp-json\/wp\/v2\/product"}],"about":[{"href":"https:\/\/brandss.com.py\/index\/wp-json\/wp\/v2\/types\/product"}],"replies":[{"embeddable":true,"href":"https:\/\/brandss.com.py\/index\/wp-json\/wp\/v2\/comments?post=90048"}],"version-history":[{"count":1,"href":"https:\/\/brandss.com.py\/index\/wp-json\/wp\/v2\/product\/90048\/revisions"}],"predecessor-version":[{"id":90051,"href":"https:\/\/brandss.com.py\/index\/wp-json\/wp\/v2\/product\/90048\/revisions\/90051"}],"wp:featuredmedia":[{"embeddable":true,"href":"https:\/\/brandss.com.py\/index\/wp-json\/wp\/v2\/media\/90049"}],"wp:attachment":[{"href":"https:\/\/brandss.com.py\/index\/wp-json\/wp\/v2\/media?parent=90048"}],"wp:term":[{"taxonomy":"product_brand","embeddable":true,"href":"https:\/\/brandss.com.py\/index\/wp-json\/wp\/v2\/product_brand?post=90048"},{"taxonomy":"product_cat","embeddable":true,"href":"https:\/\/brandss.com.py\/index\/wp-json\/wp\/v2\/product_cat?post=90048"},{"taxonomy":"product_tag","embeddable":true,"href":"https:\/\/brandss.com.py\/index\/wp-json\/wp\/v2\/product_tag?post=90048"}],"curies":[{"name":"wp","href":"https:\/\/api.w.org\/{rel}","templated":true}]}}