{"id":90052,"date":"2025-09-09T11:40:22","date_gmt":"2025-09-09T11:40:22","guid":{"rendered":"https:\/\/brandss.com.py\/index\/?post_type=product&#038;p=90052"},"modified":"2025-09-09T11:40:59","modified_gmt":"2025-09-09T11:40:59","slug":"tratamiento-capilar-cosmo-hot-oil-moroccan-argan-omega-6-9-1000ml","status":"publish","type":"product","link":"https:\/\/brandss.com.py\/index\/producto\/tratamiento-capilar-cosmo-hot-oil-moroccan-argan-omega-6-9-1000ml\/","title":{"rendered":"TRATAMIENTO CAPILAR COSMO HOT OIL MOROCCAN ARGAN OMEGA 6 &amp; 9 1000ML"},"content":{"rendered":"<p><img loading=\"lazy\" decoding=\"async\" class=\"\" src=\"https:\/\/cosmocosmetics.ae\/cdn\/shop\/files\/logo-cosmo-regeister.png?v=1729761767&amp;width=340\" width=\"194\" height=\"41\" \/><\/p>\n<h1>HOT OIL MOROCCAN ARGAN OMEGA 6 &amp; 9<\/h1>\n<p>Enriquecida con el poder nutritivo del aceite de arg\u00e1n marroqu\u00ed, esta crema capilar de aceite caliente revitaliza el cabello seco y da\u00f1ado. El aceite de arg\u00e1n, rico en \u00e1cidos grasos esenciales y vitamina E, hidrata profundamente, suaviza el encrespamiento y aporta brillo natural. Su f\u00f3rmula activada por calor penetra en la cut\u00edcula capilar, fortaleciendo y revitalizando cada hebra desde la ra\u00edz hasta las puntas, dejando el cabello suave, sedoso y m\u00e1s manejable.<\/p>\n<div class=\"col-12 col-md-8 description-text\">\n<div class=\"metafield-rich_text_field\">\n<h4><span dir=\"auto\">CARACTER\u00cdSTICAS<\/span><\/h4>\n<p>&nbsp;<\/p>\n<ul>\n<li><span dir=\"auto\">Aceite de arg\u00e1n marroqu\u00ed para una hidrataci\u00f3n profunda y brillo.<\/span><\/li>\n<li><span dir=\"auto\">Repara y fortalece el cabello da\u00f1ado.<\/span><\/li>\n<li><span dir=\"auto\">Activado por calor para una penetraci\u00f3n m\u00e1s profunda.<\/span><\/li>\n<li><span dir=\"auto\">Controla el frizz y mejora la manejabilidad.<\/span><br \/>\n<img decoding=\"async\" class=\"alignleft\" src=\"https:\/\/cosmocosmetics.ae\/cdn\/shop\/files\/New_Project_25_64x64.png?v=1723527115\" \/>&nbsp;<\/p>\n<p><img decoding=\"async\" class=\"alignleft\" src=\"https:\/\/cosmocosmetics.ae\/cdn\/shop\/files\/New_Project_23_64x64.png?v=1723528105\" \/>&nbsp;<\/p>\n<p><img decoding=\"async\" src=\"https:\/\/cosmocosmetics.ae\/cdn\/shop\/files\/New_Project_24_64x64.png?v=1723528130\" \/><\/li>\n<\/ul>\n<\/div>\n<\/div>\n<div class=\"col-12 col-md-4 description-icon\">\n<div class=\"content-asset\"><\/div>\n<\/div>\n","protected":false},"excerpt":{"rendered":"<p>HOT OIL MOROCCAN ARGAN OMEGA 6 &amp; 9 Enriquecida con el poder nutritivo del aceite de arg\u00e1n marroqu\u00ed, esta crema<\/p>\n","protected":false},"featured_media":90053,"comment_status":"open","ping_status":"closed","template":"","meta":{"nf_dc_page":""},"product_brand":[103],"product_cat":[85],"product_tag":[],"class_list":{"0":"post-90052","1":"product","2":"type-product","3":"status-publish","4":"has-post-thumbnail","6":"product_brand-cosmo","7":"product_cat-cosmeticos","9":"first","10":"instock","11":"shipping-taxable","12":"purchasable","13":"product-type-simple"},"_links":{"self":[{"href":"https:\/\/brandss.com.py\/index\/wp-json\/wp\/v2\/product\/90052","targetHints":{"allow":["GET"]}}],"collection":[{"href":"https:\/\/brandss.com.py\/index\/wp-json\/wp\/v2\/product"}],"about":[{"href":"https:\/\/brandss.com.py\/index\/wp-json\/wp\/v2\/types\/product"}],"replies":[{"embeddable":true,"href":"https:\/\/brandss.com.py\/index\/wp-json\/wp\/v2\/comments?post=90052"}],"version-history":[{"count":1,"href":"https:\/\/brandss.com.py\/index\/wp-json\/wp\/v2\/product\/90052\/revisions"}],"predecessor-version":[{"id":90055,"href":"https:\/\/brandss.com.py\/index\/wp-json\/wp\/v2\/product\/90052\/revisions\/90055"}],"wp:featuredmedia":[{"embeddable":true,"href":"https:\/\/brandss.com.py\/index\/wp-json\/wp\/v2\/media\/90053"}],"wp:attachment":[{"href":"https:\/\/brandss.com.py\/index\/wp-json\/wp\/v2\/media?parent=90052"}],"wp:term":[{"taxonomy":"product_brand","embeddable":true,"href":"https:\/\/brandss.com.py\/index\/wp-json\/wp\/v2\/product_brand?post=90052"},{"taxonomy":"product_cat","embeddable":true,"href":"https:\/\/brandss.com.py\/index\/wp-json\/wp\/v2\/product_cat?post=90052"},{"taxonomy":"product_tag","embeddable":true,"href":"https:\/\/brandss.com.py\/index\/wp-json\/wp\/v2\/product_tag?post=90052"}],"curies":[{"name":"wp","href":"https:\/\/api.w.org\/{rel}","templated":true}]}}