{"id":90065,"date":"2025-09-09T12:39:49","date_gmt":"2025-09-09T12:39:49","guid":{"rendered":"https:\/\/brandss.com.py\/index\/?post_type=product&#038;p=90065"},"modified":"2025-09-09T12:40:32","modified_gmt":"2025-09-09T12:40:32","slug":"tratamiento-capilar-cosmo-hot-oil-keratin-smooth-3-en-1-1000ml","status":"publish","type":"product","link":"https:\/\/brandss.com.py\/index\/producto\/tratamiento-capilar-cosmo-hot-oil-keratin-smooth-3-en-1-1000ml\/","title":{"rendered":"TRATAMIENTO CAPILAR COSMO HOT OIL KERATIN SMOOTH 3 EN 1 1000ML"},"content":{"rendered":"<p><img loading=\"lazy\" decoding=\"async\" class=\"\" src=\"https:\/\/cosmocosmetics.ae\/cdn\/shop\/files\/logo-cosmo-regeister.png?v=1729761767&amp;width=340\" width=\"146\" height=\"31\" \/><\/p>\n<h1>HOT OIL KERATIN SMOOTH 3 EN 1<\/h1>\n<p><span dir=\"auto\">La Crema de Tratamiento con Aceite Caliente de Keratina COSMO ofrece una experiencia capilar de alta calidad, dise\u00f1ada para cabello fr\u00e1gil, da\u00f1ado y propenso a la rotura. Enriquecida con keratina e ingredientes altamente nutritivos, este tratamiento intensivo penetra en el tallo capilar para brindar una hidrataci\u00f3n profunda y restaurar la vitalidad. Act\u00faa suavizando, fortaleciendo y reparando, ayudando a minimizar la rotura y a aumentar la resistencia del cabello al estr\u00e9s futuro. Perfecta para lograr un cuidado profesional en casa, deja el cabello con una sensaci\u00f3n de suavidad aterciopelada, visiblemente m\u00e1s saludable y notablemente m\u00e1s fuerte con el uso continuo.<\/span><\/p>\n<h5><span dir=\"auto\">Caracter\u00edsticas y beneficios clave:<\/span><\/h5>\n<ul>\n<li><span dir=\"auto\">Enriquecido con queratina para reparar y fortalecer el cabello d\u00e9bil y da\u00f1ado.<\/span><\/li>\n<li><span dir=\"auto\">Proporciona hidrataci\u00f3n profunda y revitalizaci\u00f3n para restaurar la salud del cabello.<\/span><\/li>\n<li><span dir=\"auto\">Reduce las roturas y mejora la resistencia del cabello para prevenir la ca\u00edda del cabello.<\/span><\/li>\n<li><span dir=\"auto\">Suaviza y revitaliza el cabello da\u00f1ado, realzando el brillo y la suavidad.<\/span><\/li>\n<li><span dir=\"auto\">Ofrece resultados instant\u00e1neos dignos de un sal\u00f3n con una f\u00f3rmula f\u00e1cil de usar.<\/span><\/li>\n<li><span dir=\"auto\">Adecuado para todo tipo de cabello y suave para el cuero cabelludo.<\/span><\/li>\n<\/ul>\n<h5><span dir=\"auto\">Como utilizar<\/span><\/h5>\n<div id=\"Product-content-fc2ce0a1-b5f8-4a10-bb43-fdf7bcd39a8a15059845120265\" class=\"collapsible-content collapsible-content--all is-open\">\n<div class=\"collapsible-content__inner rte\">\n<p><span dir=\"auto\">1. Agite suavemente el frasco de perfume antes de cada uso para asegurar una correcta mezcla de la fragancia.<\/span><br \/>\n<span dir=\"auto\">2. Retire la tapa o la boquilla del pulverizador y sostenga el frasco aproximadamente a 15-20 cm de su piel.<\/span><br \/>\n<span dir=\"auto\">3. Roc\u00ede el perfume en sus puntos de pulso o aplique unas gotas con las yemas de los dedos.<\/span><br \/>\n<span dir=\"auto\">4. Deje que el perfume se seque naturalmente sin frotar.<\/span><br \/>\n<span dir=\"auto\">5. Para un aroma m\u00e1s duradero, considere combinarlo con lociones o cremas corporales perfumadas.<\/span><br \/>\n<span dir=\"auto\">6. Guarde el perfume en un lugar fresco y seco, alejado de la luz solar directa y temperaturas extremas.<\/span><br \/>\n<span dir=\"auto\">7. Vuelva a aplicarlo seg\u00fan lo desee a lo largo del d\u00eda para mantener la frescura de la fragancia. \u00a1<\/span><\/p>\n<p><span dir=\"auto\">Disfrute del encantador aroma!<\/span><\/p>\n<p><span dir=\"auto\">Advertencia: Solo para uso externo. Evite el contacto con los ojos. En caso de contacto con los ojos, enjuague inmediatamente con abundante agua. Mant\u00e9ngase fuera del alcance de los ni\u00f1os.<\/span><\/p>\n<p><span dir=\"auto\">Descargo de responsabilidad: Los resultados individuales pueden variar. Siempre pruebe en un \u00e1rea peque\u00f1a antes de usar cualquier producto nuevo, especialmente si tiene piel sensible o alergias. El fabricante y el vendedor no son responsables de ninguna reacci\u00f3n adversa, da\u00f1o u otros problemas resultantes del uso de este producto.<\/span><\/p>\n<\/div>\n<\/div>\n","protected":false},"excerpt":{"rendered":"<p>HOT OIL KERATIN SMOOTH 3 EN 1 La Crema de Tratamiento con Aceite Caliente de Keratina COSMO ofrece una experiencia<\/p>\n","protected":false},"featured_media":90066,"comment_status":"open","ping_status":"closed","template":"","meta":{"nf_dc_page":""},"product_brand":[103],"product_cat":[85],"product_tag":[],"class_list":{"0":"post-90065","1":"product","2":"type-product","3":"status-publish","4":"has-post-thumbnail","6":"product_brand-cosmo","7":"product_cat-cosmeticos","9":"first","10":"instock","11":"shipping-taxable","12":"purchasable","13":"product-type-simple"},"_links":{"self":[{"href":"https:\/\/brandss.com.py\/index\/wp-json\/wp\/v2\/product\/90065","targetHints":{"allow":["GET"]}}],"collection":[{"href":"https:\/\/brandss.com.py\/index\/wp-json\/wp\/v2\/product"}],"about":[{"href":"https:\/\/brandss.com.py\/index\/wp-json\/wp\/v2\/types\/product"}],"replies":[{"embeddable":true,"href":"https:\/\/brandss.com.py\/index\/wp-json\/wp\/v2\/comments?post=90065"}],"version-history":[{"count":1,"href":"https:\/\/brandss.com.py\/index\/wp-json\/wp\/v2\/product\/90065\/revisions"}],"predecessor-version":[{"id":90068,"href":"https:\/\/brandss.com.py\/index\/wp-json\/wp\/v2\/product\/90065\/revisions\/90068"}],"wp:featuredmedia":[{"embeddable":true,"href":"https:\/\/brandss.com.py\/index\/wp-json\/wp\/v2\/media\/90066"}],"wp:attachment":[{"href":"https:\/\/brandss.com.py\/index\/wp-json\/wp\/v2\/media?parent=90065"}],"wp:term":[{"taxonomy":"product_brand","embeddable":true,"href":"https:\/\/brandss.com.py\/index\/wp-json\/wp\/v2\/product_brand?post=90065"},{"taxonomy":"product_cat","embeddable":true,"href":"https:\/\/brandss.com.py\/index\/wp-json\/wp\/v2\/product_cat?post=90065"},{"taxonomy":"product_tag","embeddable":true,"href":"https:\/\/brandss.com.py\/index\/wp-json\/wp\/v2\/product_tag?post=90065"}],"curies":[{"name":"wp","href":"https:\/\/api.w.org\/{rel}","templated":true}]}}