{"id":90073,"date":"2025-09-09T13:07:36","date_gmt":"2025-09-09T13:07:36","guid":{"rendered":"https:\/\/brandss.com.py\/index\/?post_type=product&#038;p=90073"},"modified":"2025-09-09T13:08:06","modified_gmt":"2025-09-09T13:08:06","slug":"gel-de-ducha-corporal-cosmo-temptation-strawberry-1000ml","status":"publish","type":"product","link":"https:\/\/brandss.com.py\/index\/producto\/gel-de-ducha-corporal-cosmo-temptation-strawberry-1000ml\/","title":{"rendered":"GEL DE DUCHA CORPORAL COSMO TEMPTATION STRAWBERRY 1000ML"},"content":{"rendered":"<p><img loading=\"lazy\" decoding=\"async\" class=\"\" src=\"https:\/\/cosmocosmetics.ae\/cdn\/shop\/files\/logo-cosmo-regeister.png?v=1729761767&amp;width=340\" width=\"246\" height=\"52\" \/><\/p>\n<h1>TEMPTATION STRAWBERRY<\/h1>\n<p>Del\u00e9itate con el dulce y delicioso aroma del Gel de Ducha COSMO Temptation en Fresa. Enriquecido con la esencia natural de fresa, este gel a\u00f1ade un toque divertido e irresistible a tu rutina de ducha. Su lujosa espuma no solo estimula tus sentidos, sino que tambi\u00e9n deja tu piel suave, limpia y fresca. Enriquecido con ingredientes naturales, proporciona beneficios hidratantes y revitalizantes sin qu\u00edmicos agresivos ni fragancias sint\u00e9ticas. Dermatol\u00f3gicamente probado, sin crueldad animal y apto para veganos, este gel de ducha es perfecto para consumidores conscientes. \u00dasalo como gel de ducha o ba\u00f1o de burbujas para disfrutar de una experiencia exquisita y arom\u00e1tica.<\/p>\n<div class=\"experience-component experience-dynamic-productLongDescription\">\n<div id=\"longDescription\" class=\"container product-long-description\">\n<div class=\"row\">\n<div class=\"col-12 col-md-8 description-text\">\n<div class=\"metafield-rich_text_field\">\n<h5><span dir=\"auto\">CARACTER\u00cdSTICAS<\/span><\/h5>\n<ul>\n<li><span dir=\"auto\">Dulce fragancia de fresa para una experiencia de ducha tentadora.<\/span><\/li>\n<li><span dir=\"auto\">Enriquecido con ingredientes naturales que nutren e hidratan la piel.<\/span><\/li>\n<li><span dir=\"auto\">F\u00f3rmula suave y delicada, libre de qu\u00edmicos agresivos y fragancias sint\u00e9ticas.<\/span><\/li>\n<li><span dir=\"auto\">Dermatol\u00f3gicamente probado, libre de crueldad animal y apto para veganos.<\/span><\/li>\n<li><span dir=\"auto\">Se puede utilizar como gel de ducha o ba\u00f1o de burbujas para una experiencia de lujo.<\/span><\/li>\n<\/ul>\n<\/div>\n<\/div>\n<div class=\"col-12 col-md-4 description-icon\">\n<div class=\"content-asset\"><\/div>\n<\/div>\n<\/div>\n<\/div>\n<\/div>\n<div class=\"experience-component experience-dynamic-productIngredients\">\n<div id=\"productIngredients\" class=\"container product-ingredients mt-3\">\n<div class=\"row\">\n<div class=\"col-12 col-md-7 mt-3 mt-md-0 ingredients-copy\">\n<div class=\"content-asset\">\n<h5><span dir=\"auto\">TODOS LOS INGREDIENTES<\/span><\/h5>\n<p><img loading=\"lazy\" decoding=\"async\" class=\"w-100 alignleft\" src=\"https:\/\/cosmocosmetics.ae\/cdn\/shop\/files\/Face-Wash-150ml-75ml-strawberry_c2ac9551-7791-48e6-9079-979742986a1e.webp?v=1724221315\" width=\"212\" height=\"104\" \/><br \/>\n<span dir=\"auto\">Con extracto de fresa que ayuda a revitalizar e iluminar la piel.<\/span><\/p>\n<\/div>\n<\/div>\n<\/div>\n<\/div>\n<\/div>\n","protected":false},"excerpt":{"rendered":"<p>TEMPTATION STRAWBERRY Del\u00e9itate con el dulce y delicioso aroma del Gel de Ducha COSMO Temptation en Fresa. Enriquecido con la<\/p>\n","protected":false},"featured_media":90074,"comment_status":"open","ping_status":"closed","template":"","meta":{"nf_dc_page":""},"product_brand":[103],"product_cat":[94],"product_tag":[],"class_list":{"0":"post-90073","1":"product","2":"type-product","3":"status-publish","4":"has-post-thumbnail","6":"product_brand-cosmo","7":"product_cat-higiene-personal","9":"first","10":"instock","11":"shipping-taxable","12":"purchasable","13":"product-type-simple"},"_links":{"self":[{"href":"https:\/\/brandss.com.py\/index\/wp-json\/wp\/v2\/product\/90073","targetHints":{"allow":["GET"]}}],"collection":[{"href":"https:\/\/brandss.com.py\/index\/wp-json\/wp\/v2\/product"}],"about":[{"href":"https:\/\/brandss.com.py\/index\/wp-json\/wp\/v2\/types\/product"}],"replies":[{"embeddable":true,"href":"https:\/\/brandss.com.py\/index\/wp-json\/wp\/v2\/comments?post=90073"}],"version-history":[{"count":1,"href":"https:\/\/brandss.com.py\/index\/wp-json\/wp\/v2\/product\/90073\/revisions"}],"predecessor-version":[{"id":90077,"href":"https:\/\/brandss.com.py\/index\/wp-json\/wp\/v2\/product\/90073\/revisions\/90077"}],"wp:featuredmedia":[{"embeddable":true,"href":"https:\/\/brandss.com.py\/index\/wp-json\/wp\/v2\/media\/90074"}],"wp:attachment":[{"href":"https:\/\/brandss.com.py\/index\/wp-json\/wp\/v2\/media?parent=90073"}],"wp:term":[{"taxonomy":"product_brand","embeddable":true,"href":"https:\/\/brandss.com.py\/index\/wp-json\/wp\/v2\/product_brand?post=90073"},{"taxonomy":"product_cat","embeddable":true,"href":"https:\/\/brandss.com.py\/index\/wp-json\/wp\/v2\/product_cat?post=90073"},{"taxonomy":"product_tag","embeddable":true,"href":"https:\/\/brandss.com.py\/index\/wp-json\/wp\/v2\/product_tag?post=90073"}],"curies":[{"name":"wp","href":"https:\/\/api.w.org\/{rel}","templated":true}]}}