{"id":90078,"date":"2025-09-09T13:27:49","date_gmt":"2025-09-09T13:27:49","guid":{"rendered":"https:\/\/brandss.com.py\/index\/?post_type=product&#038;p=90078"},"modified":"2025-09-09T13:30:09","modified_gmt":"2025-09-09T13:30:09","slug":"gel-de-ducha-corporal-cosmo-temptation-tropical-papaya-1000ml","status":"publish","type":"product","link":"https:\/\/brandss.com.py\/index\/producto\/gel-de-ducha-corporal-cosmo-temptation-tropical-papaya-1000ml\/","title":{"rendered":"GEL DE DUCHA CORPORAL COSMO TEMPTATION TROPICAL PAPAYA 1000ML"},"content":{"rendered":"<p><img loading=\"lazy\" decoding=\"async\" class=\"\" src=\"https:\/\/cosmocosmetics.ae\/cdn\/shop\/files\/logo-cosmo-regeister.png?v=1729761767&amp;width=340\" width=\"231\" height=\"49\" \/><\/p>\n<h1>TEMPTATION TROPICAL PAPAYA<\/h1>\n<p><span dir=\"auto\">Disfrute de una experiencia de ducha tentadora con el gel de ducha Temptation de COSMO en sabor a papaya tropical. Enriquecido con extractos naturales de papaya, este gel ofrece una forma refrescante y revitalizante de limpiar y nutrir su piel. Su aroma tropical crea una atm\u00f3sfera vigorizante y lujosa que realza su rutina de ducha.<\/span><\/p>\n<p><span dir=\"auto\">El gel de ducha Temptation de COSMO en sabor a papaya tropical cuenta con una f\u00f3rmula hidratante y nutritiva que limpia suavemente su piel a la vez que proporciona una hidrataci\u00f3n profunda. Crea espuma f\u00e1cilmente, dejando una textura lujosa y cremosa que se siente incre\u00edble en su piel. Adem\u00e1s, no contiene qu\u00edmicos agresivos ni fragancias sint\u00e9ticas, lo que lo hace perfecto para pieles sensibles o secas.<\/span><\/p>\n<p><span dir=\"auto\">El rico aroma tropical de la papaya crea una atm\u00f3sfera vibrante y refrescante, permiti\u00e9ndole llevar su experiencia de ducha al siguiente nivel. Su dulce fragancia mejora su estado de \u00e1nimo al instante, dej\u00e1ndole una sensaci\u00f3n de energ\u00eda y revitalizaci\u00f3n. Es perfecto para quienes buscan un extra de energ\u00eda para comenzar el d\u00eda sinti\u00e9ndose renovados.<\/span><\/p>\n<p><span dir=\"auto\">Para usar el Gel de Ducha Temptation de COSMO, simplemente aplica una peque\u00f1a cantidad sobre la piel h\u00fameda, haz espuma y enjuaga para disfrutar de una experiencia de ducha suave y refrescante. Tambi\u00e9n puedes usarlo como ba\u00f1o de burbujas para una experiencia exquisita y arom\u00e1tica que mimar\u00e1 y nutrir\u00e1 tu piel.<\/span><\/p>\n<h5><span dir=\"auto\">CARACTER\u00cdSTICAS<\/span><\/h5>\n<ul>\n<li><span dir=\"auto\">Enriquecido con extractos naturales de papaya para hidrataci\u00f3n y nutrici\u00f3n.<\/span><\/li>\n<li><span dir=\"auto\">Libre de qu\u00edmicos, adecuado para pieles sensibles y secas.<\/span><\/li>\n<li><span dir=\"auto\">Forma una espuma rica y cremosa que deja una sensaci\u00f3n de lujo.<\/span><\/li>\n<li><span dir=\"auto\">Vers\u00e1til tanto como gel de ducha como ba\u00f1o de burbujas para una experiencia similar a la de un spa.<\/span><\/li>\n<\/ul>\n<h3 class=\"title-heading\"><span dir=\"auto\">beneficios clave<\/span><\/h3>\n<p><img loading=\"lazy\" decoding=\"async\" class=\"alignleft\" src=\"https:\/\/cdn.shopify.com\/s\/files\/1\/0717\/3334\/6626\/files\/top-single-papaya_640ef074-62c9-4e6f-b0c0-f5673403300f.png?v=1678079177\" width=\"160\" height=\"148\" \/><\/p>\n<p><img loading=\"lazy\" decoding=\"async\" class=\"alignleft\" src=\"https:\/\/cdn.shopify.com\/s\/files\/1\/0717\/3334\/6626\/files\/body-top-2.png?v=1677757290\" width=\"160\" height=\"153\" \/><\/p>\n<p><img loading=\"lazy\" decoding=\"async\" class=\"\" src=\"https:\/\/cdn.shopify.com\/s\/files\/1\/0717\/3334\/6626\/files\/body-top3.png?v=1677757290\" width=\"160\" height=\"153\" \/><\/p>\n<p class=\"text-center\"><span dir=\"auto\">Limpia suavemente, dejando la piel tersa y suave.<\/span><\/p>\n<h5 class=\"title-heading\"><span dir=\"auto\">INGREDIENTES CLAVE<\/span><\/h5>\n<div class=\"content-center\">\n<p><img loading=\"lazy\" decoding=\"async\" class=\"alignleft\" src=\"https:\/\/cdn.shopify.com\/s\/files\/1\/0717\/3334\/6626\/files\/Face-Wash-150ml-75ml-papaya_59308f79-8078-490c-9408-6cd9458b0529.jpg?v=1677226427\" width=\"180\" height=\"88\" \/><\/p>\n<p><span dir=\"auto\">Con extracto de papaya que ayuda a mejorar el tono de la piel e iluminar la tez.<\/span><\/p>\n<\/div>\n<p><img loading=\"lazy\" decoding=\"async\" class=\"\" src=\"https:\/\/cdn.shopify.com\/s\/files\/1\/0717\/3334\/6626\/files\/trophical-papaya.jpg?v=1678079176\" width=\"307\" height=\"140\" \/><\/p>\n<h3 class=\"title-heading\"><span dir=\"auto\">C\u00f3mo utilizar<\/span><\/h3>\n<p><img decoding=\"async\" src=\"https:\/\/cdn.shopify.com\/s\/files\/1\/0717\/3334\/6626\/files\/bottom_7886cc45-7bdd-4ff7-925f-a0dad1ed657d.png?v=1678079177\" \/><\/p>\n<div class=\"content-center\">\n<p class=\"text-center\"><span dir=\"auto\">Aplique una cantidad generosa de gel de ducha en las manos o en una esponja vegetal h\u00fameda. Forme una espuma abundante. Apl\u00edquelo suavemente sobre la piel h\u00fameda y luego enjuague.<\/span><\/p>\n<\/div>\n","protected":false},"excerpt":{"rendered":"<p>TEMPTATION TROPICAL PAPAYA Disfrute de una experiencia de ducha tentadora con el gel de ducha Temptation de COSMO en sabor<\/p>\n","protected":false},"featured_media":90079,"comment_status":"open","ping_status":"closed","template":"","meta":{"nf_dc_page":""},"product_brand":[103],"product_cat":[94],"product_tag":[],"class_list":{"0":"post-90078","1":"product","2":"type-product","3":"status-publish","4":"has-post-thumbnail","6":"product_brand-cosmo","7":"product_cat-higiene-personal","9":"first","10":"instock","11":"shipping-taxable","12":"purchasable","13":"product-type-simple"},"_links":{"self":[{"href":"https:\/\/brandss.com.py\/index\/wp-json\/wp\/v2\/product\/90078","targetHints":{"allow":["GET"]}}],"collection":[{"href":"https:\/\/brandss.com.py\/index\/wp-json\/wp\/v2\/product"}],"about":[{"href":"https:\/\/brandss.com.py\/index\/wp-json\/wp\/v2\/types\/product"}],"replies":[{"embeddable":true,"href":"https:\/\/brandss.com.py\/index\/wp-json\/wp\/v2\/comments?post=90078"}],"version-history":[{"count":2,"href":"https:\/\/brandss.com.py\/index\/wp-json\/wp\/v2\/product\/90078\/revisions"}],"predecessor-version":[{"id":90083,"href":"https:\/\/brandss.com.py\/index\/wp-json\/wp\/v2\/product\/90078\/revisions\/90083"}],"wp:featuredmedia":[{"embeddable":true,"href":"https:\/\/brandss.com.py\/index\/wp-json\/wp\/v2\/media\/90079"}],"wp:attachment":[{"href":"https:\/\/brandss.com.py\/index\/wp-json\/wp\/v2\/media?parent=90078"}],"wp:term":[{"taxonomy":"product_brand","embeddable":true,"href":"https:\/\/brandss.com.py\/index\/wp-json\/wp\/v2\/product_brand?post=90078"},{"taxonomy":"product_cat","embeddable":true,"href":"https:\/\/brandss.com.py\/index\/wp-json\/wp\/v2\/product_cat?post=90078"},{"taxonomy":"product_tag","embeddable":true,"href":"https:\/\/brandss.com.py\/index\/wp-json\/wp\/v2\/product_tag?post=90078"}],"curies":[{"name":"wp","href":"https:\/\/api.w.org\/{rel}","templated":true}]}}