{"id":90090,"date":"2025-09-09T14:19:14","date_gmt":"2025-09-09T14:19:14","guid":{"rendered":"https:\/\/brandss.com.py\/index\/?post_type=product&#038;p=90090"},"modified":"2025-09-09T14:20:16","modified_gmt":"2025-09-09T14:20:16","slug":"gel-de-ducha-corporal-cosmo-temptation-blueberry-1000ml","status":"publish","type":"product","link":"https:\/\/brandss.com.py\/index\/producto\/gel-de-ducha-corporal-cosmo-temptation-blueberry-1000ml\/","title":{"rendered":"GEL DE DUCHA CORPORAL COSMO TEMPTATION BLUEBERRY 1000ML"},"content":{"rendered":"<p><img loading=\"lazy\" decoding=\"async\" class=\"\" src=\"https:\/\/cosmocosmetics.ae\/cdn\/shop\/files\/logo-cosmo-regeister.png?v=1729761767&amp;width=340\" width=\"222\" height=\"47\" \/><\/p>\n<h1>TEMPTATION BLUEBERRY<\/h1>\n<p>Empieza el d\u00eda con el tentador y arom\u00e1tico Gel de Ducha COSMO Temptation en Ar\u00e1ndano. Enriquecido con extractos naturales de ar\u00e1ndano, este gel ofrece un aroma refrescante y una f\u00f3rmula hidratante para una experiencia de ducha placentera. Su f\u00f3rmula rica y nutritiva limpia suavemente e hidrata profundamente la piel, mientras que su cremosa espuma proporciona una sensaci\u00f3n lujosa y relajante. Sin qu\u00edmicos agresivos, es apto para pieles sensibles y secas. Su dulce fragancia a ar\u00e1ndano crea una atm\u00f3sfera revitalizante, elevando el \u00e1nimo y dej\u00e1ndote con energ\u00eda y frescura.<\/p>\n<p><span dir=\"auto\">El gel de ducha Temptation de COSMO en ar\u00e1ndano es un tentador y arom\u00e1tico gel de ducha que te dejar\u00e1 con una sensaci\u00f3n de frescura y energ\u00eda. Enriquecido con extractos naturales de ar\u00e1ndano, este gel de ducha es la manera perfecta de empezar el d\u00eda. Su refrescante aroma y f\u00f3rmula hidratante lo convierten en un imprescindible para quienes buscan una experiencia de ducha placentera.<\/span><\/p>\n<p><span dir=\"auto\">El gel de ducha Temptation de COSMO en ar\u00e1ndano presenta una f\u00f3rmula rica y nutritiva que limpia suavemente la piel a la vez que proporciona una hidrataci\u00f3n profunda. Crea espuma f\u00e1cilmente, dejando una textura lujosa y cremosa que se siente incre\u00edble en la piel. Adem\u00e1s, no contiene qu\u00edmicos agresivos ni ingredientes para el cuidado de la piel, lo que lo hace perfecto para pieles sensibles o secas.<\/span><\/p>\n<p><span dir=\"auto\">El aroma a ar\u00e1ndano crea una atm\u00f3sfera vibrante y estimulante, permiti\u00e9ndote llevar tu rutina de ducha al siguiente nivel. Su dulce fragancia mejora tu estado de \u00e1nimo al instante, dej\u00e1ndote con una sensaci\u00f3n de energ\u00eda y frescura. Es perfecto para quienes buscan un extra de energ\u00eda para empezar el d\u00eda sinti\u00e9ndose revitalizados.<\/span><\/p>\n<p><span dir=\"auto\">Para usar el Gel de Ducha Temptation de COSMO, simplemente aplica una peque\u00f1a cantidad sobre la piel h\u00fameda, haz espuma y enjuaga para disfrutar de una experiencia de ducha suave y refrescante. Tambi\u00e9n puedes usarlo como ba\u00f1o de burbujas para una experiencia exquisita y arom\u00e1tica que mimar\u00e1 y nutrir\u00e1 tu piel.<\/span><\/p>\n<p><span dir=\"auto\">Mejora tu rutina diaria de ducha con el Gel de Ducha Temptation de COSMO en Ar\u00e1ndano y disfruta del aroma tentador y revitalizante de los ar\u00e1ndanos frescos.<\/span><\/p>\n<h5><span dir=\"auto\">CARACTER\u00cdSTICAS<\/span><\/h5>\n<ul>\n<li><span dir=\"auto\">Infundido con extractos naturales de ar\u00e1ndanos para un aroma refrescante.<\/span><\/li>\n<li><span dir=\"auto\">F\u00f3rmula rica y nutritiva que hidrata y limpia la piel.<\/span><\/li>\n<li><span dir=\"auto\">Hace espuma f\u00e1cilmente para lograr una textura lujosa y cremosa.<\/span><\/li>\n<li><span dir=\"auto\">Libre de qu\u00edmicos agresivos, ideal para pieles sensibles y secas.<\/span><\/li>\n<li><span dir=\"auto\">Se puede utilizar como gel de ducha y ba\u00f1o de burbujas para una experiencia vers\u00e1til.<\/span><\/li>\n<\/ul>\n<h3 class=\"title-heading\"><span dir=\"auto\">beneficios clave<\/span><\/h3>\n<p><img loading=\"lazy\" decoding=\"async\" class=\"alignleft\" src=\"https:\/\/cdn.shopify.com\/s\/files\/1\/0717\/3334\/6626\/files\/top-single-blackberry.png?v=1678079177\" width=\"160\" height=\"148\" \/><\/p>\n<p><img loading=\"lazy\" decoding=\"async\" class=\"alignleft\" src=\"https:\/\/cdn.shopify.com\/s\/files\/1\/0717\/3334\/6626\/files\/body-top-2.png?v=1677757290\" width=\"160\" height=\"153\" \/><\/p>\n<p><img loading=\"lazy\" decoding=\"async\" class=\"\" src=\"https:\/\/cdn.shopify.com\/s\/files\/1\/0717\/3334\/6626\/files\/body-top3.png?v=1677757290\" width=\"160\" height=\"153\" \/><\/p>\n<p class=\"text-center\"><span dir=\"auto\">Limpia suavemente, dejando la piel tersa y suave.<\/span><\/p>\n<h5 class=\"title-heading\"><span dir=\"auto\">INGREDIENTES CLAVE<\/span><\/h5>\n<div class=\"content-center\"><img loading=\"lazy\" decoding=\"async\" class=\"alignleft\" src=\"https:\/\/cdn.shopify.com\/s\/files\/1\/0717\/3334\/6626\/files\/berry.png?v=1678078111\" width=\"175\" height=\"115\" \/>&nbsp;<\/p>\n<p><span dir=\"auto\">Con extracto de ar\u00e1ndano que ayuda a hidratar y proporcionar una piel saludable y brillante.<\/span><\/p>\n<\/div>\n<p><img loading=\"lazy\" decoding=\"async\" class=\"\" src=\"https:\/\/cdn.shopify.com\/s\/files\/1\/0717\/3334\/6626\/files\/blueberry.jpg?v=1678079176\" width=\"358\" height=\"163\" \/><\/p>\n<h5 class=\"title-heading\"><span dir=\"auto\">C\u00f3mo utilizar<\/span><\/h5>\n<p><img decoding=\"async\" src=\"https:\/\/cdn.shopify.com\/s\/files\/1\/0717\/3334\/6626\/files\/bottom_7886cc45-7bdd-4ff7-925f-a0dad1ed657d.png?v=1678079177\" \/><\/p>\n<div class=\"content-center\">\n<p class=\"text-center\"><span dir=\"auto\">Aplique una cantidad generosa de gel de ducha en las manos o en una esponja vegetal h\u00fameda. Forme una espuma abundante. Apl\u00edquelo suavemente sobre la piel h\u00fameda y luego enjuague.<\/span><\/p>\n<\/div>\n<p>&nbsp;<\/p>\n","protected":false},"excerpt":{"rendered":"<p>TEMPTATION BLUEBERRY Empieza el d\u00eda con el tentador y arom\u00e1tico Gel de Ducha COSMO Temptation en Ar\u00e1ndano. Enriquecido con extractos<\/p>\n","protected":false},"featured_media":90096,"comment_status":"open","ping_status":"closed","template":"","meta":{"nf_dc_page":""},"product_brand":[103],"product_cat":[94],"product_tag":[],"class_list":{"0":"post-90090","1":"product","2":"type-product","3":"status-publish","4":"has-post-thumbnail","6":"product_brand-cosmo","7":"product_cat-higiene-personal","9":"first","10":"instock","11":"shipping-taxable","12":"purchasable","13":"product-type-simple"},"_links":{"self":[{"href":"https:\/\/brandss.com.py\/index\/wp-json\/wp\/v2\/product\/90090","targetHints":{"allow":["GET"]}}],"collection":[{"href":"https:\/\/brandss.com.py\/index\/wp-json\/wp\/v2\/product"}],"about":[{"href":"https:\/\/brandss.com.py\/index\/wp-json\/wp\/v2\/types\/product"}],"replies":[{"embeddable":true,"href":"https:\/\/brandss.com.py\/index\/wp-json\/wp\/v2\/comments?post=90090"}],"version-history":[{"count":1,"href":"https:\/\/brandss.com.py\/index\/wp-json\/wp\/v2\/product\/90090\/revisions"}],"predecessor-version":[{"id":90099,"href":"https:\/\/brandss.com.py\/index\/wp-json\/wp\/v2\/product\/90090\/revisions\/90099"}],"wp:featuredmedia":[{"embeddable":true,"href":"https:\/\/brandss.com.py\/index\/wp-json\/wp\/v2\/media\/90096"}],"wp:attachment":[{"href":"https:\/\/brandss.com.py\/index\/wp-json\/wp\/v2\/media?parent=90090"}],"wp:term":[{"taxonomy":"product_brand","embeddable":true,"href":"https:\/\/brandss.com.py\/index\/wp-json\/wp\/v2\/product_brand?post=90090"},{"taxonomy":"product_cat","embeddable":true,"href":"https:\/\/brandss.com.py\/index\/wp-json\/wp\/v2\/product_cat?post=90090"},{"taxonomy":"product_tag","embeddable":true,"href":"https:\/\/brandss.com.py\/index\/wp-json\/wp\/v2\/product_tag?post=90090"}],"curies":[{"name":"wp","href":"https:\/\/api.w.org\/{rel}","templated":true}]}}