{"id":90113,"date":"2025-09-09T17:11:15","date_gmt":"2025-09-09T17:11:15","guid":{"rendered":"https:\/\/brandss.com.py\/index\/?post_type=product&#038;p=90113"},"modified":"2025-09-09T17:12:37","modified_gmt":"2025-09-09T17:12:37","slug":"tonico-limpiador-facial-cosmo-revitalizing-rose-250ml","status":"publish","type":"product","link":"https:\/\/brandss.com.py\/index\/producto\/tonico-limpiador-facial-cosmo-revitalizing-rose-250ml\/","title":{"rendered":"T\u00d3NICO LIMPIADOR FACIAL COSMO REVITALIZING ROSE 250ML"},"content":{"rendered":"<p><img loading=\"lazy\" decoding=\"async\" class=\"\" src=\"https:\/\/cosmocosmetics.ae\/cdn\/shop\/files\/logo-cosmo-regeister.png?v=1729761767&amp;width=340\" width=\"231\" height=\"49\" \/><\/p>\n<h1>REVITALIZING ROSE<\/h1>\n<p><span dir=\"auto\">El T\u00f3nico Limpiador Revitalizante de Rosa ofrece numerosos beneficios para tu piel. El extracto de rosa es conocido por sus propiedades hidratantes y calmantes, que ayudan a reponer la hidrataci\u00f3n y restaurar el equilibrio de la piel. Tambi\u00e9n ayuda a cerrar los poros, dejando la piel con una apariencia refinada y suave.<\/span><\/p>\n<p><span dir=\"auto\">Disfruta del poder rejuvenecedor de las rosas con nuestro T\u00f3nico Limpiador Revitalizante de Rosa. Elaborado con ingredientes naturales, incluyendo extracto de rosa, este t\u00f3nico est\u00e1 dise\u00f1ado para revitalizar tu piel y mantenerla con un aspecto fresco y saludable.<\/span><\/p>\n<p><span dir=\"auto\">Para aplicarlo, vierte una peque\u00f1a cantidad del T\u00f3nico Limpiador Revitalizante de Rosa en un disco de algod\u00f3n y p\u00e1salo suavemente por el rostro y el cuello. \u00dasalo dos veces al d\u00eda, ma\u00f1ana y noche, despu\u00e9s de limpiar la piel, para eliminar las impurezas restantes y preparar la piel para los siguientes pasos del cuidado facial.<\/span><\/p>\n<p><span dir=\"auto\">El uso regular de este t\u00f3nico puede mejorar la textura y el tono general de tu piel, promoviendo un aspecto m\u00e1s joven y revitalizado. Ayuda a preparar tu piel para una mejor absorci\u00f3n de s\u00e9rums e hidratantes, mejorando la eficacia de tu rutina de cuidado facial.<\/span><\/p>\n<p><span dir=\"auto\">Nuestro T\u00f3nico Limpiador Revitalizante de Rosas (250 ml) garantiza un uso duradero, permiti\u00e9ndote incorporar este lujoso paso a tu rutina diaria de cuidado de la piel. Consi\u00e9ntete con los beneficios de belleza de las rosas y experimenta sus efectos rejuvenecedores. Prueba hoy mismo nuestro T\u00f3nico Limpiador Revitalizante de Rosas y disfruta de una tez fresca y revitalizada.<\/span><\/p>\n<h5><span dir=\"auto\">CARACTER\u00cdSTICAS<\/span><\/h5>\n<ul>\n<li><span dir=\"auto\">Revitaliza la tez: el extracto de rosa repone la humedad y restablece el equilibrio para una apariencia fresca y radiante.<\/span><\/li>\n<li><span dir=\"auto\">Alivia la sequedad: proporciona hidrataci\u00f3n y confort a la piel seca e irritada.<\/span><\/li>\n<li><span dir=\"auto\">Suaviza la piel: cierra los poros y mejora la textura de la piel para una apariencia m\u00e1s suave y refinada.<\/span><\/li>\n<li><span dir=\"auto\">Mejora la rutina de cuidado de la piel: prepara la piel para una mejor absorci\u00f3n de sueros y humectantes.<\/span><\/li>\n<li><span dir=\"auto\">Uso diario: Adecuado para usar por la ma\u00f1ana y por la noche para mantener una tez sana y revitalizada.<\/span><\/li>\n<li><span dir=\"auto\">Larga duraci\u00f3n: la botella de 250 ml ofrece un uso prolongado para obtener beneficios consistentes en el cuidado de la piel.<\/span><\/li>\n<\/ul>\n<h5 class=\"title-heading\"><span dir=\"auto\">beneficios clave<\/span><\/h5>\n<p><img loading=\"lazy\" decoding=\"async\" class=\"alignleft\" src=\"https:\/\/cdn.shopify.com\/s\/files\/1\/0717\/3334\/6626\/files\/top-single-rose.png?v=1677569479\" width=\"160\" height=\"148\" \/><\/p>\n<p><img loading=\"lazy\" decoding=\"async\" class=\"alignleft\" src=\"https:\/\/cdn.shopify.com\/s\/files\/1\/0717\/3334\/6626\/files\/top-single-2.png?v=1677569479\" width=\"162\" height=\"150\" \/><\/p>\n<p><img loading=\"lazy\" decoding=\"async\" class=\"\" src=\"https:\/\/cdn.shopify.com\/s\/files\/1\/0717\/3334\/6626\/files\/top-single3.png?v=1677569478\" width=\"159\" height=\"147\" \/><\/p>\n<h5 class=\"title-heading\"><span dir=\"auto\">INGREDIENTES CLAVE<\/span><\/h5>\n<div class=\"content-center\"><img loading=\"lazy\" decoding=\"async\" class=\"alignleft\" src=\"https:\/\/cdn.shopify.com\/s\/files\/1\/0717\/3334\/6626\/files\/rose-extract.jpg?v=1677567310\" width=\"181\" height=\"89\" \/>&nbsp;<\/p>\n<p><span dir=\"auto\">El extracto de rosa ayuda a reducir los signos del envejecimiento, tonifica la piel y revela una piel radiante.<\/span><\/p>\n<\/div>\n<p><img decoding=\"async\" src=\"https:\/\/cdn.shopify.com\/s\/files\/1\/0717\/3334\/6626\/files\/cleansing-toner.png?v=1677569479\" \/><\/p>\n<h3 class=\"title-heading\"><span dir=\"auto\">C\u00f3mo utilizar<\/span><\/h3>\n<p><img decoding=\"async\" src=\"https:\/\/cdn.shopify.com\/s\/files\/1\/0717\/3334\/6626\/files\/cleansing-toner-bottom.png?v=1677569479\" \/><\/p>\n<p>&nbsp;<\/p>\n","protected":false},"excerpt":{"rendered":"<p>REVITALIZING ROSE El T\u00f3nico Limpiador Revitalizante de Rosa ofrece numerosos beneficios para tu piel. El extracto de rosa es conocido<\/p>\n","protected":false},"featured_media":90114,"comment_status":"open","ping_status":"closed","template":"","meta":{"nf_dc_page":""},"product_brand":[103],"product_cat":[104],"product_tag":[],"class_list":{"0":"post-90113","1":"product","2":"type-product","3":"status-publish","4":"has-post-thumbnail","6":"product_brand-cosmo","7":"product_cat-skin-care","9":"first","10":"instock","11":"shipping-taxable","12":"purchasable","13":"product-type-simple"},"_links":{"self":[{"href":"https:\/\/brandss.com.py\/index\/wp-json\/wp\/v2\/product\/90113","targetHints":{"allow":["GET"]}}],"collection":[{"href":"https:\/\/brandss.com.py\/index\/wp-json\/wp\/v2\/product"}],"about":[{"href":"https:\/\/brandss.com.py\/index\/wp-json\/wp\/v2\/types\/product"}],"replies":[{"embeddable":true,"href":"https:\/\/brandss.com.py\/index\/wp-json\/wp\/v2\/comments?post=90113"}],"version-history":[{"count":1,"href":"https:\/\/brandss.com.py\/index\/wp-json\/wp\/v2\/product\/90113\/revisions"}],"predecessor-version":[{"id":90116,"href":"https:\/\/brandss.com.py\/index\/wp-json\/wp\/v2\/product\/90113\/revisions\/90116"}],"wp:featuredmedia":[{"embeddable":true,"href":"https:\/\/brandss.com.py\/index\/wp-json\/wp\/v2\/media\/90114"}],"wp:attachment":[{"href":"https:\/\/brandss.com.py\/index\/wp-json\/wp\/v2\/media?parent=90113"}],"wp:term":[{"taxonomy":"product_brand","embeddable":true,"href":"https:\/\/brandss.com.py\/index\/wp-json\/wp\/v2\/product_brand?post=90113"},{"taxonomy":"product_cat","embeddable":true,"href":"https:\/\/brandss.com.py\/index\/wp-json\/wp\/v2\/product_cat?post=90113"},{"taxonomy":"product_tag","embeddable":true,"href":"https:\/\/brandss.com.py\/index\/wp-json\/wp\/v2\/product_tag?post=90113"}],"curies":[{"name":"wp","href":"https:\/\/api.w.org\/{rel}","templated":true}]}}