{"id":90121,"date":"2025-09-09T17:48:47","date_gmt":"2025-09-09T17:48:47","guid":{"rendered":"https:\/\/brandss.com.py\/index\/?post_type=product&#038;p=90121"},"modified":"2025-09-09T17:49:22","modified_gmt":"2025-09-09T17:49:22","slug":"locion-corporal-cosmo-beaute-rose-enchanting-1000ml","status":"publish","type":"product","link":"https:\/\/brandss.com.py\/index\/producto\/locion-corporal-cosmo-beaute-rose-enchanting-1000ml\/","title":{"rendered":"LOCI\u00d3N CORPORAL COSMO BEAUTE ROSE ENCHANTING 1000ML"},"content":{"rendered":"<p><img loading=\"lazy\" decoding=\"async\" class=\"\" src=\"https:\/\/cosmocosmetics.ae\/cdn\/shop\/files\/logo-cosmo-regeister.png?v=1729761767&amp;width=340\" width=\"175\" height=\"37\" \/><\/p>\n<h1>BEAUTE ROSE ENCHANTING<\/h1>\n<p>Sum\u00e9rgete en la elegancia con nuestra Loci\u00f3n Corporal Encantadora de Rosas. Esta lujosa f\u00f3rmula mima tu piel y tus sentidos con una delicada mezcla de rosa, manzana, bergamota, jazm\u00edn y vainilla, aportando un toque de refinamiento a tu rutina diaria.<\/p>\n<div class=\"experience-component experience-dynamic-productLongDescription\">\n<div id=\"longDescription\" class=\"container product-long-description\">\n<div class=\"row\">\n<div class=\"col-12 col-md-8 description-text\">\n<div class=\"metafield-rich_text_field\">\n<h5><span dir=\"auto\">CARACTER\u00cdSTICAS<\/span><\/h5>\n<ul>\n<li><span dir=\"auto\">Infunde a la piel un acabado suave y sedoso y una fragancia floral y frutal sutil y duradera.<\/span><\/li>\n<li><span dir=\"auto\">Enriquecido con manteca de karit\u00e9 para calmar, hidratar y retener la hidrataci\u00f3n.<\/span><\/li>\n<li><span dir=\"auto\">La textura ligera y no grasa se absorbe r\u00e1pidamente para brindar frescura durante todo el d\u00eda.<\/span><\/li>\n<li><span dir=\"auto\">Nutre y revitaliza la piel con aceites esenciales e ingredientes naturales.<\/span><\/li>\n<li><span dir=\"auto\">El elegante empaque de color oro rosa a\u00f1ade un toque de lujo a su colecci\u00f3n de cuidado de la piel.<\/span><\/li>\n<\/ul>\n<\/div>\n<\/div>\n<div class=\"col-12 col-md-4 description-icon\">\n<div class=\"content-asset\"><\/div>\n<\/div>\n<\/div>\n<\/div>\n<\/div>\n<div class=\"experience-component experience-dynamic-productIngredients\">\n<div id=\"productIngredients\" class=\"container product-ingredients mt-3\">\n<div class=\"row\">\n<div class=\"col-12 col-md-7 mt-3 mt-md-0 ingredients-copy\">\n<div class=\"content-asset\">\n<h5><span dir=\"auto\">TODOS LOS INGREDIENTES<\/span><\/h5>\n<p><img loading=\"lazy\" decoding=\"async\" class=\"w-100 alignleft\" src=\"https:\/\/cosmocosmetics.ae\/cdn\/shop\/files\/rose-extract.jpg?v=1724134048\" width=\"236\" height=\"116\" \/>&nbsp;<\/p>\n<p><span dir=\"auto\">Con extracto de rosa para una piel revitalizada y radiante.<\/span><\/p>\n<\/div>\n<\/div>\n<\/div>\n<\/div>\n<\/div>\n","protected":false},"excerpt":{"rendered":"<p>BEAUTE ROSE ENCHANTING Sum\u00e9rgete en la elegancia con nuestra Loci\u00f3n Corporal Encantadora de Rosas. Esta lujosa f\u00f3rmula mima tu piel<\/p>\n","protected":false},"featured_media":90122,"comment_status":"open","ping_status":"closed","template":"","meta":{"nf_dc_page":""},"product_brand":[103],"product_cat":[85],"product_tag":[],"class_list":{"0":"post-90121","1":"product","2":"type-product","3":"status-publish","4":"has-post-thumbnail","6":"product_brand-cosmo","7":"product_cat-cosmeticos","9":"first","10":"instock","11":"shipping-taxable","12":"purchasable","13":"product-type-simple"},"_links":{"self":[{"href":"https:\/\/brandss.com.py\/index\/wp-json\/wp\/v2\/product\/90121","targetHints":{"allow":["GET"]}}],"collection":[{"href":"https:\/\/brandss.com.py\/index\/wp-json\/wp\/v2\/product"}],"about":[{"href":"https:\/\/brandss.com.py\/index\/wp-json\/wp\/v2\/types\/product"}],"replies":[{"embeddable":true,"href":"https:\/\/brandss.com.py\/index\/wp-json\/wp\/v2\/comments?post=90121"}],"version-history":[{"count":1,"href":"https:\/\/brandss.com.py\/index\/wp-json\/wp\/v2\/product\/90121\/revisions"}],"predecessor-version":[{"id":90125,"href":"https:\/\/brandss.com.py\/index\/wp-json\/wp\/v2\/product\/90121\/revisions\/90125"}],"wp:featuredmedia":[{"embeddable":true,"href":"https:\/\/brandss.com.py\/index\/wp-json\/wp\/v2\/media\/90122"}],"wp:attachment":[{"href":"https:\/\/brandss.com.py\/index\/wp-json\/wp\/v2\/media?parent=90121"}],"wp:term":[{"taxonomy":"product_brand","embeddable":true,"href":"https:\/\/brandss.com.py\/index\/wp-json\/wp\/v2\/product_brand?post=90121"},{"taxonomy":"product_cat","embeddable":true,"href":"https:\/\/brandss.com.py\/index\/wp-json\/wp\/v2\/product_cat?post=90121"},{"taxonomy":"product_tag","embeddable":true,"href":"https:\/\/brandss.com.py\/index\/wp-json\/wp\/v2\/product_tag?post=90121"}],"curies":[{"name":"wp","href":"https:\/\/api.w.org\/{rel}","templated":true}]}}