{"id":90126,"date":"2025-09-09T18:39:40","date_gmt":"2025-09-09T18:39:40","guid":{"rendered":"https:\/\/brandss.com.py\/index\/?post_type=product&#038;p=90126"},"modified":"2025-09-09T18:40:20","modified_gmt":"2025-09-09T18:40:20","slug":"locion-corporal-cosmo-beaute-lavender-soothing-1000ml","status":"publish","type":"product","link":"https:\/\/brandss.com.py\/index\/producto\/locion-corporal-cosmo-beaute-lavender-soothing-1000ml\/","title":{"rendered":"LOCI\u00d3N CORPORAL COSMO BEAUTE LAVENDER SOOTHING 1000ML"},"content":{"rendered":"<p><img loading=\"lazy\" decoding=\"async\" class=\"\" src=\"https:\/\/cosmocosmetics.ae\/cdn\/shop\/files\/logo-cosmo-regeister.png?v=1729761767&amp;width=340\" width=\"161\" height=\"34\" \/><\/p>\n<h1>BEAUTE LAVENDER SOOTHING<\/h1>\n<p><span dir=\"auto\">La loci\u00f3n corporal de lavanda suaviza e hidrata la piel. Elaborada con aceites esenciales de lavanda y vitamina E, es ligera y de r\u00e1pida absorci\u00f3n. Su f\u00f3rmula est\u00e1 cuidadosamente formulada para hidratar la piel y dejarla con un brillo natural y saludable. Hidrata profundamente la piel, proporcion\u00e1ndole suavidad y flexibilidad, a la vez que deja el cuerpo con una suave fragancia a lavanda. En Cosmo, nos dedicamos a rituales que fomentan el autocuidado. Aplicar nuestra loci\u00f3n corporal es una invitaci\u00f3n a una pausa, a rejuvenecer y a conectar con tu esencia. Siente los poderes relajantes y calmantes de la lavanda con esta sinergia altamente hidratante de plantas, aceites nutritivos y vitamina E. Perfecta para todo tipo de piel, no grasa y de r\u00e1pida absorci\u00f3n, nuestra loci\u00f3n se puede usar en manos, cuerpo y pies.<\/span><\/p>\n<h5><span dir=\"auto\">CARACTER\u00cdSTICAS<\/span><\/h5>\n<ul>\n<li><span dir=\"auto\">Enriquecido con aceite de lavanda, conocido por sus propiedades calmantes y antiestr\u00e9s.<\/span><\/li>\n<li><span dir=\"auto\">propiedades, creando una experiencia tranquila y relajante.<\/span><\/li>\n<li><span dir=\"auto\">Contiene manteca de karit\u00e9, aceite de jojoba y vitamina E para una nutrici\u00f3n profunda y<\/span><\/li>\n<li><span dir=\"auto\">hidrataci\u00f3n, dejando la piel suave, flexible y fresca.<\/span><\/li>\n<li><span dir=\"auto\">La f\u00f3rmula ligera y no grasa se absorbe r\u00e1pidamente, proporcionando humectaci\u00f3n instant\u00e1nea e hidrataci\u00f3n duradera.<\/span><\/li>\n<li><span dir=\"auto\">Viene en una elegante botella con un dise\u00f1o minimalista, con un pr\u00e1ctico dispensador de bomba para una f\u00e1cil aplicaci\u00f3n.<\/span><\/li>\n<li><span dir=\"auto\">Perfecto para crear una rutina tranquila de cuidado de la piel en casa, en el trabajo o mientras viaja.<\/span><\/li>\n<\/ul>\n<h5 class=\"title-heading\"><span dir=\"auto\">beneficios clave<\/span><\/h5>\n<p><img loading=\"lazy\" decoding=\"async\" class=\"alignleft\" src=\"https:\/\/cdn.shopify.com\/s\/files\/1\/0717\/3334\/6626\/files\/body-top-lavender.png?v=1677757290\" width=\"160\" height=\"153\" \/><\/p>\n<p><img loading=\"lazy\" decoding=\"async\" class=\"alignleft\" src=\"https:\/\/cdn.shopify.com\/s\/files\/1\/0717\/3334\/6626\/files\/body-top-2.png?v=1677757290\" width=\"160\" height=\"153\" \/><\/p>\n<p><img loading=\"lazy\" decoding=\"async\" class=\"\" src=\"https:\/\/cdn.shopify.com\/s\/files\/1\/0717\/3334\/6626\/files\/body-top3.png?v=1677757290\" width=\"160\" height=\"153\" \/><\/p>\n<h3 class=\"title-heading\"><span dir=\"auto\">INGREDIENTES CLAVE<\/span><\/h3>\n<div class=\"content-center\"><img loading=\"lazy\" decoding=\"async\" class=\"alignleft\" src=\"https:\/\/cdn.shopify.com\/s\/files\/1\/0717\/3334\/6626\/files\/lavender.jpg?v=1677757289\" width=\"245\" height=\"165\" \/>&nbsp;<\/p>\n<\/div>\n<p>Con aceite esencial de lavanda francesa que ayuda a hidratar y calmar la piel.<img decoding=\"async\" src=\"https:\/\/cdn.shopify.com\/s\/files\/1\/0717\/3334\/6626\/files\/why-chose-lavender.jpg?v=1677757289\" \/><\/p>\n<h3 class=\"title-heading\"><span dir=\"auto\">C\u00f3mo utilizar<\/span><\/h3>\n<p><img decoding=\"async\" src=\"https:\/\/cdn.shopify.com\/s\/files\/1\/0717\/3334\/6626\/files\/body-lotion-bottom.jpg?v=1677757288\" \/><\/p>\n<div class=\"content-center\">\n<p class=\"text-center\"><span dir=\"auto\">Aplique la loci\u00f3n suavemente por todo el cuerpo, masaje\u00e1ndola lentamente. Es mejor utilizarla despu\u00e9s del ba\u00f1o, cuando la piel est\u00e1 m\u00e1s receptiva a la hidrataci\u00f3n.<\/span><\/p>\n<\/div>\n","protected":false},"excerpt":{"rendered":"<p>BEAUTE LAVENDER SOOTHING La loci\u00f3n corporal de lavanda suaviza e hidrata la piel. Elaborada con aceites esenciales de lavanda y<\/p>\n","protected":false},"featured_media":90127,"comment_status":"open","ping_status":"closed","template":"","meta":{"nf_dc_page":""},"product_brand":[103],"product_cat":[85],"product_tag":[],"class_list":{"0":"post-90126","1":"product","2":"type-product","3":"status-publish","4":"has-post-thumbnail","6":"product_brand-cosmo","7":"product_cat-cosmeticos","9":"first","10":"instock","11":"shipping-taxable","12":"purchasable","13":"product-type-simple"},"_links":{"self":[{"href":"https:\/\/brandss.com.py\/index\/wp-json\/wp\/v2\/product\/90126","targetHints":{"allow":["GET"]}}],"collection":[{"href":"https:\/\/brandss.com.py\/index\/wp-json\/wp\/v2\/product"}],"about":[{"href":"https:\/\/brandss.com.py\/index\/wp-json\/wp\/v2\/types\/product"}],"replies":[{"embeddable":true,"href":"https:\/\/brandss.com.py\/index\/wp-json\/wp\/v2\/comments?post=90126"}],"version-history":[{"count":1,"href":"https:\/\/brandss.com.py\/index\/wp-json\/wp\/v2\/product\/90126\/revisions"}],"predecessor-version":[{"id":90131,"href":"https:\/\/brandss.com.py\/index\/wp-json\/wp\/v2\/product\/90126\/revisions\/90131"}],"wp:featuredmedia":[{"embeddable":true,"href":"https:\/\/brandss.com.py\/index\/wp-json\/wp\/v2\/media\/90127"}],"wp:attachment":[{"href":"https:\/\/brandss.com.py\/index\/wp-json\/wp\/v2\/media?parent=90126"}],"wp:term":[{"taxonomy":"product_brand","embeddable":true,"href":"https:\/\/brandss.com.py\/index\/wp-json\/wp\/v2\/product_brand?post=90126"},{"taxonomy":"product_cat","embeddable":true,"href":"https:\/\/brandss.com.py\/index\/wp-json\/wp\/v2\/product_cat?post=90126"},{"taxonomy":"product_tag","embeddable":true,"href":"https:\/\/brandss.com.py\/index\/wp-json\/wp\/v2\/product_tag?post=90126"}],"curies":[{"name":"wp","href":"https:\/\/api.w.org\/{rel}","templated":true}]}}