{"id":90132,"date":"2025-09-10T10:44:46","date_gmt":"2025-09-10T10:44:46","guid":{"rendered":"https:\/\/brandss.com.py\/index\/?post_type=product&#038;p=90132"},"modified":"2025-09-10T10:45:28","modified_gmt":"2025-09-10T10:45:28","slug":"locion-corporal-cosmo-beaute-cherry-blossom-rejuvenating-1000ml","status":"publish","type":"product","link":"https:\/\/brandss.com.py\/index\/producto\/locion-corporal-cosmo-beaute-cherry-blossom-rejuvenating-1000ml\/","title":{"rendered":"LOCI\u00d3N CORPORAL COSMO BEAUTE CHERRY BLOSSOM REJUVENATING 1000ML"},"content":{"rendered":"<p><img loading=\"lazy\" decoding=\"async\" class=\"\" src=\"https:\/\/cosmocosmetics.ae\/cdn\/shop\/files\/logo-cosmo-regeister.png?v=1729761767&amp;width=340\" width=\"175\" height=\"37\" \/><\/p>\n<h1>BEAUTE CHERRY BLOSSOM REJUVENATING<\/h1>\n<p><span dir=\"auto\">La loci\u00f3n corporal<\/span><span dir=\"auto\">\u00a0Cosmo Cherry Blossom\u00a0es una loci\u00f3n ligera y potente que se funde con la piel gracias a sus ingredientes ricos en nutrientes, como la vitamina E, para brindar 24 horas de hidrataci\u00f3n nutritiva. Enriquecida con manteca de karit\u00e9, nuestra loci\u00f3n corporal ultrasuave contiene los nutrientes que la piel necesita para una sensaci\u00f3n y fragancia incre\u00edbles. Nuestra loci\u00f3n hidratante profunda, no grasa, ha sido especialmente dise\u00f1ada para calmar la piel y proporcionar una hidrataci\u00f3n duradera. Con una deliciosa fragancia a flor de cerezo silvestre, Cherry Blossom hidrata profundamente para una piel notablemente suave, tersa y de aspecto saludable. Hidrata la piel seca con un ligero aroma floral.<\/span><\/p>\n<h5><span dir=\"auto\">CARACTER\u00cdSTICAS<\/span><\/h5>\n<ul>\n<li><span dir=\"auto\">Enriquecido con manteca de karit\u00e9, aceite de jojoba y vitamina E, proporciona nutrici\u00f3n e hidrataci\u00f3n profunda, dejando tu piel sedosa, suave y flexible.<\/span><\/li>\n<li><span dir=\"auto\">Presenta una textura ligera y no grasa que se absorbe r\u00e1pidamente, proporcionando hidrataci\u00f3n instant\u00e1nea y un brillo revitalizado.<\/span><\/li>\n<li><span dir=\"auto\">El elegante y estilizado dise\u00f1o de la botella con un pr\u00e1ctico dispensador de bomba garantiza una f\u00e1cil aplicaci\u00f3n y agrega un toque de lujo a cualquier espacio.<\/span><\/li>\n<li><span dir=\"auto\">Ideal para uso diario en casa, en el trabajo o durante un viaje, esta loci\u00f3n proporciona hidrataci\u00f3n duradera y una sensaci\u00f3n rejuvenecida para tu piel.<\/span><\/li>\n<\/ul>\n<h5 class=\"title-heading\"><span dir=\"auto\">beneficios clave<\/span><\/h5>\n<p><img loading=\"lazy\" decoding=\"async\" class=\"alignleft\" src=\"https:\/\/cdn.shopify.com\/s\/files\/1\/0717\/3334\/6626\/files\/body-top-cherry-blossom.png?v=1677757290\" width=\"160\" height=\"153\" \/><\/p>\n<p><img loading=\"lazy\" decoding=\"async\" class=\"alignleft\" src=\"https:\/\/cdn.shopify.com\/s\/files\/1\/0717\/3334\/6626\/files\/body-top-2.png?v=1677757290\" width=\"160\" height=\"153\" \/><\/p>\n<p><img loading=\"lazy\" decoding=\"async\" class=\"\" src=\"https:\/\/cdn.shopify.com\/s\/files\/1\/0717\/3334\/6626\/files\/body-top3.png?v=1677757290\" width=\"160\" height=\"153\" \/><\/p>\n<p class=\"text-center\"><span dir=\"auto\">Calmar la piel y proporcionar hidrataci\u00f3n duradera.<\/span><\/p>\n<h5 class=\"title-heading\"><span dir=\"auto\">INGREDIENTES CLAVE<\/span><\/h5>\n<div class=\"content-center\"><img loading=\"lazy\" decoding=\"async\" class=\"alignleft\" src=\"https:\/\/cdn.shopify.com\/s\/files\/1\/0717\/3334\/6626\/files\/cherry-blossom.jpg?v=1677757289\" width=\"304\" height=\"205\" \/>&nbsp;<\/p>\n<p>&nbsp;<\/p>\n<p>&nbsp;<\/p>\n<p><span dir=\"auto\">Con extracto de flor de cerezo que ayuda a promover una piel suave, flexible y saludable.<\/span><\/p>\n<\/div>\n<p><img decoding=\"async\" src=\"https:\/\/cdn.shopify.com\/s\/files\/1\/0717\/3334\/6626\/files\/why-chose-cherry-blossom.jpg?v=1677757289\" \/><\/p>\n<h5 class=\"title-heading\"><span dir=\"auto\">C\u00f3mo utilizar<\/span><\/h5>\n<p><img decoding=\"async\" src=\"https:\/\/cdn.shopify.com\/s\/files\/1\/0717\/3334\/6626\/files\/body-lotion-bottom.jpg?v=1677757288\" \/><\/p>\n<div class=\"content-center\">\n<p class=\"text-center\"><span dir=\"auto\">Aplique la loci\u00f3n suavemente por todo el cuerpo, masaje\u00e1ndola lentamente. Es mejor utilizarla despu\u00e9s del ba\u00f1o, cuando la piel est\u00e1 m\u00e1s receptiva a la hidrataci\u00f3n.<\/span><\/p>\n<\/div>\n","protected":false},"excerpt":{"rendered":"<p>BEAUTE CHERRY BLOSSOM REJUVENATING La loci\u00f3n corporal\u00a0Cosmo Cherry Blossom\u00a0es una loci\u00f3n ligera y potente que se funde con la piel<\/p>\n","protected":false},"featured_media":90133,"comment_status":"open","ping_status":"closed","template":"","meta":{"nf_dc_page":""},"product_brand":[103],"product_cat":[85],"product_tag":[],"class_list":{"0":"post-90132","1":"product","2":"type-product","3":"status-publish","4":"has-post-thumbnail","6":"product_brand-cosmo","7":"product_cat-cosmeticos","9":"first","10":"instock","11":"shipping-taxable","12":"purchasable","13":"product-type-simple"},"_links":{"self":[{"href":"https:\/\/brandss.com.py\/index\/wp-json\/wp\/v2\/product\/90132","targetHints":{"allow":["GET"]}}],"collection":[{"href":"https:\/\/brandss.com.py\/index\/wp-json\/wp\/v2\/product"}],"about":[{"href":"https:\/\/brandss.com.py\/index\/wp-json\/wp\/v2\/types\/product"}],"replies":[{"embeddable":true,"href":"https:\/\/brandss.com.py\/index\/wp-json\/wp\/v2\/comments?post=90132"}],"version-history":[{"count":1,"href":"https:\/\/brandss.com.py\/index\/wp-json\/wp\/v2\/product\/90132\/revisions"}],"predecessor-version":[{"id":90137,"href":"https:\/\/brandss.com.py\/index\/wp-json\/wp\/v2\/product\/90132\/revisions\/90137"}],"wp:featuredmedia":[{"embeddable":true,"href":"https:\/\/brandss.com.py\/index\/wp-json\/wp\/v2\/media\/90133"}],"wp:attachment":[{"href":"https:\/\/brandss.com.py\/index\/wp-json\/wp\/v2\/media?parent=90132"}],"wp:term":[{"taxonomy":"product_brand","embeddable":true,"href":"https:\/\/brandss.com.py\/index\/wp-json\/wp\/v2\/product_brand?post=90132"},{"taxonomy":"product_cat","embeddable":true,"href":"https:\/\/brandss.com.py\/index\/wp-json\/wp\/v2\/product_cat?post=90132"},{"taxonomy":"product_tag","embeddable":true,"href":"https:\/\/brandss.com.py\/index\/wp-json\/wp\/v2\/product_tag?post=90132"}],"curies":[{"name":"wp","href":"https:\/\/api.w.org\/{rel}","templated":true}]}}