{"id":90144,"date":"2025-09-10T11:39:03","date_gmt":"2025-09-10T11:39:03","guid":{"rendered":"https:\/\/brandss.com.py\/index\/?post_type=product&#038;p=90144"},"modified":"2025-09-10T14:28:38","modified_gmt":"2025-09-10T14:28:38","slug":"gel-de-ducha-corporal-cosmo-temptation-cherry-blossom-1000ml","status":"publish","type":"product","link":"https:\/\/brandss.com.py\/index\/producto\/gel-de-ducha-corporal-cosmo-temptation-cherry-blossom-1000ml\/","title":{"rendered":"GEL DE DUCHA CORPORAL COSMO TEMPTATION CHERRY BLOSSOM 1000ML"},"content":{"rendered":"<p><img loading=\"lazy\" decoding=\"async\" class=\"\" src=\"https:\/\/cosmocosmetics.ae\/cdn\/shop\/files\/logo-cosmo-regeister.png?v=1729761767&amp;width=340\" width=\"208\" height=\"44\" \/><\/p>\n<h1>TEMPTATION CHERRY BLOSSOM<\/h1>\n<p><span dir=\"auto\">La lujosa y rica espuma del gel de ducha COSMO Temptation limpia suavemente la piel, eliminando las impurezas y dej\u00e1ndola limpia, fresca y con un delicado aroma. Su f\u00f3rmula cuidadosamente formulada proporciona una experiencia lujosa y placentera, dejando la piel suave, tersa y con una sutil fragancia. Sum\u00e9rgete en el irresistible encanto de las flores de cerezo con este exquisito gel de ducha. Su delicada y encantadora fragancia impregna el aire, creando una sensaci\u00f3n de tranquilidad y belleza. Deja que las seductoras notas florales de la flor de cerezo cautiven tus sentidos y te transporten a un mundo de pura tentaci\u00f3n.<\/span><\/p>\n<p><span dir=\"auto\">Sum\u00e9rgete en su textura sedosa que se desliza suavemente por tu cuerpo, creando una experiencia de ducha verdaderamente placentera. Deja que el cautivador aroma de las flores de cerezo envuelva tus sentidos, evocando una sensaci\u00f3n de elegancia y seducci\u00f3n.<\/span><\/p>\n<p><span dir=\"auto\">COSMO entiende la importancia de un cuidado de la piel suave pero eficaz, por eso este gel de ducha est\u00e1 formulado sin ingredientes agresivos, lo que lo hace adecuado para todo tipo de piel. Ya sea que tengas la piel seca, grasa o sensible, puedes confiar en el Gel de Ducha Temptation COSMO &#8211; Flor de Cerezo para una limpieza lujosa y suave.<\/span><\/p>\n<p><span dir=\"auto\">D\u00e9jate tentar por el Gel de Ducha Temptation COSMO &#8211; Flor de Cerezo. Deja que su encantadora fragancia y f\u00f3rmula nutritiva transformen tu rutina de ducha en un momento de puro placer. Experimenta el encanto y la elegancia que ofrece el compromiso de COSMO con la calidad y el deleite sensorial. D\u00e9jate tentar y sum\u00e9rgete en el mundo de las flores de cerezo.<\/span><\/p>\n<h5><span dir=\"auto\">CARACTER\u00cdSTICAS<\/span><\/h5>\n<ul>\n<li><span dir=\"auto\">Encantadora fragancia de flor de cerezo para una experiencia cautivadora.<\/span><\/li>\n<li><span dir=\"auto\">Espuma abundante que limpia suavemente y refresca la piel.<\/span><\/li>\n<li><span dir=\"auto\">F\u00f3rmula nutritiva para una piel suave y tersa.<\/span><\/li>\n<li><span dir=\"auto\">Transforma tu ducha en un refugio de lujo.<\/span><\/li>\n<li><span dir=\"auto\">Adecuado para todo tipo de piel, incluidas las sensibles.<\/span><\/li>\n<\/ul>\n<h5 class=\"title-heading\"><span dir=\"auto\">beneficios clave<\/span><\/h5>\n<p><img loading=\"lazy\" decoding=\"async\" class=\"alignleft\" src=\"https:\/\/cdn.shopify.com\/s\/files\/1\/0717\/3334\/6626\/files\/top-single-cherryblossom.png?v=1678079177\" width=\"160\" height=\"148\" \/><\/p>\n<p><img loading=\"lazy\" decoding=\"async\" class=\"alignleft\" src=\"https:\/\/cdn.shopify.com\/s\/files\/1\/0717\/3334\/6626\/files\/body-top-2.png?v=1677757290\" width=\"160\" height=\"153\" \/><\/p>\n<p><img loading=\"lazy\" decoding=\"async\" class=\"\" src=\"https:\/\/cdn.shopify.com\/s\/files\/1\/0717\/3334\/6626\/files\/body-top3.png?v=1677757290\" width=\"160\" height=\"153\" \/><\/p>\n<p class=\"text-center\"><span dir=\"auto\">Limpia suavemente, dejando la piel tersa y suave.<\/span><\/p>\n<h5 class=\"title-heading\"><span dir=\"auto\">INGREDIENTES CLAVE<\/span><\/h5>\n<div class=\"content-center\"><img loading=\"lazy\" decoding=\"async\" class=\"alignleft\" src=\"https:\/\/cdn.shopify.com\/s\/files\/1\/0717\/3334\/6626\/files\/cherry-blossom.jpg?v=1677757289\" width=\"218\" height=\"147\" \/>&nbsp;<\/p>\n<p>&nbsp;<\/p>\n<p><span dir=\"auto\">Con extracto de flor de cerezo que ayuda a promover una piel suave, flexible y saludable.<\/span><\/p>\n<\/div>\n<p><img decoding=\"async\" src=\"https:\/\/cdn.shopify.com\/s\/files\/1\/0717\/3334\/6626\/files\/cherry-blossom_cb49981e-a3d2-49fd-80d6-06fb442f9ffc.jpg?v=1678079176\" \/><\/p>\n<h5 class=\"title-heading\"><span dir=\"auto\">C\u00f3mo utilizar<\/span><\/h5>\n<p><img decoding=\"async\" src=\"https:\/\/cdn.shopify.com\/s\/files\/1\/0717\/3334\/6626\/files\/bottom_7886cc45-7bdd-4ff7-925f-a0dad1ed657d.png?v=1678079177\" \/><\/p>\n<div class=\"content-center\">\n<p class=\"text-center\"><span dir=\"auto\">Aplique una cantidad generosa de gel de ducha en las manos o en una esponja vegetal h\u00fameda. Forme una espuma abundante. Apl\u00edquelo suavemente sobre la piel h\u00fameda y luego enjuague.<\/span><\/p>\n<\/div>\n","protected":false},"excerpt":{"rendered":"<p>TEMPTATION CHERRY BLOSSOM La lujosa y rica espuma del gel de ducha COSMO Temptation limpia suavemente la piel, eliminando las<\/p>\n","protected":false},"featured_media":90145,"comment_status":"open","ping_status":"closed","template":"","meta":{"nf_dc_page":""},"product_brand":[103],"product_cat":[94],"product_tag":[],"class_list":{"0":"post-90144","1":"product","2":"type-product","3":"status-publish","4":"has-post-thumbnail","6":"product_brand-cosmo","7":"product_cat-higiene-personal","9":"first","10":"instock","11":"shipping-taxable","12":"purchasable","13":"product-type-simple"},"_links":{"self":[{"href":"https:\/\/brandss.com.py\/index\/wp-json\/wp\/v2\/product\/90144","targetHints":{"allow":["GET"]}}],"collection":[{"href":"https:\/\/brandss.com.py\/index\/wp-json\/wp\/v2\/product"}],"about":[{"href":"https:\/\/brandss.com.py\/index\/wp-json\/wp\/v2\/types\/product"}],"replies":[{"embeddable":true,"href":"https:\/\/brandss.com.py\/index\/wp-json\/wp\/v2\/comments?post=90144"}],"version-history":[{"count":1,"href":"https:\/\/brandss.com.py\/index\/wp-json\/wp\/v2\/product\/90144\/revisions"}],"predecessor-version":[{"id":90148,"href":"https:\/\/brandss.com.py\/index\/wp-json\/wp\/v2\/product\/90144\/revisions\/90148"}],"wp:featuredmedia":[{"embeddable":true,"href":"https:\/\/brandss.com.py\/index\/wp-json\/wp\/v2\/media\/90145"}],"wp:attachment":[{"href":"https:\/\/brandss.com.py\/index\/wp-json\/wp\/v2\/media?parent=90144"}],"wp:term":[{"taxonomy":"product_brand","embeddable":true,"href":"https:\/\/brandss.com.py\/index\/wp-json\/wp\/v2\/product_brand?post=90144"},{"taxonomy":"product_cat","embeddable":true,"href":"https:\/\/brandss.com.py\/index\/wp-json\/wp\/v2\/product_cat?post=90144"},{"taxonomy":"product_tag","embeddable":true,"href":"https:\/\/brandss.com.py\/index\/wp-json\/wp\/v2\/product_tag?post=90144"}],"curies":[{"name":"wp","href":"https:\/\/api.w.org\/{rel}","templated":true}]}}