{"id":90149,"date":"2025-09-10T11:57:32","date_gmt":"2025-09-10T11:57:32","guid":{"rendered":"https:\/\/brandss.com.py\/index\/?post_type=product&#038;p=90149"},"modified":"2025-09-10T11:58:38","modified_gmt":"2025-09-10T11:58:38","slug":"locion-corporal-cosmo-beaute-oud-luxurious-1000ml","status":"publish","type":"product","link":"https:\/\/brandss.com.py\/index\/producto\/locion-corporal-cosmo-beaute-oud-luxurious-1000ml\/","title":{"rendered":"LOCI\u00d3N CORPORAL COSMO BEAUTE OUD LUXURIOUS 1000ML"},"content":{"rendered":"<p><img loading=\"lazy\" decoding=\"async\" class=\"\" src=\"https:\/\/cosmocosmetics.ae\/cdn\/shop\/files\/logo-cosmo-regeister.png?v=1729761767&amp;width=340\" width=\"297\" height=\"63\" \/><\/p>\n<h1>BEAUTE OUD LUXURIOUS<\/h1>\n<p><span dir=\"auto\">La loci\u00f3n corporal Cosmo Oud Luxurious es \u00fanica. Esta mezcla \u00fanica de ingredientes de alta calidad proporciona hidrataci\u00f3n nutritiva durante todo el d\u00eda. Enriquecida con aceites de oud y manteca de karit\u00e9, hidrata tu piel durante 24 horas, dej\u00e1ndola suave, tersa y perfumada. Con una lujosa fragancia de oud para consentir y rejuvenecer tus sentidos, Cosmo es una potente combinaci\u00f3n de ricas notas florales y una c\u00e1lida base amaderada que perdura en la piel durante horas. Su fragancia multifac\u00e9tica, compuesta por oud y madera de cedro, la hace irresistible. Nuestra loci\u00f3n hidratante, profundamente nutritiva y no grasa, ha sido especialmente dise\u00f1ada para calmar la piel y proporcionar una hidrataci\u00f3n duradera. Usa esta loci\u00f3n corporal hidratante a diario para descubrir el oud de otra manera.<\/span><\/p>\n<h5><span dir=\"auto\">CARACTER\u00cdSTICAS<\/span><\/h5>\n<ul>\n<li><span dir=\"auto\">Infundido con \u00e1mbar, almizcle y madera de cedro, creando un aroma c\u00e1lido y seductor que cautiva los sentidos.<\/span><\/li>\n<li><span dir=\"auto\">Enriquecido con manteca de karit\u00e9, aceite de jojoba y vitamina E para una hidrataci\u00f3n y nutrici\u00f3n profunda.<\/span><\/li>\n<li><span dir=\"auto\">Deja la piel suave, tersa y juvenil con una f\u00f3rmula no grasa y de r\u00e1pida absorci\u00f3n.<\/span><\/li>\n<li><span dir=\"auto\">Viene en una elegante botella con dispensador de bomba para un uso preciso y conveniente.<\/span><\/li>\n<li><span dir=\"auto\">Ideal para aplicaci\u00f3n diaria, aportando un toque de lujo a tu rutina de cuidado de la piel.<\/span><\/li>\n<\/ul>\n<h5 class=\"title-heading\"><span dir=\"auto\">beneficios clave<\/span><\/h5>\n<p><img loading=\"lazy\" decoding=\"async\" class=\"alignleft\" src=\"https:\/\/cdn.shopify.com\/s\/files\/1\/0717\/3334\/6626\/files\/body-top-oud.png?v=1677757290\" width=\"162\" height=\"155\" \/><\/p>\n<p><img loading=\"lazy\" decoding=\"async\" class=\"alignleft\" src=\"https:\/\/cdn.shopify.com\/s\/files\/1\/0717\/3334\/6626\/files\/body-top-2.png?v=1677757290\" width=\"160\" height=\"153\" \/><\/p>\n<p><img loading=\"lazy\" decoding=\"async\" class=\"\" src=\"https:\/\/cdn.shopify.com\/s\/files\/1\/0717\/3334\/6626\/files\/body-top3.png?v=1677757290\" width=\"160\" height=\"153\" \/><\/p>\n<p class=\"text-center\"><span dir=\"auto\">Calmar la piel y proporcionar hidrataci\u00f3n duradera.<\/span><\/p>\n<h5 class=\"title-heading\"><span dir=\"auto\">INGREDIENTES CLAVE<\/span><\/h5>\n<div class=\"content-center\">\n<p><img loading=\"lazy\" decoding=\"async\" class=\"alignleft\" src=\"https:\/\/cdn.shopify.com\/s\/files\/1\/0717\/3334\/6626\/files\/oud.jpg?v=1677757289\" width=\"160\" height=\"108\" \/><\/p>\n<p><span dir=\"auto\">Con una lujosa fragancia de oud para deleitar tus sentidos y brindar una frescura duradera.<\/span><\/p>\n<\/div>\n<p><img decoding=\"async\" src=\"https:\/\/cdn.shopify.com\/s\/files\/1\/0717\/3334\/6626\/files\/why-chose-oud.jpg?v=1677757289\" \/><\/p>\n<h3 class=\"title-heading\"><span dir=\"auto\">C\u00f3mo utilizar<\/span><\/h3>\n<p><img decoding=\"async\" src=\"https:\/\/cdn.shopify.com\/s\/files\/1\/0717\/3334\/6626\/files\/body-lotion-bottom.jpg?v=1677757288\" \/><\/p>\n<div class=\"content-center\">\n<p class=\"text-center\"><span dir=\"auto\">Aplique la loci\u00f3n suavemente por todo el cuerpo, masaje\u00e1ndola lentamente. Es mejor utilizarla despu\u00e9s del ba\u00f1o, cuando la piel est\u00e1 m\u00e1s receptiva a la hidrataci\u00f3n.<\/span><\/p>\n<\/div>\n","protected":false},"excerpt":{"rendered":"<p>BEAUTE OUD LUXURIOUS La loci\u00f3n corporal Cosmo Oud Luxurious es \u00fanica. Esta mezcla \u00fanica de ingredientes de alta calidad proporciona<\/p>\n","protected":false},"featured_media":90150,"comment_status":"open","ping_status":"closed","template":"","meta":{"nf_dc_page":""},"product_brand":[103],"product_cat":[85],"product_tag":[],"class_list":{"0":"post-90149","1":"product","2":"type-product","3":"status-publish","4":"has-post-thumbnail","6":"product_brand-cosmo","7":"product_cat-cosmeticos","9":"first","10":"instock","11":"shipping-taxable","12":"purchasable","13":"product-type-simple"},"_links":{"self":[{"href":"https:\/\/brandss.com.py\/index\/wp-json\/wp\/v2\/product\/90149","targetHints":{"allow":["GET"]}}],"collection":[{"href":"https:\/\/brandss.com.py\/index\/wp-json\/wp\/v2\/product"}],"about":[{"href":"https:\/\/brandss.com.py\/index\/wp-json\/wp\/v2\/types\/product"}],"replies":[{"embeddable":true,"href":"https:\/\/brandss.com.py\/index\/wp-json\/wp\/v2\/comments?post=90149"}],"version-history":[{"count":2,"href":"https:\/\/brandss.com.py\/index\/wp-json\/wp\/v2\/product\/90149\/revisions"}],"predecessor-version":[{"id":90155,"href":"https:\/\/brandss.com.py\/index\/wp-json\/wp\/v2\/product\/90149\/revisions\/90155"}],"wp:featuredmedia":[{"embeddable":true,"href":"https:\/\/brandss.com.py\/index\/wp-json\/wp\/v2\/media\/90150"}],"wp:attachment":[{"href":"https:\/\/brandss.com.py\/index\/wp-json\/wp\/v2\/media?parent=90149"}],"wp:term":[{"taxonomy":"product_brand","embeddable":true,"href":"https:\/\/brandss.com.py\/index\/wp-json\/wp\/v2\/product_brand?post=90149"},{"taxonomy":"product_cat","embeddable":true,"href":"https:\/\/brandss.com.py\/index\/wp-json\/wp\/v2\/product_cat?post=90149"},{"taxonomy":"product_tag","embeddable":true,"href":"https:\/\/brandss.com.py\/index\/wp-json\/wp\/v2\/product_tag?post=90149"}],"curies":[{"name":"wp","href":"https:\/\/api.w.org\/{rel}","templated":true}]}}