{"id":90156,"date":"2025-09-10T12:12:40","date_gmt":"2025-09-10T12:12:40","guid":{"rendered":"https:\/\/brandss.com.py\/index\/?post_type=product&#038;p=90156"},"modified":"2025-10-29T12:36:11","modified_gmt":"2025-10-29T12:36:11","slug":"shampoo-capilar-cosmo-beaute-argan-oil-nourish-1000ml","status":"publish","type":"product","link":"https:\/\/brandss.com.py\/index\/producto\/shampoo-capilar-cosmo-beaute-argan-oil-nourish-1000ml\/","title":{"rendered":"SHAMPOO CAPILAR COSMO BEAUTE ARGAN OIL NOURISH 1000ML"},"content":{"rendered":"<p><img loading=\"lazy\" decoding=\"async\" class=\"\" src=\"https:\/\/cosmocosmetics.ae\/cdn\/shop\/files\/logo-cosmo-regeister.png?v=1729761767&amp;width=340\" width=\"151\" height=\"32\" \/><\/p>\n<h1>BEAUTE ARGAN OIL NOURISH<\/h1>\n<p><span dir=\"auto\">El champ\u00fa Cosmo con aceite de arg\u00e1n mejora tu rutina de limpieza capilar. Es apto para todo tipo de cabello. No contiene sulfatos t\u00f3xicos, parabenos ni siliconas, y aporta una capa extra de protecci\u00f3n contra la ca\u00edda intensa. Este producto limpia, nutre y desenreda el cabello. Su f\u00f3rmula infusionada limpia suavemente la fibra capilar, proporcionando suavidad y desenredo. El champ\u00fa con aceite de arg\u00e1n fortifica e hidrata el cabello mientras lo limpia con suavidad, dej\u00e1ndolo manejable, flexible y brillante, sin apelmazarlo. Limpia delicadamente a la vez que impregna el cabello con aceite de arg\u00e1n, queratina, \u00e1cidos grasos, prote\u00ednas y otros nutrientes. Estos ingredientes clave trabajan en conjunto con la tecnolog\u00eda de memoria para envolver las fibras capilares con una capa protectora que sienta las bases para un acabado perfectamente liso y hermoso. Purifica suavemente a la vez que impregna el cabello con aceite de arg\u00e1n, queratina, \u00e1cidos grasos, prote\u00ednas y otros nutrientes. Estos elementos vitales envuelven las fibras capilares con una capa protectora que sienta las bases para un acabado perfectamente liso y hermoso.<\/span><\/p>\n<h5><span dir=\"auto\">CARACTER\u00cdSTICAS<\/span><\/h5>\n<ul>\n<li><span dir=\"auto\">Nutrici\u00f3n profunda: Rica en antioxidantes y \u00e1cidos grasos esenciales para una hidrataci\u00f3n intensiva.<\/span><\/li>\n<li><span dir=\"auto\">Mejora el brillo: a\u00f1ade un acabado radiante y brillante a tu cabello.<\/span><\/li>\n<li><span dir=\"auto\">Fortalece el cabello: reduce la rotura y previene las puntas abiertas para lograr hebras m\u00e1s saludables.<\/span><\/li>\n<li><span dir=\"auto\">Uso vers\u00e1til: adecuado como tratamiento previo al champ\u00fa, ayuda para el peinado o acondicionador sin enjuague.<\/span><\/li>\n<li><span dir=\"auto\">Absorci\u00f3n r\u00e1pida: La f\u00f3rmula ligera y no grasa se absorbe sin esfuerzo.<\/span><\/li>\n<li><span dir=\"auto\">F\u00f3rmula pura: libre de crueldad animal, sin parabenos y sin sulfatos para una opci\u00f3n segura para el cuidado del cabello.<\/span><\/li>\n<\/ul>\n<h5 class=\"title-heading\"><span dir=\"auto\">beneficios clave<\/span><\/h5>\n<p><img loading=\"lazy\" decoding=\"async\" class=\"alignleft\" src=\"https:\/\/cdn.shopify.com\/s\/files\/1\/0717\/3334\/6626\/files\/beaute-shampoo-top-argan-with.png?v=1677573215\" width=\"160\" height=\"153\" \/><\/p>\n<p>&nbsp;<\/p>\n<p>&nbsp;<\/p>\n<p><span dir=\"auto\">\u00a0Fortifica e hidrata + restaura la fuerza<\/span><\/p>\n<p><img loading=\"lazy\" decoding=\"async\" class=\"alignleft\" src=\"https:\/\/cdn.shopify.com\/s\/files\/1\/0717\/3334\/6626\/files\/shampoo-top-2.png?v=1677571714\" width=\"158\" height=\"151\" \/><\/p>\n<p>&nbsp;<\/p>\n<p>&nbsp;<\/p>\n<p><span dir=\"auto\">\u00a0El aceite de arg\u00e1n mantiene tu cabello suave y flexible nutri\u00e9ndolo profundamente.<\/span><\/p>\n<p><img loading=\"lazy\" decoding=\"async\" class=\"alignleft\" src=\"https:\/\/cdn.shopify.com\/s\/files\/1\/0717\/3334\/6626\/files\/shampoo-top-3.png?v=1677571714\" width=\"162\" height=\"155\" \/><span dir=\"auto\">\u00a0<\/span><\/p>\n<p>&nbsp;<\/p>\n<p><span dir=\"auto\">Ayuda a nutrir profundamente tu cabello y a retener la humedad.<\/span><\/p>\n<p>&nbsp;<\/p>\n<h3 class=\"title-heading\"><span dir=\"auto\">INGREDIENTES CLAVE<\/span><\/h3>\n<div class=\"content-center\">\n<p><img loading=\"lazy\" decoding=\"async\" class=\"alignleft\" src=\"https:\/\/cdn.shopify.com\/s\/files\/1\/0717\/3334\/6626\/files\/argan.png?v=1677571714\" width=\"292\" height=\"192\" \/><\/p>\n<p><span dir=\"auto\">El arg\u00e1n ofrece m\u00faltiples beneficios para el crecimiento y el rejuvenecimiento capilar. Est\u00e1 enriquecido con antioxidantes activos que promueven la regeneraci\u00f3n celular y fortalecen los fol\u00edculos del cuero cabelludo. Posee propiedades antiedad y antifrizz para restaurar el brillo y la salud natural del cabello.<\/span><\/p>\n<\/div>\n<p><img decoding=\"async\" src=\"https:\/\/cdn.shopify.com\/s\/files\/1\/0717\/3334\/6626\/files\/argan-with.jpg?v=1677573213\" \/><\/p>\n<h3 class=\"title-heading\"><span dir=\"auto\">C\u00f3mo utilizar<\/span><\/h3>\n<p><img decoding=\"async\" src=\"https:\/\/cdn.shopify.com\/s\/files\/1\/0717\/3334\/6626\/files\/Shampoo-bottom.png?v=1677571715\" \/><\/p>\n<div class=\"content-center\">\n<p class=\"text-center\"><span dir=\"auto\">Aplicar sobre el cabello mojado, masajeando el cuero cabelludo. Enjuagar bien. Repetir si es necesario.<\/span><\/p>\n<\/div>\n","protected":false},"excerpt":{"rendered":"<p>BEAUTE ARGAN OIL NOURISH El champ\u00fa Cosmo con aceite de arg\u00e1n mejora tu rutina de limpieza capilar. Es apto para<\/p>\n","protected":false},"featured_media":90157,"comment_status":"open","ping_status":"closed","template":"","meta":{"nf_dc_page":""},"product_brand":[103],"product_cat":[85],"product_tag":[1144],"class_list":{"0":"post-90156","1":"product","2":"type-product","3":"status-publish","4":"has-post-thumbnail","6":"product_brand-cosmo","7":"product_cat-cosmeticos","8":"product_tag-1144","10":"first","11":"instock","12":"shipping-taxable","13":"purchasable","14":"product-type-simple"},"_links":{"self":[{"href":"https:\/\/brandss.com.py\/index\/wp-json\/wp\/v2\/product\/90156","targetHints":{"allow":["GET"]}}],"collection":[{"href":"https:\/\/brandss.com.py\/index\/wp-json\/wp\/v2\/product"}],"about":[{"href":"https:\/\/brandss.com.py\/index\/wp-json\/wp\/v2\/types\/product"}],"replies":[{"embeddable":true,"href":"https:\/\/brandss.com.py\/index\/wp-json\/wp\/v2\/comments?post=90156"}],"version-history":[{"count":2,"href":"https:\/\/brandss.com.py\/index\/wp-json\/wp\/v2\/product\/90156\/revisions"}],"predecessor-version":[{"id":90160,"href":"https:\/\/brandss.com.py\/index\/wp-json\/wp\/v2\/product\/90156\/revisions\/90160"}],"wp:featuredmedia":[{"embeddable":true,"href":"https:\/\/brandss.com.py\/index\/wp-json\/wp\/v2\/media\/90157"}],"wp:attachment":[{"href":"https:\/\/brandss.com.py\/index\/wp-json\/wp\/v2\/media?parent=90156"}],"wp:term":[{"taxonomy":"product_brand","embeddable":true,"href":"https:\/\/brandss.com.py\/index\/wp-json\/wp\/v2\/product_brand?post=90156"},{"taxonomy":"product_cat","embeddable":true,"href":"https:\/\/brandss.com.py\/index\/wp-json\/wp\/v2\/product_cat?post=90156"},{"taxonomy":"product_tag","embeddable":true,"href":"https:\/\/brandss.com.py\/index\/wp-json\/wp\/v2\/product_tag?post=90156"}],"curies":[{"name":"wp","href":"https:\/\/api.w.org\/{rel}","templated":true}]}}