{"id":90169,"date":"2025-09-10T13:23:50","date_gmt":"2025-09-10T13:23:50","guid":{"rendered":"https:\/\/brandss.com.py\/index\/?post_type=product&#038;p=90169"},"modified":"2025-10-29T14:05:04","modified_gmt":"2025-10-29T14:05:04","slug":"shampoo-capilar-cosmo-beaute-biotin-boots-1000ml","status":"publish","type":"product","link":"https:\/\/brandss.com.py\/index\/producto\/shampoo-capilar-cosmo-beaute-biotin-boots-1000ml\/","title":{"rendered":"SHAMPOO CAPILAR COSMO BEAUTE BIOTIN BOOTS 1000ML"},"content":{"rendered":"<p><img loading=\"lazy\" decoding=\"async\" class=\"\" src=\"https:\/\/cosmocosmetics.ae\/cdn\/shop\/files\/logo-cosmo-regeister.png?v=1729761767&amp;width=340\" width=\"151\" height=\"32\" \/><\/p>\n<h1>BEAUTE BIOTIN BOOTS<\/h1>\n<p><span dir=\"auto\">Repara y restaura para promover un cabello sano con nuestro champ\u00fa Biotin Boost. Nutre y protege el cabello del da\u00f1o y la rotura, a la vez que aporta hidrataci\u00f3n y brillo, transformando el cabello opaco para que luzca m\u00e1s fuerte, con m\u00e1s volumen, m\u00e1s grueso y m\u00e1s sano. La biotina ayuda a fortalecer el tallo capilar, lo engrosa y texturiza, a la vez que aporta volumen y dimensi\u00f3n para un look m\u00e1s denso.<\/span><\/p>\n<h5 class=\"title-heading\"><span dir=\"auto\">beneficios clave<\/span><\/h5>\n<p><img loading=\"lazy\" decoding=\"async\" class=\"alignleft\" src=\"https:\/\/cdn.shopify.com\/s\/files\/1\/0717\/3334\/6626\/files\/beaute-shampoo-top-biotin-with.png?v=1677573214\" width=\"160\" height=\"153\" \/><\/p>\n<p>&nbsp;<\/p>\n<p>&nbsp;<\/p>\n<p><span dir=\"auto\">\u00a0Cabello grueso, fuerte y abundante.<\/span><\/p>\n<p><img loading=\"lazy\" decoding=\"async\" class=\"alignleft\" src=\"https:\/\/cdn.shopify.com\/s\/files\/1\/0717\/3334\/6626\/files\/shampoo-top-2.png?v=1677571714\" width=\"160\" height=\"153\" \/><span dir=\"auto\">\u00a0<\/span><\/p>\n<p>&nbsp;<\/p>\n<p><span dir=\"auto\">Repara y fortalece + Mayor volumen y grosor.<\/span><\/p>\n<p><img loading=\"lazy\" decoding=\"async\" class=\"alignleft\" src=\"https:\/\/cdn.shopify.com\/s\/files\/1\/0717\/3334\/6626\/files\/shampoo-top-3.png?v=1677571714\" width=\"160\" height=\"153\" \/><\/p>\n<p>&nbsp;<\/p>\n<p><span dir=\"auto\">\u00a0Las hebras m\u00e1s fuertes significan menos rotura, lo que estimula el crecimiento del cabello.<\/span><\/p>\n<p>&nbsp;<\/p>\n<p>&nbsp;<\/p>\n<h5 class=\"title-heading\"><span dir=\"auto\">INGREDIENTES CLAVE<\/span><\/h5>\n<div class=\"content-center\">\n<p><img loading=\"lazy\" decoding=\"async\" class=\"alignleft\" src=\"https:\/\/cdn.shopify.com\/s\/files\/1\/0717\/3334\/6626\/files\/biotin-image.png?v=1677573214\" width=\"227\" height=\"150\" \/><\/p>\n<p><span dir=\"auto\">La biotina es reconocida por sus efectos positivos en el cabello. Las investigaciones demuestran que mejora la salud capilar, incluyendo el brillo, el volumen y la cobertura del cuero cabelludo en mujeres con adelgazamiento capilar. Tambi\u00e9n se ha demostrado que ayuda a mejorar la hidrataci\u00f3n, la suavidad y la apariencia de la piel.<\/span><\/p>\n<\/div>\n<p><img decoding=\"async\" src=\"https:\/\/cdn.shopify.com\/s\/files\/1\/0717\/3334\/6626\/files\/biotin.jpg?v=1677573214\" \/><\/p>\n<h5 class=\"title-heading\"><span dir=\"auto\">C\u00f3mo utilizar<\/span><\/h5>\n<p><img decoding=\"async\" src=\"https:\/\/cdn.shopify.com\/s\/files\/1\/0717\/3334\/6626\/files\/Shampoo-bottom.png?v=1677571715\" \/><\/p>\n<div class=\"content-center\">\n<p class=\"text-center\"><span dir=\"auto\">Aplicar sobre el cabello mojado, masajeando el cuero cabelludo. Enjuagar bien. Repetir si es necesario.<\/span><\/p>\n<\/div>\n","protected":false},"excerpt":{"rendered":"<p>BEAUTE BIOTIN BOOTS Repara y restaura para promover un cabello sano con nuestro champ\u00fa Biotin Boost. Nutre y protege el<\/p>\n","protected":false},"featured_media":90177,"comment_status":"open","ping_status":"closed","template":"","meta":{"nf_dc_page":""},"product_brand":[103],"product_cat":[85],"product_tag":[1178],"class_list":{"0":"post-90169","1":"product","2":"type-product","3":"status-publish","4":"has-post-thumbnail","6":"product_brand-cosmo","7":"product_cat-cosmeticos","8":"product_tag-1178","10":"first","11":"outofstock","12":"shipping-taxable","13":"purchasable","14":"product-type-simple"},"_links":{"self":[{"href":"https:\/\/brandss.com.py\/index\/wp-json\/wp\/v2\/product\/90169","targetHints":{"allow":["GET"]}}],"collection":[{"href":"https:\/\/brandss.com.py\/index\/wp-json\/wp\/v2\/product"}],"about":[{"href":"https:\/\/brandss.com.py\/index\/wp-json\/wp\/v2\/types\/product"}],"replies":[{"embeddable":true,"href":"https:\/\/brandss.com.py\/index\/wp-json\/wp\/v2\/comments?post=90169"}],"version-history":[{"count":3,"href":"https:\/\/brandss.com.py\/index\/wp-json\/wp\/v2\/product\/90169\/revisions"}],"predecessor-version":[{"id":90183,"href":"https:\/\/brandss.com.py\/index\/wp-json\/wp\/v2\/product\/90169\/revisions\/90183"}],"wp:featuredmedia":[{"embeddable":true,"href":"https:\/\/brandss.com.py\/index\/wp-json\/wp\/v2\/media\/90177"}],"wp:attachment":[{"href":"https:\/\/brandss.com.py\/index\/wp-json\/wp\/v2\/media?parent=90169"}],"wp:term":[{"taxonomy":"product_brand","embeddable":true,"href":"https:\/\/brandss.com.py\/index\/wp-json\/wp\/v2\/product_brand?post=90169"},{"taxonomy":"product_cat","embeddable":true,"href":"https:\/\/brandss.com.py\/index\/wp-json\/wp\/v2\/product_cat?post=90169"},{"taxonomy":"product_tag","embeddable":true,"href":"https:\/\/brandss.com.py\/index\/wp-json\/wp\/v2\/product_tag?post=90169"}],"curies":[{"name":"wp","href":"https:\/\/api.w.org\/{rel}","templated":true}]}}