{"id":90180,"date":"2025-09-10T13:59:40","date_gmt":"2025-09-10T13:59:40","guid":{"rendered":"https:\/\/brandss.com.py\/index\/?post_type=product&#038;p=90180"},"modified":"2025-10-29T12:35:41","modified_gmt":"2025-10-29T12:35:41","slug":"shampoo-capilar-cosmo-beaute-biotin-boots-1000ml-2","status":"publish","type":"product","link":"https:\/\/brandss.com.py\/index\/producto\/shampoo-capilar-cosmo-beaute-biotin-boots-1000ml-2\/","title":{"rendered":"SHAMPOO CAPILAR COSMO BEAUTE BIOTIN BOOTS 1000ML"},"content":{"rendered":"<p><img loading=\"lazy\" decoding=\"async\" class=\"\" src=\"https:\/\/cosmocosmetics.ae\/cdn\/shop\/files\/logo-cosmo-regeister.png?v=1729761767&amp;width=340\" width=\"132\" height=\"28\" \/><\/p>\n<h1>BEAUTE BIOTIN BOOTS<\/h1>\n<p><span dir=\"auto\">Revitalice y restaure su cabello con el champ\u00fa espesante Biotin Boost COSMO, dise\u00f1ado para promover un cabello saludable, fuerte y vibrante.\u00a0<\/span><\/p>\n<p><span dir=\"auto\">Enriquecida con biotina, esta f\u00f3rmula nutritiva protege el cabello del da\u00f1o y la rotura, a la vez que aporta hidrataci\u00f3n y brillo esenciales. Transforma el cabello opaco en un cabello m\u00e1s abundante, grueso y saludable, fortaleciendo la fibra capilar, mejorando la textura y aumentando el volumen. Experimenta los beneficios de la biotina: fortalece tu cabello, reduce la rotura y estimula su crecimiento para una melena sedosa y voluminosa.<\/span><\/p>\n<div class=\"experience-component experience-dynamic-productLongDescription\">\n<div id=\"longDescription\" class=\"container product-long-description\">\n<div class=\"row\">\n<div class=\"col-12 col-md-8 description-text\">\n<div class=\"metafield-rich_text_field\">\n<h5><span dir=\"auto\">CARACTER\u00cdSTICAS<\/span><\/h5>\n<ul>\n<li><span dir=\"auto\">Enriquecido con biotina: fortalece el tallo del cabello, engrosa las hebras y agrega volumen.<\/span><\/li>\n<li><span dir=\"auto\">Hidrataci\u00f3n y brillo: nutre el cabello con la hidrataci\u00f3n esencial para un brillo saludable.<\/span><\/li>\n<li><span dir=\"auto\">Volumen mejorado: crea una apariencia m\u00e1s completa y gruesa para una apariencia m\u00e1s voluminosa.<\/span><\/li>\n<li><span dir=\"auto\">Protecci\u00f3n contra da\u00f1os y roturas: ayuda a proteger el cabello contra da\u00f1os y reducir la rotura.<\/span><\/li>\n<li><span dir=\"auto\">Fortalece las hebras: mejora la fuerza del cabello para estimular un crecimiento saludable.<\/span><\/li>\n<li><span dir=\"auto\">Transforma el cabello opaco: revitaliza las hebras opacas en un cabello m\u00e1s fuerte y saludable.<\/span><\/li>\n<\/ul>\n<p>&nbsp;<\/p>\n<\/div>\n<\/div>\n<div class=\"col-12 col-md-4 description-icon\">\n<div class=\"content-asset\">\n<p><img decoding=\"async\" class=\"alignleft\" src=\"https:\/\/cosmocosmetics.ae\/cdn\/shop\/files\/New_Project_25_64x64.png?v=1723527115\" \/><\/p>\n<p>&nbsp;<\/p>\n<p><img decoding=\"async\" class=\"alignleft\" src=\"https:\/\/cosmocosmetics.ae\/cdn\/shop\/files\/New_Project_23_64x64.png?v=1723528105\" \/><\/p>\n<p>&nbsp;<\/p>\n<p><img decoding=\"async\" src=\"https:\/\/cosmocosmetics.ae\/cdn\/shop\/files\/New_Project_24_64x64.png?v=1723528130\" \/><\/p>\n<p>&nbsp;<\/p>\n<\/div>\n<\/div>\n<\/div>\n<\/div>\n<\/div>\n<div class=\"experience-component experience-dynamic-productRoutineCustom\">\n<div id=\"productRoutine\" class=\"container-fluid product-routine-custom\">\n<div class=\"row custom\">\n<div class=\"col-12 carousel-heading mb-1\">\n<h5 class=\"carousel-title brand-primary\"><span dir=\"auto\">MODO DE EMPLEO<\/span><\/h5>\n<\/div>\n<\/div>\n<div class=\"row routine-wrapper\">\n<div class=\"col-12 product-routine-custom-line\">\n<div class=\"content-asset\">\n<div class=\"routine-item\">\n<div class=\"routine-image\"><img loading=\"lazy\" decoding=\"async\" class=\"w-100 alignleft\" src=\"https:\/\/cosmocosmetics.ae\/cdn\/shop\/files\/how_to_3.jpg?v=1723095133\" alt=\"\" width=\"160\" height=\"160\" \/><\/p>\n<div class=\"routine-middle col-md-12\">\n<p>&nbsp;<\/p>\n<p class=\"routine-step\"><span dir=\"auto\">PASO 1: Enjuague<\/span><\/p>\n<div class=\"routine-copy\"><span dir=\"auto\">Enjuague bien y seque con palmaditas.<\/span><\/div>\n<\/div>\n<\/div>\n<\/div>\n<\/div>\n<\/div>\n<div class=\"col-12 product-routine-custom-line\">\n<div class=\"content-asset\">\n<div class=\"routine-item\">\n<div class=\"routine-image\"><img loading=\"lazy\" decoding=\"async\" class=\"w-100 alignleft\" src=\"https:\/\/cosmocosmetics.ae\/cdn\/shop\/files\/how_to_2.jpg?v=1723095097\" alt=\"\" width=\"160\" height=\"160\" \/><\/p>\n<div class=\"routine-middle col-md-12\">\n<p>&nbsp;<\/p>\n<p class=\"routine-step\"><span dir=\"auto\">PASO 2: Enjabonar<\/span><\/p>\n<div class=\"routine-copy\"><span dir=\"auto\">Masajear suavemente con movimientos circulares para crear espuma.<\/span><\/div>\n<\/div>\n<\/div>\n<\/div>\n<\/div>\n<\/div>\n<div class=\"col-12 product-routine-custom-line\">\n<div class=\"content-asset\">\n<div class=\"routine-item\">\n<div class=\"routine-image\"><img loading=\"lazy\" decoding=\"async\" class=\"w-100 alignleft\" src=\"https:\/\/cosmocosmetics.ae\/cdn\/shop\/files\/how_to_1.jpg?v=1723095005\" alt=\"\" width=\"160\" height=\"160\" \/><\/p>\n<div class=\"routine-middle col-md-12\">\n<p>&nbsp;<\/p>\n<p class=\"routine-step\"><span dir=\"auto\">PASO 3: Limpiar<\/span><\/p>\n<div class=\"routine-copy\"><span dir=\"auto\">Humedezca su rostro y cuello y luego aplique una peque\u00f1a cantidad del limpiador facial.<\/span><\/div>\n<\/div>\n<div><\/div>\n<\/div>\n<\/div>\n<\/div>\n<\/div>\n<\/div>\n<\/div>\n<\/div>\n<div class=\"experience-component experience-dynamic-productIngredients\">\n<div id=\"productIngredients\" class=\"container product-ingredients mt-3\">\n<div class=\"row\">\n<div class=\"col-12 col-md-7 mt-3 mt-md-0 ingredients-copy\">\n<div class=\"content-asset\">\n<h2><\/h2>\n<h2><span dir=\"auto\">TODOS LOS INGREDIENTES<\/span><\/h2>\n<p><span dir=\"auto\">Transforma el cabello fino y liso en un cabello con m\u00e1s volumen y cuerpo con el Champ\u00fa Engrosador Biotin Boost de COSMO. Enriquecido con biotina y col\u00e1geno, esta f\u00f3rmula fortalece el tallo capilar, aportando grosor, volumen y dimensi\u00f3n para un look m\u00e1s denso. La bi<\/span><img loading=\"lazy\" decoding=\"async\" class=\"w-100 alignleft\" src=\"https:\/\/cosmocosmetics.ae\/cdn\/shop\/files\/biotin-image.webp?v=1723792719\" width=\"205\" height=\"135\" \/>otina fortalece y texturiza cada hebra, mientras que el col\u00e1geno fortalece, ayudando a reducir la rotura y a promover un crecimiento capilar m\u00e1s sano. Con una f\u00f3rmula suave y f\u00e1cil de formar espuma, este champ\u00fa limpia con suavidad a la vez que proporciona un volumen notable. Libre de sulfatos, parabenos, gluten y agentes secantes, el Champ\u00fa Engrosador Biotin Boost de COSMO es seguro para uso diario y perfecto para quienes buscan un cabello m\u00e1s grueso, fuerte y abundante.<\/p>\n<\/div>\n<\/div>\n<\/div>\n<\/div>\n<\/div>\n","protected":false},"excerpt":{"rendered":"<p>BEAUTE BIOTIN BOOTS Revitalice y restaure su cabello con el champ\u00fa espesante Biotin Boost COSMO, dise\u00f1ado para promover un cabello<\/p>\n","protected":false},"featured_media":90170,"comment_status":"open","ping_status":"closed","template":"","meta":{"nf_dc_page":""},"product_brand":[103],"product_cat":[85],"product_tag":[1143],"class_list":{"0":"post-90180","1":"product","2":"type-product","3":"status-publish","4":"has-post-thumbnail","6":"product_brand-cosmo","7":"product_cat-cosmeticos","8":"product_tag-1143","10":"first","11":"instock","12":"shipping-taxable","13":"purchasable","14":"product-type-simple"},"_links":{"self":[{"href":"https:\/\/brandss.com.py\/index\/wp-json\/wp\/v2\/product\/90180","targetHints":{"allow":["GET"]}}],"collection":[{"href":"https:\/\/brandss.com.py\/index\/wp-json\/wp\/v2\/product"}],"about":[{"href":"https:\/\/brandss.com.py\/index\/wp-json\/wp\/v2\/types\/product"}],"replies":[{"embeddable":true,"href":"https:\/\/brandss.com.py\/index\/wp-json\/wp\/v2\/comments?post=90180"}],"version-history":[{"count":1,"href":"https:\/\/brandss.com.py\/index\/wp-json\/wp\/v2\/product\/90180\/revisions"}],"predecessor-version":[{"id":90182,"href":"https:\/\/brandss.com.py\/index\/wp-json\/wp\/v2\/product\/90180\/revisions\/90182"}],"wp:featuredmedia":[{"embeddable":true,"href":"https:\/\/brandss.com.py\/index\/wp-json\/wp\/v2\/media\/90170"}],"wp:attachment":[{"href":"https:\/\/brandss.com.py\/index\/wp-json\/wp\/v2\/media?parent=90180"}],"wp:term":[{"taxonomy":"product_brand","embeddable":true,"href":"https:\/\/brandss.com.py\/index\/wp-json\/wp\/v2\/product_brand?post=90180"},{"taxonomy":"product_cat","embeddable":true,"href":"https:\/\/brandss.com.py\/index\/wp-json\/wp\/v2\/product_cat?post=90180"},{"taxonomy":"product_tag","embeddable":true,"href":"https:\/\/brandss.com.py\/index\/wp-json\/wp\/v2\/product_tag?post=90180"}],"curies":[{"name":"wp","href":"https:\/\/api.w.org\/{rel}","templated":true}]}}