{"id":90184,"date":"2025-09-10T14:18:14","date_gmt":"2025-09-10T14:18:14","guid":{"rendered":"https:\/\/brandss.com.py\/index\/?post_type=product&#038;p=90184"},"modified":"2025-09-10T14:28:15","modified_gmt":"2025-09-10T14:28:15","slug":"gel-de-ducha-corporal-cosmo-temptation-oud-1000ml","status":"publish","type":"product","link":"https:\/\/brandss.com.py\/index\/producto\/gel-de-ducha-corporal-cosmo-temptation-oud-1000ml\/","title":{"rendered":"GEL DE DUCHA CORPORAL COSMO TEMPTATION OUD 1000ML"},"content":{"rendered":"<p><img loading=\"lazy\" decoding=\"async\" class=\"\" src=\"https:\/\/cosmocosmetics.ae\/cdn\/shop\/files\/logo-cosmo-regeister.png?v=1729761767&amp;width=340\" width=\"151\" height=\"32\" \/><\/p>\n<h1>TEMPTATION OUD<\/h1>\n<p><span dir=\"auto\">Del\u00e9itate con la rica y ex\u00f3tica fragancia del oud con este exquisito gel de ducha. Sus embriagantes notas crean un aura de misterio y sofisticaci\u00f3n, envolviendo tus sentidos en una irresistible mezcla de madera y calidez. Deja que el seductor aroma del oud cautive tus sentidos y te transporte a un opulento reino de indulgencia.<\/span><\/p>\n<p><span dir=\"auto\">La placentera espuma del gel de ducha COSMO Temptation &#8211; Oud limpia suavemente tu piel, eliminando las impurezas y dej\u00e1ndola con una sensaci\u00f3n de limpieza, frescura y una sutil fragancia. Su f\u00f3rmula cuidadosamente elaborada proporciona una limpieza nutritiva, asegurando que tu piel permanezca suave, flexible y delicadamente perfumada.<\/span><\/p>\n<p><span dir=\"auto\">Sum\u00e9rgete en su textura sedosa mientras se desliza suavemente por tu cuerpo, creando una experiencia de ducha verdaderamente placentera. Deja que el seductor aroma del oud llene tu ducha, envolvi\u00e9ndote en una nube de elegancia y encanto.<\/span><\/p>\n<p><span dir=\"auto\">COSMO entiende la importancia de un cuidado de la piel suave pero eficaz, por eso este gel de ducha est\u00e1 formulado sin ingredientes agresivos, lo que lo hace apto para todo tipo de piel. Ya sea que tengas piel seca, grasa o sensible, puedes confiar en el Gel de Ducha Temptation de Oud de COSMO para una limpieza lujosa y suave.<\/span><\/p>\n<p><span dir=\"auto\">Experimenta la tentaci\u00f3n del Oud con el Gel de Ducha Temptation de COSMO. Deja que su cautivadora fragancia y su f\u00f3rmula nutritiva transformen tu rutina de ducha en un momento de puro placer. R\u00edndete al seductor encanto del Oud y abraza la opulencia que ofrece el compromiso de COSMO con la calidad y el deleite sensorial.<\/span><\/p>\n<h5><span dir=\"auto\">CARACTER\u00cdSTICAS<\/span><\/h5>\n<ul>\n<li><span dir=\"auto\">Fragancia ex\u00f3tica de Oud para una experiencia rica y sofisticada.<\/span><\/li>\n<li><span dir=\"auto\">Espuma indulgente que limpia y refresca suavemente.<\/span><\/li>\n<li><span dir=\"auto\">La f\u00f3rmula nutritiva deja la piel suave, flexible y sutilmente perfumada.<\/span><\/li>\n<li><span dir=\"auto\">Adecuado para todo tipo de piel, incluidas las sensibles.<\/span><\/li>\n<li><span dir=\"auto\">Formulado sin ingredientes agresivos para una limpieza suave.<\/span><\/li>\n<\/ul>\n<h5 class=\"title-heading\"><span dir=\"auto\">Beneficios clave<\/span><\/h5>\n<p><img loading=\"lazy\" decoding=\"async\" class=\"alignleft\" src=\"https:\/\/cdn.shopify.com\/s\/files\/1\/0717\/3334\/6626\/files\/top-single-oud.png?v=1678079176\" width=\"160\" height=\"148\" \/><\/p>\n<p><img loading=\"lazy\" decoding=\"async\" class=\"alignleft\" src=\"https:\/\/cdn.shopify.com\/s\/files\/1\/0717\/3334\/6626\/files\/body-top-2.png?v=1677757290\" width=\"158\" height=\"151\" \/><\/p>\n<p><img loading=\"lazy\" decoding=\"async\" class=\"\" src=\"https:\/\/cdn.shopify.com\/s\/files\/1\/0717\/3334\/6626\/files\/body-top3.png?v=1677757290\" width=\"160\" height=\"153\" \/><\/p>\n<p class=\"text-center\"><span dir=\"auto\">Limpia suavemente, dejando la piel tersa y suave.<\/span><\/p>\n<h5 class=\"title-heading\"><span dir=\"auto\">INGREDIENTES CLAVE<\/span><\/h5>\n<div class=\"content-center\"><img loading=\"lazy\" decoding=\"async\" class=\"alignleft\" src=\"https:\/\/cdn.shopify.com\/s\/files\/1\/0717\/3334\/6626\/files\/oud.jpg?v=1677757289\" width=\"304\" height=\"205\" \/>&nbsp;<\/p>\n<p>&nbsp;<\/p>\n<p><span dir=\"auto\">Con una lujosa fragancia de oud para deleitar tus sentidos y brindar una frescura duradera.<\/span><\/p>\n<\/div>\n<p><img decoding=\"async\" src=\"https:\/\/cdn.shopify.com\/s\/files\/1\/0717\/3334\/6626\/files\/oud_011d0b28-4f44-4e43-af0e-17392c69dae3.jpg?v=1678079176\" \/><\/p>\n<h5 class=\"title-heading\"><span dir=\"auto\">C\u00f3mo utilizar<\/span><\/h5>\n<p><img decoding=\"async\" src=\"https:\/\/cdn.shopify.com\/s\/files\/1\/0717\/3334\/6626\/files\/bottom_7886cc45-7bdd-4ff7-925f-a0dad1ed657d.png?v=1678079177\" \/><\/p>\n<div class=\"content-center\">\n<p class=\"text-center\"><span dir=\"auto\">Aplique una cantidad generosa de gel de ducha en las manos o en una esponja vegetal h\u00fameda. Forme una espuma abundante. Apl\u00edquelo suavemente sobre la piel h\u00fameda y luego enjuague.<\/span><\/p>\n<\/div>\n","protected":false},"excerpt":{"rendered":"<p>TEMPTATION OUD Del\u00e9itate con la rica y ex\u00f3tica fragancia del oud con este exquisito gel de ducha. Sus embriagantes notas<\/p>\n","protected":false},"featured_media":90185,"comment_status":"open","ping_status":"closed","template":"","meta":{"nf_dc_page":""},"product_brand":[103],"product_cat":[94],"product_tag":[],"class_list":{"0":"post-90184","1":"product","2":"type-product","3":"status-publish","4":"has-post-thumbnail","6":"product_brand-cosmo","7":"product_cat-higiene-personal","9":"first","10":"instock","11":"shipping-taxable","12":"purchasable","13":"product-type-simple"},"_links":{"self":[{"href":"https:\/\/brandss.com.py\/index\/wp-json\/wp\/v2\/product\/90184","targetHints":{"allow":["GET"]}}],"collection":[{"href":"https:\/\/brandss.com.py\/index\/wp-json\/wp\/v2\/product"}],"about":[{"href":"https:\/\/brandss.com.py\/index\/wp-json\/wp\/v2\/types\/product"}],"replies":[{"embeddable":true,"href":"https:\/\/brandss.com.py\/index\/wp-json\/wp\/v2\/comments?post=90184"}],"version-history":[{"count":1,"href":"https:\/\/brandss.com.py\/index\/wp-json\/wp\/v2\/product\/90184\/revisions"}],"predecessor-version":[{"id":90189,"href":"https:\/\/brandss.com.py\/index\/wp-json\/wp\/v2\/product\/90184\/revisions\/90189"}],"wp:featuredmedia":[{"embeddable":true,"href":"https:\/\/brandss.com.py\/index\/wp-json\/wp\/v2\/media\/90185"}],"wp:attachment":[{"href":"https:\/\/brandss.com.py\/index\/wp-json\/wp\/v2\/media?parent=90184"}],"wp:term":[{"taxonomy":"product_brand","embeddable":true,"href":"https:\/\/brandss.com.py\/index\/wp-json\/wp\/v2\/product_brand?post=90184"},{"taxonomy":"product_cat","embeddable":true,"href":"https:\/\/brandss.com.py\/index\/wp-json\/wp\/v2\/product_cat?post=90184"},{"taxonomy":"product_tag","embeddable":true,"href":"https:\/\/brandss.com.py\/index\/wp-json\/wp\/v2\/product_tag?post=90184"}],"curies":[{"name":"wp","href":"https:\/\/api.w.org\/{rel}","templated":true}]}}