{"id":90194,"date":"2025-09-10T17:25:19","date_gmt":"2025-09-10T17:25:19","guid":{"rendered":"https:\/\/brandss.com.py\/index\/?post_type=product&#038;p=90194"},"modified":"2025-09-10T17:25:53","modified_gmt":"2025-09-10T17:25:53","slug":"locion-corporal-cosmo-beaute-shea-butter-1000ml","status":"publish","type":"product","link":"https:\/\/brandss.com.py\/index\/producto\/locion-corporal-cosmo-beaute-shea-butter-1000ml\/","title":{"rendered":"LOCI\u00d3N CORPORAL COSMO BEAUTE SHEA BUTTER 1000ML"},"content":{"rendered":"<p><img loading=\"lazy\" decoding=\"async\" class=\"\" src=\"https:\/\/cosmocosmetics.ae\/cdn\/shop\/files\/logo-cosmo-regeister.png?v=1729761767&amp;width=340\" width=\"156\" height=\"33\" \/><\/p>\n<h1>BEAUTE SHEA BUTTER<\/h1>\n<p>Consiente tu piel con la rica nutrici\u00f3n de nuestra Loci\u00f3n Corporal de Manteca de Karit\u00e9 con Vitamina E. Formulada con el poder hidratante de la manteca de karit\u00e9 y los beneficios nutritivos de la vitamina E, esta loci\u00f3n ayuda a retener la humedad, dej\u00e1ndola suave, tersa y bien nutrida. Su f\u00f3rmula no grasa se absorbe r\u00e1pidamente, proporcionando una hidrataci\u00f3n duradera a la vez que restaura la elasticidad y luminosidad naturales de la piel.<\/p>\n<h5><span dir=\"auto\">CARACTER\u00cdSTICAS<\/span><\/h5>\n<ul>\n<li><span dir=\"auto\">Hidrata profundamente y nutre con manteca de karit\u00e9 y vitamina E.<\/span><\/li>\n<li><span dir=\"auto\">Sella la humedad para una hidrataci\u00f3n duradera.<\/span><\/li>\n<li><span dir=\"auto\">F\u00f3rmula no grasa que se absorbe r\u00e1pidamente.<\/span><\/li>\n<li><span dir=\"auto\">Deja la piel suave, tersa y flexible.<br \/>\n<\/span><\/li>\n<\/ul>\n<h5><span dir=\"auto\">Beneficios:<\/span><\/h5>\n<ul>\n<li><strong><span dir=\"auto\">Hidrataci\u00f3n profunda<\/span><\/strong><span dir=\"auto\">\u00a0: La f\u00f3rmula de manteca de karit\u00e9 y Hydracare trabajan juntas para proporcionar una hidrataci\u00f3n profunda y duradera a la piel seca, dej\u00e1ndola nutrida y suave.<\/span><\/li>\n<li><strong><span dir=\"auto\">Suaviza y acondiciona la piel<\/span><\/strong><span dir=\"auto\">\u00a0: La loci\u00f3n ayuda a suavizar y acondicionar la piel, mejorando su textura y dej\u00e1ndola sedosa y suave.<\/span><\/li>\n<li><strong><span dir=\"auto\">Fragancia duradera<\/span><\/strong><span dir=\"auto\">\u00a0: el aroma perfumado permanece en la piel, proporcionando una fragancia ligera pero refrescante durante todo el d\u00eda.<\/span><\/li>\n<li><strong><span dir=\"auto\">Adecuado para piel seca<\/span><\/strong><span dir=\"auto\">\u00a0: ideal para personas con piel seca o \u00e1spera, ayuda a restaurar la humedad y mejora la textura de la piel.<\/span><\/li>\n<li><strong><span dir=\"auto\">Tama\u00f1o m\u00e1s grande para una mejor relaci\u00f3n calidad-precio<\/span><\/strong><span dir=\"auto\">\u00a0: el tama\u00f1o de 1000 ml es ideal para quienes prefieren un envase m\u00e1s grande y un uso frecuente, ofreciendo una excelente relaci\u00f3n calidad-precio.<\/span><\/li>\n<\/ul>\n<h5><span dir=\"auto\">Uso:<\/span><\/h5>\n<ul>\n<li><span dir=\"auto\">Aplicar generosamente sobre la piel limpia y seca y masajear suavemente hasta su completa absorci\u00f3n.<\/span><\/li>\n<li><span dir=\"auto\">\u00daselo regularmente, especialmente despu\u00e9s del ba\u00f1o, para mantener la piel suave e hidratada.<\/span><\/li>\n<\/ul>\n","protected":false},"excerpt":{"rendered":"<p>BEAUTE SHEA BUTTER Consiente tu piel con la rica nutrici\u00f3n de nuestra Loci\u00f3n Corporal de Manteca de Karit\u00e9 con Vitamina<\/p>\n","protected":false},"featured_media":90195,"comment_status":"open","ping_status":"closed","template":"","meta":{"nf_dc_page":""},"product_brand":[103],"product_cat":[85],"product_tag":[],"class_list":{"0":"post-90194","1":"product","2":"type-product","3":"status-publish","4":"has-post-thumbnail","6":"product_brand-cosmo","7":"product_cat-cosmeticos","9":"first","10":"instock","11":"shipping-taxable","12":"purchasable","13":"product-type-simple"},"_links":{"self":[{"href":"https:\/\/brandss.com.py\/index\/wp-json\/wp\/v2\/product\/90194","targetHints":{"allow":["GET"]}}],"collection":[{"href":"https:\/\/brandss.com.py\/index\/wp-json\/wp\/v2\/product"}],"about":[{"href":"https:\/\/brandss.com.py\/index\/wp-json\/wp\/v2\/types\/product"}],"replies":[{"embeddable":true,"href":"https:\/\/brandss.com.py\/index\/wp-json\/wp\/v2\/comments?post=90194"}],"version-history":[{"count":1,"href":"https:\/\/brandss.com.py\/index\/wp-json\/wp\/v2\/product\/90194\/revisions"}],"predecessor-version":[{"id":90196,"href":"https:\/\/brandss.com.py\/index\/wp-json\/wp\/v2\/product\/90194\/revisions\/90196"}],"wp:featuredmedia":[{"embeddable":true,"href":"https:\/\/brandss.com.py\/index\/wp-json\/wp\/v2\/media\/90195"}],"wp:attachment":[{"href":"https:\/\/brandss.com.py\/index\/wp-json\/wp\/v2\/media?parent=90194"}],"wp:term":[{"taxonomy":"product_brand","embeddable":true,"href":"https:\/\/brandss.com.py\/index\/wp-json\/wp\/v2\/product_brand?post=90194"},{"taxonomy":"product_cat","embeddable":true,"href":"https:\/\/brandss.com.py\/index\/wp-json\/wp\/v2\/product_cat?post=90194"},{"taxonomy":"product_tag","embeddable":true,"href":"https:\/\/brandss.com.py\/index\/wp-json\/wp\/v2\/product_tag?post=90194"}],"curies":[{"name":"wp","href":"https:\/\/api.w.org\/{rel}","templated":true}]}}