{"id":90197,"date":"2025-09-10T17:42:18","date_gmt":"2025-09-10T17:42:18","guid":{"rendered":"https:\/\/brandss.com.py\/index\/?post_type=product&#038;p=90197"},"modified":"2025-09-10T17:42:48","modified_gmt":"2025-09-10T17:42:48","slug":"locion-corporal-cosmo-beaute-african-shea-butter-1000ml","status":"publish","type":"product","link":"https:\/\/brandss.com.py\/index\/producto\/locion-corporal-cosmo-beaute-african-shea-butter-1000ml\/","title":{"rendered":"LOCI\u00d3N CORPORAL COSMO BEAUTE AFRICAN SHEA BUTTER 1000ML"},"content":{"rendered":"<p><img loading=\"lazy\" decoding=\"async\" class=\"\" src=\"https:\/\/cosmocosmetics.ae\/cdn\/shop\/files\/logo-cosmo-regeister.png?v=1729761767&amp;width=340\" width=\"236\" height=\"50\" \/><\/p>\n<h1>BEAUTE AFRICAN SHEA BUTTER<\/h1>\n<p><span dir=\"auto\">Una crema hidratante avanzada, no grasa y de r\u00e1pida absorci\u00f3n que ayuda a regenerar la piel, dej\u00e1ndola suave y tersa. Enriquecida con manteca de karit\u00e9 natural y vitamina E, ayuda a restaurar y controlar el equilibrio de hidrataci\u00f3n esencial y a prevenir las arrugas. Adem\u00e1s, calma y relaja la piel seca, irritada y agrietada. Su f\u00f3rmula con manteca de karit\u00e9 y vitamina E retiene la hidrataci\u00f3n y nutre la piel. Nuestra loci\u00f3n hidratante no grasa, de nutrici\u00f3n profunda, ha sido especialmente dise\u00f1ada para proporcionar una hidrataci\u00f3n duradera. La loci\u00f3n corporal calmante Cosmo African Shea Butter es una loci\u00f3n hidratante y apta para todo tipo de piel.<\/span><\/p>\n<h5><span dir=\"auto\">CARACTER\u00cdSTICAS<\/span><\/h5>\n<ul>\n<li><span dir=\"auto\">Infundido con manteca de karit\u00e9 para hidratar profundamente y reconstruir la piel, mejorando la suavidad y tersura.<\/span><\/li>\n<li><span dir=\"auto\">Enriquecido con vitamina E para ayudar a restaurar y mantener el equilibrio de hidrataci\u00f3n de la piel mientras previene la aparici\u00f3n de arrugas.<\/span><\/li>\n<li><span dir=\"auto\">Proporciona alivio calmante para la piel seca, irritada y agrietada, lo que lo hace ideal para el uso diario.<\/span><\/li>\n<li><span dir=\"auto\">La f\u00f3rmula no grasa se absorbe r\u00e1pidamente y proporciona una hidrataci\u00f3n duradera sin dejar residuos pegajosos.<\/span><\/li>\n<\/ul>\n<h5 class=\"title-heading\"><span dir=\"auto\">beneficios clave<\/span><\/h5>\n<p><img loading=\"lazy\" decoding=\"async\" class=\"alignleft\" src=\"https:\/\/cdn.shopify.com\/s\/files\/1\/0717\/3334\/6626\/files\/body-top-african-shea.png?v=1677757290\" width=\"160\" height=\"153\" \/><\/p>\n<p><img loading=\"lazy\" decoding=\"async\" class=\"alignleft\" src=\"https:\/\/cdn.shopify.com\/s\/files\/1\/0717\/3334\/6626\/files\/body-top-2.png?v=1677757290\" width=\"160\" height=\"153\" \/><\/p>\n<p><img loading=\"lazy\" decoding=\"async\" class=\"\" src=\"https:\/\/cdn.shopify.com\/s\/files\/1\/0717\/3334\/6626\/files\/body-top3.png?v=1677757290\" width=\"160\" height=\"153\" \/><\/p>\n<p class=\"text-center\"><span dir=\"auto\">Calmar la piel y proporcionar hidrataci\u00f3n duradera.<\/span><\/p>\n<h5 class=\"title-heading\"><span dir=\"auto\">INGREDIENTES CLAVE<\/span><\/h5>\n<div class=\"content-center\"><img loading=\"lazy\" decoding=\"async\" class=\"alignleft\" src=\"https:\/\/cdn.shopify.com\/s\/files\/1\/0717\/3334\/6626\/files\/shea-butter.jpg?v=1677757289\" width=\"291\" height=\"196\" \/>&nbsp;<\/p>\n<\/div>\n<p>&nbsp;<\/p>\n<p>Manteca de karit\u00e9: ayuda a reponer la humedad, suaviza y nutre cada hebra para dejar tu cabello saludable, flexible y brillante.<img decoding=\"async\" src=\"https:\/\/cdn.shopify.com\/s\/files\/1\/0717\/3334\/6626\/files\/why-chose-shea-butter.jpg?v=1677757289\" \/><\/p>\n<h5 class=\"title-heading\"><span dir=\"auto\">C\u00f3mo utilizar<\/span><\/h5>\n<p><img decoding=\"async\" src=\"https:\/\/cdn.shopify.com\/s\/files\/1\/0717\/3334\/6626\/files\/body-lotion-bottom.jpg?v=1677757288\" \/><\/p>\n<div class=\"content-center\">\n<p class=\"text-center\"><span dir=\"auto\">Aplique la loci\u00f3n suavemente por todo el cuerpo, masaje\u00e1ndola lentamente. Es mejor utilizarla despu\u00e9s del ba\u00f1o, cuando la piel est\u00e1 m\u00e1s receptiva a la hidrataci\u00f3n.<\/span><\/p>\n<\/div>\n","protected":false},"excerpt":{"rendered":"<p>BEAUTE AFRICAN SHEA BUTTER Una crema hidratante avanzada, no grasa y de r\u00e1pida absorci\u00f3n que ayuda a regenerar la piel,<\/p>\n","protected":false},"featured_media":90198,"comment_status":"open","ping_status":"closed","template":"","meta":{"nf_dc_page":""},"product_brand":[103],"product_cat":[85],"product_tag":[],"class_list":{"0":"post-90197","1":"product","2":"type-product","3":"status-publish","4":"has-post-thumbnail","6":"product_brand-cosmo","7":"product_cat-cosmeticos","9":"first","10":"instock","11":"shipping-taxable","12":"purchasable","13":"product-type-simple"},"_links":{"self":[{"href":"https:\/\/brandss.com.py\/index\/wp-json\/wp\/v2\/product\/90197","targetHints":{"allow":["GET"]}}],"collection":[{"href":"https:\/\/brandss.com.py\/index\/wp-json\/wp\/v2\/product"}],"about":[{"href":"https:\/\/brandss.com.py\/index\/wp-json\/wp\/v2\/types\/product"}],"replies":[{"embeddable":true,"href":"https:\/\/brandss.com.py\/index\/wp-json\/wp\/v2\/comments?post=90197"}],"version-history":[{"count":1,"href":"https:\/\/brandss.com.py\/index\/wp-json\/wp\/v2\/product\/90197\/revisions"}],"predecessor-version":[{"id":90200,"href":"https:\/\/brandss.com.py\/index\/wp-json\/wp\/v2\/product\/90197\/revisions\/90200"}],"wp:featuredmedia":[{"embeddable":true,"href":"https:\/\/brandss.com.py\/index\/wp-json\/wp\/v2\/media\/90198"}],"wp:attachment":[{"href":"https:\/\/brandss.com.py\/index\/wp-json\/wp\/v2\/media?parent=90197"}],"wp:term":[{"taxonomy":"product_brand","embeddable":true,"href":"https:\/\/brandss.com.py\/index\/wp-json\/wp\/v2\/product_brand?post=90197"},{"taxonomy":"product_cat","embeddable":true,"href":"https:\/\/brandss.com.py\/index\/wp-json\/wp\/v2\/product_cat?post=90197"},{"taxonomy":"product_tag","embeddable":true,"href":"https:\/\/brandss.com.py\/index\/wp-json\/wp\/v2\/product_tag?post=90197"}],"curies":[{"name":"wp","href":"https:\/\/api.w.org\/{rel}","templated":true}]}}