{"id":90201,"date":"2025-09-10T18:09:40","date_gmt":"2025-09-10T18:09:40","guid":{"rendered":"https:\/\/brandss.com.py\/index\/?post_type=product&#038;p=90201"},"modified":"2025-09-10T18:22:09","modified_gmt":"2025-09-10T18:22:09","slug":"locion-corporal-cosmo-beaute-romance-perfumed1000ml","status":"publish","type":"product","link":"https:\/\/brandss.com.py\/index\/producto\/locion-corporal-cosmo-beaute-romance-perfumed1000ml\/","title":{"rendered":"LOCI\u00d3N CORPORAL COSMO BEAUTE ROMANCE PERFUMED 1000ML"},"content":{"rendered":"<p><img loading=\"lazy\" decoding=\"async\" class=\"\" src=\"https:\/\/cosmocosmetics.ae\/cdn\/shop\/files\/logo-cosmo-regeister.png?v=1729761767&amp;width=340\" width=\"203\" height=\"43\" \/><\/p>\n<h1>BEAUTE ROMANCE PERFUMED<\/h1>\n<p><span dir=\"auto\">Nutre con aroma. Nuestra loci\u00f3n perfumada de r\u00e1pida absorci\u00f3n con hidrataci\u00f3n 24 horas es perfecta para manos y cuerpo. Aplica la loci\u00f3n suavemente y termina con la bruma para una fragancia duradera. Con este irresistible aroma, \u00a1no te detendr\u00e1s! \u00a1Enamora tu piel y tus sentidos con esta loci\u00f3n corporal irresistiblemente encantadora! Deja que su impresionante aroma te encante mientras su f\u00f3rmula sedosa y suave la acaricia, dej\u00e1ndola con una sensaci\u00f3n de suavidad satinada y un cuidado perfecto. Especialmente formulada con extracto de seda, que suaviza la piel, crea una textura suave y transl\u00facida que se desliza sobre la piel, dej\u00e1ndola como si estuviera envuelta en una cinta de hidrataci\u00f3n sedosa. Su f\u00f3rmula hidratante de 24 horas dejar\u00e1 la piel con una sensaci\u00f3n irresistiblemente sedosa, mientras que su rom\u00e1ntica fragancia cautivar\u00e1 tus sentidos, dej\u00e1ndote con una maravillosa y c\u00e1lida sensaci\u00f3n de ser amada. \u00a1Enam\u00f3rate de tu piel sedosa, todos los d\u00edas!<\/span><\/p>\n<h5><span dir=\"auto\">CARACTER\u00cdSTICAS<\/span><\/h5>\n<ul>\n<li><span dir=\"auto\">Enriquecido con aloe vera y vitamina E para una hidrataci\u00f3n y nutrici\u00f3n profunda.<\/span><\/li>\n<li><span dir=\"auto\">Deja la piel suave, tersa y radiante con un acabado aterciopelado.<\/span><\/li>\n<li><span dir=\"auto\">Presenta una fragancia encantadora que combina c\u00edtricos y vainilla dulce para un aroma c\u00e1lido y refrescante.<\/span><\/li>\n<li><span dir=\"auto\">F\u00f3rmula ligera y no grasa que se absorbe r\u00e1pidamente y proporciona una frescura duradera.<\/span><\/li>\n<li><span dir=\"auto\">Un embalaje sofisticado con un dise\u00f1o elegante y minimalista a\u00f1ade un toque de lujo a cualquier entorno.<\/span><\/li>\n<\/ul>\n<h5 class=\"title-heading\"><span dir=\"auto\">beneficios clave<\/span><\/h5>\n<p><img loading=\"lazy\" decoding=\"async\" class=\"alignleft\" src=\"https:\/\/cdn.shopify.com\/s\/files\/1\/0717\/3334\/6626\/files\/body-top-romance.png?v=1677757290\" width=\"152\" height=\"145\" \/><\/p>\n<p><img loading=\"lazy\" decoding=\"async\" class=\"alignleft\" src=\"https:\/\/cdn.shopify.com\/s\/files\/1\/0717\/3334\/6626\/files\/body-top-2.png?v=1677757290\" width=\"160\" height=\"153\" \/><\/p>\n<p><img loading=\"lazy\" decoding=\"async\" class=\"\" src=\"https:\/\/cdn.shopify.com\/s\/files\/1\/0717\/3334\/6626\/files\/body-top3.png?v=1677757290\" width=\"160\" height=\"153\" \/><\/p>\n<p class=\"text-center\"><span dir=\"auto\">Calmar la piel y proporcionar hidrataci\u00f3n duradera.<\/span><\/p>\n<h5 class=\"title-heading\"><span dir=\"auto\">INGREDIENTES CLAVE<\/span><\/h5>\n<div class=\"content-center\"><img loading=\"lazy\" decoding=\"async\" class=\"alignleft\" src=\"https:\/\/cdn.shopify.com\/s\/files\/1\/0717\/3334\/6626\/files\/rose.jpg?v=1677757288\" width=\"255\" height=\"172\" \/>&nbsp;<\/p>\n<p>&nbsp;<\/p>\n<p><span dir=\"auto\">Con extracto de rosa para una piel revitalizada y radiante.<\/span><\/p>\n<\/div>\n<p><img decoding=\"async\" src=\"https:\/\/cdn.shopify.com\/s\/files\/1\/0717\/3334\/6626\/files\/why-chose-romance.jpg?v=1677757289\" \/><\/p>\n<h5 class=\"title-heading\"><span dir=\"auto\">C\u00f3mo utilizar<\/span><\/h5>\n<p><img decoding=\"async\" src=\"https:\/\/cdn.shopify.com\/s\/files\/1\/0717\/3334\/6626\/files\/body-lotion-bottom.jpg?v=1677757288\" \/><\/p>\n<div class=\"content-center\">\n<p class=\"text-center\"><span dir=\"auto\">Aplique la loci\u00f3n suavemente por todo el cuerpo, masaje\u00e1ndola lentamente. Es mejor utilizarla despu\u00e9s del ba\u00f1o, cuando la piel est\u00e1 m\u00e1s receptiva a la hidrataci\u00f3n.<\/span><\/p>\n<\/div>\n","protected":false},"excerpt":{"rendered":"<p>BEAUTE ROMANCE PERFUMED Nutre con aroma. Nuestra loci\u00f3n perfumada de r\u00e1pida absorci\u00f3n con hidrataci\u00f3n 24 horas es perfecta para manos<\/p>\n","protected":false},"featured_media":90203,"comment_status":"open","ping_status":"closed","template":"","meta":{"nf_dc_page":""},"product_brand":[103],"product_cat":[85],"product_tag":[],"class_list":{"0":"post-90201","1":"product","2":"type-product","3":"status-publish","4":"has-post-thumbnail","6":"product_brand-cosmo","7":"product_cat-cosmeticos","9":"first","10":"instock","11":"shipping-taxable","12":"purchasable","13":"product-type-simple"},"_links":{"self":[{"href":"https:\/\/brandss.com.py\/index\/wp-json\/wp\/v2\/product\/90201","targetHints":{"allow":["GET"]}}],"collection":[{"href":"https:\/\/brandss.com.py\/index\/wp-json\/wp\/v2\/product"}],"about":[{"href":"https:\/\/brandss.com.py\/index\/wp-json\/wp\/v2\/types\/product"}],"replies":[{"embeddable":true,"href":"https:\/\/brandss.com.py\/index\/wp-json\/wp\/v2\/comments?post=90201"}],"version-history":[{"count":2,"href":"https:\/\/brandss.com.py\/index\/wp-json\/wp\/v2\/product\/90201\/revisions"}],"predecessor-version":[{"id":90206,"href":"https:\/\/brandss.com.py\/index\/wp-json\/wp\/v2\/product\/90201\/revisions\/90206"}],"wp:featuredmedia":[{"embeddable":true,"href":"https:\/\/brandss.com.py\/index\/wp-json\/wp\/v2\/media\/90203"}],"wp:attachment":[{"href":"https:\/\/brandss.com.py\/index\/wp-json\/wp\/v2\/media?parent=90201"}],"wp:term":[{"taxonomy":"product_brand","embeddable":true,"href":"https:\/\/brandss.com.py\/index\/wp-json\/wp\/v2\/product_brand?post=90201"},{"taxonomy":"product_cat","embeddable":true,"href":"https:\/\/brandss.com.py\/index\/wp-json\/wp\/v2\/product_cat?post=90201"},{"taxonomy":"product_tag","embeddable":true,"href":"https:\/\/brandss.com.py\/index\/wp-json\/wp\/v2\/product_tag?post=90201"}],"curies":[{"name":"wp","href":"https:\/\/api.w.org\/{rel}","templated":true}]}}