{"id":90207,"date":"2025-09-10T18:33:38","date_gmt":"2025-09-10T18:33:38","guid":{"rendered":"https:\/\/brandss.com.py\/index\/?post_type=product&#038;p=90207"},"modified":"2025-10-29T12:34:49","modified_gmt":"2025-10-29T12:34:49","slug":"locion-corporal-cosmo-beaute-cucumber-melon-cooling-refreshing-1000ml","status":"publish","type":"product","link":"https:\/\/brandss.com.py\/index\/producto\/locion-corporal-cosmo-beaute-cucumber-melon-cooling-refreshing-1000ml\/","title":{"rendered":"LOCI\u00d3N CORPORAL COSMO BEAUTE CUCUMBER MELON COOLING &amp; REFRESHING 1000ML"},"content":{"rendered":"<p><img loading=\"lazy\" decoding=\"async\" class=\"\" src=\"https:\/\/cosmocosmetics.ae\/cdn\/shop\/files\/logo-cosmo-regeister.png?v=1729761767&amp;width=340\" width=\"156\" height=\"33\" \/><\/p>\n<h1>BEAUTE CUCUMBER MELON COOLING &amp; REFRESHING<\/h1>\n<p><span dir=\"auto\">Con extractos de pepino y manteca de karit\u00e9, esta loci\u00f3n corporal est\u00e1 especialmente formulada para hidratar y suavizar la piel. Hidrata y refresca tu piel este verano con nuestra loci\u00f3n corporal especial de pepino y mel\u00f3n. Enriquecida con manteca de karit\u00e9 y vitamina E, nuestra loci\u00f3n no grasa se absorbe r\u00e1pidamente para brindar una hidrataci\u00f3n duradera y mantenerte fresca todo el d\u00eda. Est\u00e1 cl\u00ednicamente probada para 24 horas de hidrataci\u00f3n que deja la piel suave y tersa. Captura la esencia de la frescura y la c\u00e1lida luz del sol y nutre tu piel con esta mezcla. Mantiene tu cuerpo hidratado por mucho tiempo y tiene una fragancia especial que te alegrar\u00e1 el d\u00eda. Masajea generosamente la loci\u00f3n corporal despu\u00e9s del ba\u00f1o o cuando sientas la piel seca, prestando especial atenci\u00f3n a codos, rodillas y talones.<\/span><\/p>\n<h5><span dir=\"auto\">CARACTER\u00cdSTICAS<\/span><\/h5>\n<ul>\n<li><span dir=\"auto\">Enriquecida con extractos naturales, esta loci\u00f3n ofrece un toque calmante que revitaliza la piel cansada.<\/span><\/li>\n<li><span dir=\"auto\">Infundido con agentes hidratantes que mejoran la elasticidad y suavidad de la piel.<\/span><\/li>\n<li><span dir=\"auto\">Cuenta con una f\u00f3rmula de r\u00e1pida absorci\u00f3n que no deja residuos grasos, ideal para uso diario.<\/span><\/li>\n<li><span dir=\"auto\">La textura ligera y no grasa asegura que tu piel se sienta fresca y c\u00f3moda durante todo el d\u00eda.<\/span><\/li>\n<li><span dir=\"auto\">El sutil aroma a pepino y mel\u00f3n crea un aroma ligero y agradable que perdura sin abrumar.<\/span><\/li>\n<\/ul>\n<h5 class=\"title-heading\"><span dir=\"auto\">beneficios clave<\/span><\/h5>\n<p><img loading=\"lazy\" decoding=\"async\" class=\"alignleft\" src=\"https:\/\/cdn.shopify.com\/s\/files\/1\/0717\/3334\/6626\/files\/body-top-cucumber-melon.png?v=1677757290\" width=\"160\" height=\"153\" \/><\/p>\n<p><img loading=\"lazy\" decoding=\"async\" class=\"alignleft\" src=\"https:\/\/cdn.shopify.com\/s\/files\/1\/0717\/3334\/6626\/files\/body-top-2.png?v=1677757290\" width=\"160\" height=\"153\" \/><\/p>\n<p><img loading=\"lazy\" decoding=\"async\" class=\"\" src=\"https:\/\/cdn.shopify.com\/s\/files\/1\/0717\/3334\/6626\/files\/body-top3.png?v=1677757290\" width=\"160\" height=\"153\" \/><\/p>\n<p class=\"text-center\"><span dir=\"auto\">Calmar la piel y proporcionar hidrataci\u00f3n duradera.<\/span><\/p>\n<h5 class=\"title-heading\"><span dir=\"auto\">INGREDIENTES CLAVE<\/span><\/h5>\n<div class=\"content-center\"><img loading=\"lazy\" decoding=\"async\" class=\"alignleft\" src=\"https:\/\/cdn.shopify.com\/s\/files\/1\/0717\/3334\/6626\/files\/cucumber-melon.jpg?v=1677757290\" width=\"243\" height=\"164\" \/>&nbsp;<\/p>\n<p>&nbsp;<\/p>\n<p><span dir=\"auto\">Con extracto de pepino y mel\u00f3n que ayuda a calmar e hidratar la piel seca.<\/span><\/p>\n<\/div>\n<p><img decoding=\"async\" src=\"https:\/\/cdn.shopify.com\/s\/files\/1\/0717\/3334\/6626\/files\/why-chose-cucumber-melon.jpg?v=1677757289\" \/><\/p>\n<h3 class=\"title-heading\"><span dir=\"auto\">C\u00f3mo utilizar<\/span><\/h3>\n<p><img decoding=\"async\" src=\"https:\/\/cdn.shopify.com\/s\/files\/1\/0717\/3334\/6626\/files\/body-lotion-bottom.jpg?v=1677757288\" \/><\/p>\n<div class=\"content-center\">\n<p class=\"text-center\"><span dir=\"auto\">Aplique la loci\u00f3n suavemente por todo el cuerpo, masaje\u00e1ndola lentamente. Es mejor utilizarla despu\u00e9s del ba\u00f1o, cuando la piel est\u00e1 m\u00e1s receptiva a la hidrataci\u00f3n.<\/span><\/p>\n<\/div>\n","protected":false},"excerpt":{"rendered":"<p>BEAUTE CUCUMBER MELON COOLING &amp; REFRESHING Con extractos de pepino y manteca de karit\u00e9, esta loci\u00f3n corporal est\u00e1 especialmente formulada<\/p>\n","protected":false},"featured_media":90208,"comment_status":"open","ping_status":"closed","template":"","meta":{"nf_dc_page":""},"product_brand":[103],"product_cat":[85],"product_tag":[1145],"class_list":{"0":"post-90207","1":"product","2":"type-product","3":"status-publish","4":"has-post-thumbnail","6":"product_brand-cosmo","7":"product_cat-cosmeticos","8":"product_tag-1145","10":"first","11":"instock","12":"shipping-taxable","13":"purchasable","14":"product-type-simple"},"_links":{"self":[{"href":"https:\/\/brandss.com.py\/index\/wp-json\/wp\/v2\/product\/90207","targetHints":{"allow":["GET"]}}],"collection":[{"href":"https:\/\/brandss.com.py\/index\/wp-json\/wp\/v2\/product"}],"about":[{"href":"https:\/\/brandss.com.py\/index\/wp-json\/wp\/v2\/types\/product"}],"replies":[{"embeddable":true,"href":"https:\/\/brandss.com.py\/index\/wp-json\/wp\/v2\/comments?post=90207"}],"version-history":[{"count":1,"href":"https:\/\/brandss.com.py\/index\/wp-json\/wp\/v2\/product\/90207\/revisions"}],"predecessor-version":[{"id":90210,"href":"https:\/\/brandss.com.py\/index\/wp-json\/wp\/v2\/product\/90207\/revisions\/90210"}],"wp:featuredmedia":[{"embeddable":true,"href":"https:\/\/brandss.com.py\/index\/wp-json\/wp\/v2\/media\/90208"}],"wp:attachment":[{"href":"https:\/\/brandss.com.py\/index\/wp-json\/wp\/v2\/media?parent=90207"}],"wp:term":[{"taxonomy":"product_brand","embeddable":true,"href":"https:\/\/brandss.com.py\/index\/wp-json\/wp\/v2\/product_brand?post=90207"},{"taxonomy":"product_cat","embeddable":true,"href":"https:\/\/brandss.com.py\/index\/wp-json\/wp\/v2\/product_cat?post=90207"},{"taxonomy":"product_tag","embeddable":true,"href":"https:\/\/brandss.com.py\/index\/wp-json\/wp\/v2\/product_tag?post=90207"}],"curies":[{"name":"wp","href":"https:\/\/api.w.org\/{rel}","templated":true}]}}