{"id":90211,"date":"2025-09-10T18:54:59","date_gmt":"2025-09-10T18:54:59","guid":{"rendered":"https:\/\/brandss.com.py\/index\/?post_type=product&#038;p=90211"},"modified":"2025-09-10T18:55:35","modified_gmt":"2025-09-10T18:55:35","slug":"locion-corporal-cosmo-beaute-soothing-aloe-vera-1000ml","status":"publish","type":"product","link":"https:\/\/brandss.com.py\/index\/producto\/locion-corporal-cosmo-beaute-soothing-aloe-vera-1000ml\/","title":{"rendered":"LOCI\u00d3N CORPORAL COSMO BEAUTE SOOTHING ALOE VERA 1000ML"},"content":{"rendered":"<p><img loading=\"lazy\" decoding=\"async\" class=\"\" src=\"https:\/\/cosmocosmetics.ae\/cdn\/shop\/files\/logo-cosmo-regeister.png?v=1729761767&amp;width=340\" width=\"189\" height=\"40\" \/><\/p>\n<h1>BEAUTE SOOTHING ALOE VERA<\/h1>\n<p><span dir=\"auto\">Nutre tu piel con nuestra loci\u00f3n corporal de aloe vera. Enriquecida con una lujosa mezcla de aloe vera, nuestra loci\u00f3n dejar\u00e1 tu piel con la mejor sensaci\u00f3n. Nuestra loci\u00f3n refrescante y no grasa est\u00e1 especialmente dise\u00f1ada para calmar y proteger tu piel en verano. El extracto de aloe vera y vitamina E hidrata y refresca para revelar una piel suave, tersa y de aspecto saludable. Es una crema hidratante ligera con aloe vera natural y pepino, cl\u00ednicamente probada para calmar la piel seca e irritada. Calma y calma eficazmente la piel inflamada o irritada. Ayuda a proporcionar una hidrataci\u00f3n continua y mantiene la piel suave y tersa. La loci\u00f3n corporal Cosmo Aloe Vera es rica en las propiedades curativas del aloe vera.<\/span><\/p>\n<h5><span dir=\"auto\">CARACTER\u00cdSTICAS<\/span><\/h5>\n<ul>\n<li><span dir=\"auto\">Hidrataci\u00f3n profunda y nutrici\u00f3n con aloe vera.<\/span><\/li>\n<li><span dir=\"auto\">Calma y alivia la piel irritada con propiedades antiinflamatorias naturales.<\/span><\/li>\n<li><span dir=\"auto\">Crea una barrera protectora para retener la humedad y proteger contra los contaminantes.<\/span><\/li>\n<li><span dir=\"auto\">F\u00f3rmula no grasa y de r\u00e1pida absorci\u00f3n para comodidad diaria.<\/span><\/li>\n<\/ul>\n<h5 class=\"title-heading\"><span dir=\"auto\">beneficios clave<\/span><\/h5>\n<p><img loading=\"lazy\" decoding=\"async\" class=\"alignleft\" src=\"https:\/\/cdn.shopify.com\/s\/files\/1\/0717\/3334\/6626\/files\/body-top-ALOEVERA.png?v=1677816097\" width=\"160\" height=\"153\" \/><\/p>\n<p><img loading=\"lazy\" decoding=\"async\" class=\"alignleft\" src=\"https:\/\/cdn.shopify.com\/s\/files\/1\/0717\/3334\/6626\/files\/body-top-2.png?v=1677757290\" width=\"160\" height=\"153\" \/><\/p>\n<p><img loading=\"lazy\" decoding=\"async\" class=\"\" src=\"https:\/\/cdn.shopify.com\/s\/files\/1\/0717\/3334\/6626\/files\/body-top3.png?v=1677757290\" width=\"160\" height=\"153\" \/><\/p>\n<p class=\"text-center\"><span dir=\"auto\">Calmar la piel y proporcionar hidrataci\u00f3n duradera.<\/span><\/p>\n<h5 class=\"title-heading\"><span dir=\"auto\">INGREDIENTES CLAVE<\/span><\/h5>\n<div class=\"content-center\"><img loading=\"lazy\" decoding=\"async\" class=\"alignleft\" src=\"https:\/\/cdn.shopify.com\/s\/files\/1\/0717\/3334\/6626\/files\/aloe-vera.jpg?v=1677567310\" width=\"359\" height=\"176\" \/><span dir=\"auto\">\u00a0\u00a0\u00a0\u00a0 <\/span><\/p>\n<p>&nbsp;<\/p>\n<p><span dir=\"auto\">Con extracto de Alow Vera calmante que ayuda a calmar e hidratar la piel seca.<\/span><\/p>\n<\/div>\n<p><img decoding=\"async\" src=\"https:\/\/cdn.shopify.com\/s\/files\/1\/0717\/3334\/6626\/files\/why-chose-shea-butter.jpg?v=1677757289\" \/><\/p>\n<h5 class=\"title-heading\"><span dir=\"auto\">C\u00f3mo utilizar<\/span><\/h5>\n<p><img decoding=\"async\" src=\"https:\/\/cdn.shopify.com\/s\/files\/1\/0717\/3334\/6626\/files\/body-lotion-bottom.jpg?v=1677757288\" \/><\/p>\n<div class=\"content-center\">\n<p class=\"text-center\"><span dir=\"auto\">Aplique la loci\u00f3n suavemente por todo el cuerpo, masaje\u00e1ndola lentamente. Es mejor utilizarla despu\u00e9s del ba\u00f1o, cuando la piel est\u00e1 m\u00e1s receptiva a la hidrataci\u00f3n.<\/span><\/p>\n<\/div>\n","protected":false},"excerpt":{"rendered":"<p>BEAUTE SOOTHING ALOE VERA Nutre tu piel con nuestra loci\u00f3n corporal de aloe vera. Enriquecida con una lujosa mezcla de<\/p>\n","protected":false},"featured_media":90212,"comment_status":"open","ping_status":"closed","template":"","meta":{"nf_dc_page":""},"product_brand":[103],"product_cat":[85],"product_tag":[],"class_list":{"0":"post-90211","1":"product","2":"type-product","3":"status-publish","4":"has-post-thumbnail","6":"product_brand-cosmo","7":"product_cat-cosmeticos","9":"first","10":"instock","11":"shipping-taxable","12":"purchasable","13":"product-type-simple"},"_links":{"self":[{"href":"https:\/\/brandss.com.py\/index\/wp-json\/wp\/v2\/product\/90211","targetHints":{"allow":["GET"]}}],"collection":[{"href":"https:\/\/brandss.com.py\/index\/wp-json\/wp\/v2\/product"}],"about":[{"href":"https:\/\/brandss.com.py\/index\/wp-json\/wp\/v2\/types\/product"}],"replies":[{"embeddable":true,"href":"https:\/\/brandss.com.py\/index\/wp-json\/wp\/v2\/comments?post=90211"}],"version-history":[{"count":1,"href":"https:\/\/brandss.com.py\/index\/wp-json\/wp\/v2\/product\/90211\/revisions"}],"predecessor-version":[{"id":90214,"href":"https:\/\/brandss.com.py\/index\/wp-json\/wp\/v2\/product\/90211\/revisions\/90214"}],"wp:featuredmedia":[{"embeddable":true,"href":"https:\/\/brandss.com.py\/index\/wp-json\/wp\/v2\/media\/90212"}],"wp:attachment":[{"href":"https:\/\/brandss.com.py\/index\/wp-json\/wp\/v2\/media?parent=90211"}],"wp:term":[{"taxonomy":"product_brand","embeddable":true,"href":"https:\/\/brandss.com.py\/index\/wp-json\/wp\/v2\/product_brand?post=90211"},{"taxonomy":"product_cat","embeddable":true,"href":"https:\/\/brandss.com.py\/index\/wp-json\/wp\/v2\/product_cat?post=90211"},{"taxonomy":"product_tag","embeddable":true,"href":"https:\/\/brandss.com.py\/index\/wp-json\/wp\/v2\/product_tag?post=90211"}],"curies":[{"name":"wp","href":"https:\/\/api.w.org\/{rel}","templated":true}]}}