{"id":90216,"date":"2025-09-10T19:09:07","date_gmt":"2025-09-10T19:09:07","guid":{"rendered":"https:\/\/brandss.com.py\/index\/?post_type=product&#038;p=90216"},"modified":"2025-09-10T19:09:51","modified_gmt":"2025-09-10T19:09:51","slug":"locion-corporal-cosmo-beaute-after-sun-cool-down-1000ml","status":"publish","type":"product","link":"https:\/\/brandss.com.py\/index\/producto\/locion-corporal-cosmo-beaute-after-sun-cool-down-1000ml\/","title":{"rendered":"LOCI\u00d3N CORPORAL COSMO BEAUTE AFTER SUN COOL DOWN 1000ML"},"content":{"rendered":"<p><img loading=\"lazy\" decoding=\"async\" class=\"\" src=\"https:\/\/cosmocosmetics.ae\/cdn\/shop\/files\/logo-cosmo-regeister.png?v=1729761767&amp;width=340\" width=\"142\" height=\"30\" \/><\/p>\n<h1>AFTER SUN COOL DOWN<\/h1>\n<p><span dir=\"auto\">Nuestra loci\u00f3n corporal nutritiva y no grasa ha sido especialmente dise\u00f1ada para calmar la piel y proporcionar una hidrataci\u00f3n duradera despu\u00e9s de la exposici\u00f3n solar. Enriquecida con aloe vera para un mayor cuidado, usarla despu\u00e9s del sol despu\u00e9s de los largos d\u00edas de verano puede ayudar a calmar y refrescar la piel. Tomar el sol puede causar sequedad, ardor o tirantez, por lo que es la opci\u00f3n ideal para nutrir la piel y prolongar el bronceado. Descubre ahora nuestra amplia colecci\u00f3n de lociones para despu\u00e9s del sol, perfectas para los meses m\u00e1s c\u00e1lidos. Aplica la loci\u00f3n corporal para despu\u00e9s del sol uniformemente en las zonas deseadas y masajea suavemente con movimientos circulares. Para favorecer la funci\u00f3n natural de la piel, \u00fasala cuando te expongas al sol.<\/span><\/p>\n<h5><span dir=\"auto\">CARACTER\u00cdSTICAS<\/span><\/h5>\n<ul>\n<li><span dir=\"auto\">Infundido con Aloe Vera para proporcionar una sensaci\u00f3n refrescante inmediata, reduciendo el enrojecimiento y la inflamaci\u00f3n causados \u200b\u200bpor la exposici\u00f3n al sol.<\/span><\/li>\n<li><span dir=\"auto\">Enriquecido con manteca de karit\u00e9 y vitamina E para reponer profundamente la humedad y restaurar el equilibrio natural de la piel.<\/span><\/li>\n<li><span dir=\"auto\">La f\u00f3rmula ligera y no grasa se absorbe r\u00e1pidamente y deja la piel sedosa y suave sin residuos pegajosos.<\/span><\/li>\n<li><span dir=\"auto\">Ofrece una hidrataci\u00f3n intensa para contrarrestar la sequedad y garantizar una comodidad y protecci\u00f3n duraderas.<\/span><\/li>\n<\/ul>\n<h5 class=\"title-heading\"><span dir=\"auto\">beneficios clave<\/span><\/h5>\n<p><img loading=\"lazy\" decoding=\"async\" class=\"alignleft\" src=\"https:\/\/cdn.shopify.com\/s\/files\/1\/0717\/3334\/6626\/files\/body-top-after-sun.png?v=1677757290\" width=\"160\" height=\"153\" \/><\/p>\n<p><img loading=\"lazy\" decoding=\"async\" class=\"alignleft\" src=\"https:\/\/cdn.shopify.com\/s\/files\/1\/0717\/3334\/6626\/files\/body-top-2.png?v=1677757290\" width=\"160\" height=\"153\" \/><\/p>\n<p><img loading=\"lazy\" decoding=\"async\" class=\"\" src=\"https:\/\/cdn.shopify.com\/s\/files\/1\/0717\/3334\/6626\/files\/body-top3.png?v=1677757290\" width=\"160\" height=\"153\" \/><\/p>\n<p class=\"text-center\"><span dir=\"auto\">Calmar la piel y proporcionar hidrataci\u00f3n duradera despu\u00e9s de la exposici\u00f3n al sol.<\/span><\/p>\n<h5 class=\"title-heading\"><span dir=\"auto\">INGREDIENTES CLAVE<\/span><\/h5>\n<div class=\"content-center\"><img loading=\"lazy\" decoding=\"async\" class=\"alignleft\" src=\"https:\/\/cdn.shopify.com\/s\/files\/1\/0717\/3334\/6626\/files\/aloe-vera.jpg?v=1677567310\" width=\"353\" height=\"173\" \/>&nbsp;<\/p>\n<p><span dir=\"auto\">After Sun est\u00e1 dise\u00f1ado espec\u00edficamente para hidratar la piel tras la exposici\u00f3n solar. Rico en ingredientes calmantes, rehidrata la piel y reduce el enrojecimiento y la inflamaci\u00f3n. Ingredientes como el aloe vera y la vitamina E son excelentes para reponer la hidrataci\u00f3n perdida por la exposici\u00f3n a los rayos UV del sol.<\/span><\/p>\n<\/div>\n<p><img decoding=\"async\" src=\"https:\/\/cdn.shopify.com\/s\/files\/1\/0717\/3334\/6626\/files\/why-chose-after-sun.jpg?v=1677757289\" \/><\/p>\n<h5 class=\"title-heading\"><span dir=\"auto\">C\u00f3mo utilizar<\/span><\/h5>\n<p><img decoding=\"async\" src=\"https:\/\/cdn.shopify.com\/s\/files\/1\/0717\/3334\/6626\/files\/body-lotion-bottom.jpg?v=1677757288\" \/><\/p>\n<div class=\"content-center\">\n<p class=\"text-center\"><span dir=\"auto\">Aplicar despu\u00e9s de la exposici\u00f3n solar.<\/span><\/p>\n<\/div>\n","protected":false},"excerpt":{"rendered":"<p>AFTER SUN COOL DOWN Nuestra loci\u00f3n corporal nutritiva y no grasa ha sido especialmente dise\u00f1ada para calmar la piel y<\/p>\n","protected":false},"featured_media":90217,"comment_status":"open","ping_status":"closed","template":"","meta":{"nf_dc_page":""},"product_brand":[103],"product_cat":[85],"product_tag":[],"class_list":{"0":"post-90216","1":"product","2":"type-product","3":"status-publish","4":"has-post-thumbnail","6":"product_brand-cosmo","7":"product_cat-cosmeticos","9":"first","10":"instock","11":"shipping-taxable","12":"purchasable","13":"product-type-simple"},"_links":{"self":[{"href":"https:\/\/brandss.com.py\/index\/wp-json\/wp\/v2\/product\/90216","targetHints":{"allow":["GET"]}}],"collection":[{"href":"https:\/\/brandss.com.py\/index\/wp-json\/wp\/v2\/product"}],"about":[{"href":"https:\/\/brandss.com.py\/index\/wp-json\/wp\/v2\/types\/product"}],"replies":[{"embeddable":true,"href":"https:\/\/brandss.com.py\/index\/wp-json\/wp\/v2\/comments?post=90216"}],"version-history":[{"count":1,"href":"https:\/\/brandss.com.py\/index\/wp-json\/wp\/v2\/product\/90216\/revisions"}],"predecessor-version":[{"id":90220,"href":"https:\/\/brandss.com.py\/index\/wp-json\/wp\/v2\/product\/90216\/revisions\/90220"}],"wp:featuredmedia":[{"embeddable":true,"href":"https:\/\/brandss.com.py\/index\/wp-json\/wp\/v2\/media\/90217"}],"wp:attachment":[{"href":"https:\/\/brandss.com.py\/index\/wp-json\/wp\/v2\/media?parent=90216"}],"wp:term":[{"taxonomy":"product_brand","embeddable":true,"href":"https:\/\/brandss.com.py\/index\/wp-json\/wp\/v2\/product_brand?post=90216"},{"taxonomy":"product_cat","embeddable":true,"href":"https:\/\/brandss.com.py\/index\/wp-json\/wp\/v2\/product_cat?post=90216"},{"taxonomy":"product_tag","embeddable":true,"href":"https:\/\/brandss.com.py\/index\/wp-json\/wp\/v2\/product_tag?post=90216"}],"curies":[{"name":"wp","href":"https:\/\/api.w.org\/{rel}","templated":true}]}}