{"id":90229,"date":"2025-09-11T11:07:35","date_gmt":"2025-09-11T11:07:35","guid":{"rendered":"https:\/\/brandss.com.py\/index\/?post_type=product&#038;p=90229"},"modified":"2025-09-11T11:08:19","modified_gmt":"2025-09-11T11:08:19","slug":"shampoo-capilar-cosmo-hair-colour-dark-brown-180ml","status":"publish","type":"product","link":"https:\/\/brandss.com.py\/index\/producto\/shampoo-capilar-cosmo-hair-colour-dark-brown-180ml\/","title":{"rendered":"SHAMPOO CAPILAR COSMO HAIR COLOUR DARK BROWN 180ML"},"content":{"rendered":"<p><img loading=\"lazy\" decoding=\"async\" class=\"\" src=\"https:\/\/cosmocosmetics.ae\/cdn\/shop\/files\/logo-cosmo-regeister.png?v=1729761767&amp;width=340\" width=\"184\" height=\"39\" \/><\/p>\n<h1>HAIR COLOUR DARK BROWN<\/h1>\n<p><span dir=\"auto\">Presentamos el champ\u00fa Cosmo Hair Color con color henna, enriquecido con vitamina E, aceite de oliva y keratina: la soluci\u00f3n perfecta para quienes sue\u00f1an con un cabello hermoso y vibrante con color henna. Este producto premium para el cuidado capilar contiene una mezcla \u00fanica de ingredientes naturales que nutren y protegen el cabello, realzando su color.<\/span><\/p>\n<p><span dir=\"auto\">El champ\u00fa est\u00e1 enriquecido con vitamina E, aceite de oliva y keratina, que trabajan en conjunto para promover un crecimiento capilar saludable, protegiendo y reparando el cabello da\u00f1ado. La keratina del champ\u00fa ayuda a mejorar la elasticidad y la fuerza del cabello, mientras que la combinaci\u00f3n de vitamina E y aceite de oliva hidrata y suaviza el cuero cabelludo, protegi\u00e9ndolo de las agresiones ambientales.<\/span><\/p>\n<p><span dir=\"auto\">El champ\u00fa Cosmo Hair Color con color henna proporciona una limpieza suave y eficaz, eliminando la suciedad, la grasa y el exceso de acumulaci\u00f3n del cabello y el cuero cabelludo, a la vez que lo acondiciona. El champ\u00fa tiene una fragancia refrescante que deja el cabello con un aroma delicioso y rejuvenecido.<\/span><\/p>\n<p><span dir=\"auto\">Esta f\u00f3rmula de champ\u00fa con color henna est\u00e1 especialmente dise\u00f1ada para mantener el color henna vibrante, nutriendo el cabello para prevenir la decoloraci\u00f3n o el da\u00f1o. Su f\u00f3rmula enriquecida ayuda a restaurar la textura natural, la vitalidad y la salud general de tu cabello, lo que lo hace ideal para quienes buscan un producto para el cuidado capilar que promueva un cabello sano y brillante.<\/span><\/p>\n<p><span dir=\"auto\">El champ\u00fa Cosmo Hair Color con color henna, enriquecido con vitamina E, aceite de oliva y keratina, es apto para todo tipo de cabello, incluido el te\u00f1ido. Su f\u00f3rmula nutritiva ayuda a mantener y restaurar la textura natural de tu cabello, realzando la vitalidad del color y un brillo natural.<\/span><\/p>\n<p><span dir=\"auto\">Dile adi\u00f3s al cabello opaco, sin vida y da\u00f1ado, y hola a un cabello vibrante, sano y de aspecto exuberante con el champ\u00fa Cosmo Hair Color con color henna, enriquecido con vitamina E, aceite de oliva y keratina. Sum\u00e9rgete en el mundo del cuidado capilar de lujo y disfruta de un cabello digno de peluquer\u00eda en la comodidad de tu hogar.<\/span><\/p>\n<h5><span dir=\"auto\">CARACTER\u00cdSTICAS<\/span><\/h5>\n<ul>\n<li><span dir=\"auto\">Esta f\u00f3rmula de champ\u00fa para cabello color henna est\u00e1 especialmente dise\u00f1ada para mantener el color del cabello color henna vibrante mientras nutre el cabello para evitar que el color se desvanezca o se da\u00f1e.<\/span><\/li>\n<li><span dir=\"auto\">El champ\u00fa Cosmo Hair Color color henna enriquecido con vitamina E, aceite de oliva y queratina es adecuado para todo tipo de cabello, incluido el cabello te\u00f1ido.<\/span><\/li>\n<li><span dir=\"auto\">Dile adi\u00f3s al cabello opaco, sin vida y da\u00f1ado, y hola a un cabello vibrante, saludable y de aspecto delicioso con el champ\u00fa color henna Cosmo Hair Color enriquecido con vitamina E, aceite de oliva y queratina.<\/span><\/li>\n<\/ul>\n<h5 class=\"title-heading\"><span dir=\"auto\">beneficios clave<\/span><\/h5>\n<p><img loading=\"lazy\" decoding=\"async\" class=\"alignleft\" src=\"https:\/\/cdn.shopify.com\/s\/files\/1\/0717\/3334\/6626\/files\/hair-col-top-brown-1.png?v=1678250889\" width=\"160\" height=\"153\" \/><\/p>\n<p><img loading=\"lazy\" decoding=\"async\" class=\"alignleft\" src=\"https:\/\/cdn.shopify.com\/s\/files\/1\/0717\/3334\/6626\/files\/hair-col-top-brown-2.png?v=1678250889\" width=\"160\" height=\"153\" \/><\/p>\n<p><img loading=\"lazy\" decoding=\"async\" class=\"\" src=\"https:\/\/cdn.shopify.com\/s\/files\/1\/0717\/3334\/6626\/files\/hair-col-top-brown-3.png?v=1678250889\" width=\"160\" height=\"153\" \/><\/p>\n<p class=\"text-center\"><span dir=\"auto\">SIN amoniaco; Cobertura 100% de canas; Coloraci\u00f3n del cabello f\u00e1cil, efectiva y r\u00e1pida; No mancha la piel.<\/span><\/p>\n<h5 class=\"title-heading\"><span dir=\"auto\">INGREDIENTES CLAVE<\/span><\/h5>\n<div class=\"content-center\">\n<span dir=\"auto\">Aceites Acondicionadores para el Cabello &#8211; Aceite de Oliva y Aceite de Coco: Ayudan a proteger contra el da\u00f1o, brindan un aspecto liso y brillante, hidratan y dan al cabello da\u00f1ado y quebradizo una apariencia saludable. Queratina: Ayuda a reconstruir la capa protectora natural del cabello, haci\u00e9ndolo m\u00e1s fuerte y el\u00e1stico a la vez que reduce la rotura y la apertura del cabello. Tambi\u00e9n aumenta la capacidad del cabello para retener la humedad y reduce el frizz y los cabellos sueltos causados \u200b\u200bpor la sequedad. Vitamina E: tiene propiedades emolientes que ayudan a sellar la humedad en el tallo del cabello, manteni\u00e9ndolo acondicionado. Las propiedades antioxidantes de la vitamina E ayudan a reducir el da\u00f1o causado por el peinado con qu\u00edmicos y calor, reduce el frizz, la sequedad y la opacidad. Tambi\u00e9n fortalece y protege el cabello, dej\u00e1ndolo m\u00e1s saludable, fuerte, suave y brillante. Extracto de Henna: Ayuda a acondicionar el cabello, reparar el cabello da\u00f1ado, dej\u00e1ndolo m\u00e1s fuerte y brillante.<\/span><\/p>\n<\/div>\n<p><img decoding=\"async\" src=\"https:\/\/cdn.shopify.com\/s\/files\/1\/0717\/3334\/6626\/files\/brown.png?v=1678250889\" \/><\/p>\n<h5 class=\"title-heading\"><span dir=\"auto\">C\u00f3mo utilizar<\/span><\/h5>\n<p><img decoding=\"async\" src=\"https:\/\/cdn.shopify.com\/s\/files\/1\/0717\/3334\/6626\/files\/hair-colopur-bottom.png?v=1678250889\" \/><\/p>\n<div class=\"content-center\">\n<p class=\"text-center\"><span dir=\"auto\">1. M\u00f3jate bien las manos. Aseg\u00farate de que tu cabello est\u00e9 completamente seco, sin grasa ni polvo. 2. El envase incluye dos champ\u00fas diferentes. Aplica el producto sobre las manos mojadas y m\u00e9zclalos bien. Deja que forme espuma.<\/span><br \/>\n<span dir=\"auto\">3. Aplica la espuma uniformemente sobre el cabello y masajea bien.<\/span><br \/>\n<span dir=\"auto\">4. L\u00e1vate las manos con jab\u00f3n o jab\u00f3n de manos dentro de los 3 minutos posteriores al contacto.<\/span><br \/>\n<span dir=\"auto\">5. Espera de 10 a 15 minutos. Espera de 3 a 5 minutos adicionales si tienes m\u00e1s canas o para un color m\u00e1s intenso. Luego, enjuaga el cabello con abundante agua.<\/span><\/p>\n<\/div>\n","protected":false},"excerpt":{"rendered":"<p>HAIR COLOUR DARK BROWN Presentamos el champ\u00fa Cosmo Hair Color con color henna, enriquecido con vitamina E, aceite de oliva<\/p>\n","protected":false},"featured_media":90230,"comment_status":"open","ping_status":"closed","template":"","meta":{"nf_dc_page":""},"product_brand":[103],"product_cat":[85],"product_tag":[],"class_list":{"0":"post-90229","1":"product","2":"type-product","3":"status-publish","4":"has-post-thumbnail","6":"product_brand-cosmo","7":"product_cat-cosmeticos","9":"first","10":"instock","11":"shipping-taxable","12":"purchasable","13":"product-type-simple"},"_links":{"self":[{"href":"https:\/\/brandss.com.py\/index\/wp-json\/wp\/v2\/product\/90229","targetHints":{"allow":["GET"]}}],"collection":[{"href":"https:\/\/brandss.com.py\/index\/wp-json\/wp\/v2\/product"}],"about":[{"href":"https:\/\/brandss.com.py\/index\/wp-json\/wp\/v2\/types\/product"}],"replies":[{"embeddable":true,"href":"https:\/\/brandss.com.py\/index\/wp-json\/wp\/v2\/comments?post=90229"}],"version-history":[{"count":1,"href":"https:\/\/brandss.com.py\/index\/wp-json\/wp\/v2\/product\/90229\/revisions"}],"predecessor-version":[{"id":90233,"href":"https:\/\/brandss.com.py\/index\/wp-json\/wp\/v2\/product\/90229\/revisions\/90233"}],"wp:featuredmedia":[{"embeddable":true,"href":"https:\/\/brandss.com.py\/index\/wp-json\/wp\/v2\/media\/90230"}],"wp:attachment":[{"href":"https:\/\/brandss.com.py\/index\/wp-json\/wp\/v2\/media?parent=90229"}],"wp:term":[{"taxonomy":"product_brand","embeddable":true,"href":"https:\/\/brandss.com.py\/index\/wp-json\/wp\/v2\/product_brand?post=90229"},{"taxonomy":"product_cat","embeddable":true,"href":"https:\/\/brandss.com.py\/index\/wp-json\/wp\/v2\/product_cat?post=90229"},{"taxonomy":"product_tag","embeddable":true,"href":"https:\/\/brandss.com.py\/index\/wp-json\/wp\/v2\/product_tag?post=90229"}],"curies":[{"name":"wp","href":"https:\/\/api.w.org\/{rel}","templated":true}]}}