{"id":90242,"date":"2025-09-11T11:42:27","date_gmt":"2025-09-11T11:42:27","guid":{"rendered":"https:\/\/brandss.com.py\/index\/?post_type=product&#038;p=90242"},"modified":"2025-09-11T11:43:42","modified_gmt":"2025-09-11T11:43:42","slug":"shampoo-para-barba-cosmo-men-colour-dark-brown-180ml","status":"publish","type":"product","link":"https:\/\/brandss.com.py\/index\/producto\/shampoo-para-barba-cosmo-men-colour-dark-brown-180ml\/","title":{"rendered":"SHAMPOO PARA BARBA COSMO MEN COLOUR DARK BROWN 180ML"},"content":{"rendered":"<p><img loading=\"lazy\" decoding=\"async\" class=\"\" src=\"https:\/\/cosmocosmetics.ae\/cdn\/shop\/files\/logo-cosmo-regeister.png?v=1729761767&amp;width=340\" width=\"198\" height=\"42\" \/><\/p>\n<h1>MEN COLOUR DARK BROWN<\/h1>\n<div class=\"celwidget aplus-module basic-module-13-text aplus-standard\" data-cel-widget=\"aplus-basic-module-13-text\" data-csa-c-id=\"qpqbx6-6dww9g-n4w022-t2vbyw\">\n<div class=\"a-section a-spacing-none aplus-module aplus-module-13 aplus-module-wrapper apm-fixed-width\">\n<div class=\"a-section a-spacing-none aplus-module-section aplus-text-section\">\n<p class=\"description\"><span dir=\"auto\">El champ\u00fa para barba casta\u00f1o oscuro CD COSMO DESIGNS es ideal para todo tipo de cabello. Su f\u00f3rmula l\u00edquida facilita su uso. Su avanzada f\u00f3rmula penetra en el vello facial grueso y resistente. No contiene amon\u00edaco y est\u00e1 enriquecida con extractos naturales que nutren el cabello. El l\u00edquido est\u00e1 listo para usar y se puede aplicar directamente sobre el cabello. Cubre las canas y les da un tono casta\u00f1o oscuro.<\/span><\/p>\n<\/div>\n<\/div>\n<\/div>\n<div class=\"celwidget aplus-module module-2 aplus-standard\" data-cel-widget=\"aplus-module-2\" data-csa-c-id=\"ds7my3-1dwnnh-hilqu-r9233n\">\n<div class=\"aplus-module-wrapper apm-floatnone apm-fixed-width\">\n<div class=\"apm-sidemodule apm-spacing\">\n<div class=\"apm-sidemodule-textright\">\n<h3 class=\"a-spacing-mini\"><span dir=\"auto\">Formulaci\u00f3n avanzada<\/span><\/h3>\n<p><span dir=\"auto\">El champ\u00fa para barba marr\u00f3n CD COSMO DESIGNS est\u00e1 formulado con una f\u00f3rmula avanzada para penetrar el vello facial resistente y grueso. No contiene amon\u00edaco, lo que lo hace seguro de usar.<\/span><\/p>\n<\/div>\n<\/div>\n<\/div>\n<\/div>\n<div class=\"celwidget aplus-module module-3 aplus-standard\" data-cel-widget=\"aplus-module-3\" data-csa-c-id=\"ctt4kk-lzyy2j-f58h1r-7i5r98\">\n<div class=\"aplus-module-wrapper apm-floatnone apm-fixed-width\">\n<div class=\"apm-sidemodule apm-spacing\">\n<div class=\"apm-sidemodule-textleft\">\n<h3 class=\"a-spacing-mini\"><span dir=\"auto\">Tratamiento eficaz<\/span><\/h3>\n<p><span dir=\"auto\">El champ\u00fa casta\u00f1o oscuro CD COSMO DESIGNS se puede usar directamente para evitar molestias. Su f\u00f3rmula l\u00edquida ofrece un efecto duradero.<\/span><\/p>\n<\/div>\n<\/div>\n<\/div>\n<\/div>\n","protected":false},"excerpt":{"rendered":"<p>MEN COLOUR DARK BROWN El champ\u00fa para barba casta\u00f1o oscuro CD COSMO DESIGNS es ideal para todo tipo de cabello.<\/p>\n","protected":false},"featured_media":90243,"comment_status":"open","ping_status":"closed","template":"","meta":{"nf_dc_page":""},"product_brand":[103],"product_cat":[85],"product_tag":[],"class_list":{"0":"post-90242","1":"product","2":"type-product","3":"status-publish","4":"has-post-thumbnail","6":"product_brand-cosmo","7":"product_cat-cosmeticos","9":"first","10":"instock","11":"shipping-taxable","12":"purchasable","13":"product-type-simple"},"_links":{"self":[{"href":"https:\/\/brandss.com.py\/index\/wp-json\/wp\/v2\/product\/90242","targetHints":{"allow":["GET"]}}],"collection":[{"href":"https:\/\/brandss.com.py\/index\/wp-json\/wp\/v2\/product"}],"about":[{"href":"https:\/\/brandss.com.py\/index\/wp-json\/wp\/v2\/types\/product"}],"replies":[{"embeddable":true,"href":"https:\/\/brandss.com.py\/index\/wp-json\/wp\/v2\/comments?post=90242"}],"version-history":[{"count":1,"href":"https:\/\/brandss.com.py\/index\/wp-json\/wp\/v2\/product\/90242\/revisions"}],"predecessor-version":[{"id":90246,"href":"https:\/\/brandss.com.py\/index\/wp-json\/wp\/v2\/product\/90242\/revisions\/90246"}],"wp:featuredmedia":[{"embeddable":true,"href":"https:\/\/brandss.com.py\/index\/wp-json\/wp\/v2\/media\/90243"}],"wp:attachment":[{"href":"https:\/\/brandss.com.py\/index\/wp-json\/wp\/v2\/media?parent=90242"}],"wp:term":[{"taxonomy":"product_brand","embeddable":true,"href":"https:\/\/brandss.com.py\/index\/wp-json\/wp\/v2\/product_brand?post=90242"},{"taxonomy":"product_cat","embeddable":true,"href":"https:\/\/brandss.com.py\/index\/wp-json\/wp\/v2\/product_cat?post=90242"},{"taxonomy":"product_tag","embeddable":true,"href":"https:\/\/brandss.com.py\/index\/wp-json\/wp\/v2\/product_tag?post=90242"}],"curies":[{"name":"wp","href":"https:\/\/api.w.org\/{rel}","templated":true}]}}