{"id":90257,"date":"2025-09-11T12:44:35","date_gmt":"2025-09-11T12:44:35","guid":{"rendered":"https:\/\/brandss.com.py\/index\/?post_type=product&#038;p=90257"},"modified":"2025-09-11T12:45:13","modified_gmt":"2025-09-11T12:45:13","slug":"shampoo-capilar-cosmo-aloe-vera-soothing-hydrating-1000ml","status":"publish","type":"product","link":"https:\/\/brandss.com.py\/index\/producto\/shampoo-capilar-cosmo-aloe-vera-soothing-hydrating-1000ml\/","title":{"rendered":"SHAMPOO CAPILAR COSMO ALOE VERA SOOTHING &amp; HYDRATING 1000ML"},"content":{"rendered":"<p><img loading=\"lazy\" decoding=\"async\" class=\"\" src=\"https:\/\/cosmocosmetics.ae\/cdn\/shop\/files\/logo-cosmo-regeister.png?v=1729761767&amp;width=340\" width=\"151\" height=\"32\" \/><\/p>\n<h1>ALOE VERA SOOTHING &amp; HYDRATING<\/h1>\n<p><strong><em><span dir=\"auto\">El champ\u00fa COSMO Aloe Vera para la caspa es la soluci\u00f3n definitiva para lograr un cabello saludable y hermoso.\u00a0<\/span><\/em><\/strong><\/p>\n<p><span dir=\"auto\">Enriquecida con las propiedades nutritivas y reparadoras del aloe vera, esta f\u00f3rmula promueve el crecimiento sano del cabello, reduce la ca\u00edda y fortalece las fibras desde la ra\u00edz. El rico perfil nutricional del aloe vera ayuda a reparar el cabello da\u00f1ado, dej\u00e1ndolo m\u00e1s suave y manejable, mientras que sus propiedades antiinflamatorias calman el cuero cabelludo, reduciendo la picaz\u00f3n y la caspa. Dise\u00f1ado para una limpieza suave pero eficaz, este champ\u00fa elimina las impurezas y el exceso de grasa, dejando el cabello limpio y fresco. Libre de qu\u00edmicos agresivos como sulfatos y parabenos, es una opci\u00f3n segura y natural para todo tipo de cabello, incluido el te\u00f1ido.<\/span><\/p>\n<div class=\"experience-component experience-dynamic-productLongDescription\">\n<div id=\"longDescription\" class=\"container product-long-description\">\n<div class=\"row\">\n<div class=\"col-12 col-md-8 description-text\">\n<div class=\"metafield-rich_text_field\">\n<h5><span dir=\"auto\">CARACTER\u00cdSTICAS<\/span><\/h5>\n<ul>\n<li><span dir=\"auto\">Promueve el crecimiento del cabello: las enzimas del aloe vera fortalecen el cabello desde la ra\u00edz y reducen la ca\u00edda del cabello.<\/span><\/li>\n<li><span dir=\"auto\">Calma el cuero cabelludo: Sus propiedades antiinflamatorias alivian la picaz\u00f3n y la caspa.<\/span><br \/>\n<span dir=\"auto\">Repara el cabello da\u00f1ado: Su f\u00f3rmula rica en nutrientes repara y suaviza el cabello da\u00f1ado.<\/span><\/li>\n<li><span dir=\"auto\">Limpieza suave: elimina eficazmente las impurezas y el exceso de grasa mientras retiene la humedad.<\/span><\/li>\n<li><span dir=\"auto\">Hidrata y suaviza: deja el cabello hidratado, suave y liso con un brillo saludable.<\/span><\/li>\n<li><span dir=\"auto\">Sin qu\u00edmicos: libre de sulfatos y parabenos, seguro para uso diario en todo tipo de cabello.<\/span><\/li>\n<\/ul>\n<p>&nbsp;<\/p>\n<p>&nbsp;<\/p>\n<\/div>\n<\/div>\n<div class=\"col-12 col-md-4 description-icon\">\n<div class=\"content-asset\">\n<p><img decoding=\"async\" class=\"alignleft\" src=\"https:\/\/cosmocosmetics.ae\/cdn\/shop\/files\/New_Project_25_64x64.png?v=1723527115\" \/><\/p>\n<p>&nbsp;<\/p>\n<p><img decoding=\"async\" class=\"alignleft\" src=\"https:\/\/cosmocosmetics.ae\/cdn\/shop\/files\/New_Project_23_64x64.png?v=1723528105\" \/><\/p>\n<p>&nbsp;<\/p>\n<p><img decoding=\"async\" src=\"https:\/\/cosmocosmetics.ae\/cdn\/shop\/files\/New_Project_24_64x64.png?v=1723528130\" \/><\/p>\n<p>&nbsp;<\/p>\n<\/div>\n<\/div>\n<\/div>\n<\/div>\n<\/div>\n<div class=\"experience-component experience-dynamic-productRoutineCustom\">\n<div id=\"productRoutine\" class=\"container-fluid product-routine-custom\">\n<div class=\"row custom\">\n<div class=\"col-12 carousel-heading mb-1\">\n<h5 class=\"carousel-title brand-primary\"><span dir=\"auto\">MODO DE EMPLEO<\/span><\/h5>\n<\/div>\n<\/div>\n<div class=\"row routine-wrapper\">\n<div class=\"col-12 product-routine-custom-line\">\n<div class=\"content-asset\">\n<div class=\"routine-item\">\n<div class=\"routine-image\"><img loading=\"lazy\" decoding=\"async\" class=\"w-100 alignleft\" src=\"https:\/\/cosmocosmetics.ae\/cdn\/shop\/files\/how_to_3.jpg?v=1723095133\" alt=\"\" width=\"160\" height=\"160\" \/><\/p>\n<div class=\"routine-middle col-md-12\">\n<p>&nbsp;<\/p>\n<p>&nbsp;<\/p>\n<p class=\"routine-step\"><span dir=\"auto\">PASO 1: Enjuague<\/span><\/p>\n<div class=\"routine-copy\"><span dir=\"auto\">Enjuague bien y seque con palmaditas.<\/span><\/div>\n<\/div>\n<\/div>\n<\/div>\n<\/div>\n<\/div>\n<div class=\"col-12 product-routine-custom-line\">\n<div class=\"content-asset\">\n<div class=\"routine-item\">\n<div class=\"routine-image\"><img loading=\"lazy\" decoding=\"async\" class=\"w-100 alignleft\" src=\"https:\/\/cosmocosmetics.ae\/cdn\/shop\/files\/how_to_2.jpg?v=1723095097\" alt=\"\" width=\"160\" height=\"160\" \/><\/p>\n<div class=\"routine-middle col-md-12\">\n<p>&nbsp;<\/p>\n<p class=\"routine-step\"><span dir=\"auto\">PASO 2: Enjabonar<\/span><\/p>\n<div class=\"routine-copy\"><span dir=\"auto\">Masajear suavemente con movimientos circulares para crear espuma.<\/span><\/div>\n<\/div>\n<\/div>\n<\/div>\n<\/div>\n<\/div>\n<div class=\"col-12 product-routine-custom-line\">\n<div class=\"content-asset\">\n<div class=\"routine-item\">\n<div class=\"routine-image\"><img loading=\"lazy\" decoding=\"async\" class=\"w-100 alignleft\" src=\"https:\/\/cosmocosmetics.ae\/cdn\/shop\/files\/how_to_1.jpg?v=1723095005\" alt=\"\" width=\"160\" height=\"160\" \/><\/p>\n<div class=\"routine-middle col-md-12\">\n<p>&nbsp;<\/p>\n<p class=\"routine-step\"><span dir=\"auto\">PASO 3: Limpiar<\/span><\/p>\n<div class=\"routine-copy\"><span dir=\"auto\">Humedezca su rostro y cuello y luego aplique una peque\u00f1a cantidad del limpiador facial.<\/span><\/div>\n<\/div>\n<div><\/div>\n<\/div>\n<\/div>\n<\/div>\n<\/div>\n<\/div>\n<\/div>\n<\/div>\n<div class=\"experience-component experience-dynamic-productIngredients\">\n<div id=\"productIngredients\" class=\"container product-ingredients mt-3\">\n<div class=\"row\">\n<div class=\"col-12 col-md-7 mt-3 mt-md-0 ingredients-copy\">\n<div class=\"content-asset\">\n<h2><\/h2>\n<h5><span dir=\"auto\">TODOS LOS INGREDIENTES<\/span><\/h5>\n<p><span dir=\"auto\">Aloe vera: El aloe <\/span><img loading=\"lazy\" decoding=\"async\" class=\"w-100 alignleft\" src=\"https:\/\/cosmocosmetics.ae\/cdn\/shop\/files\/Aloevera_b0cb7542-cc11-400d-8d55-a54805362378.webp?v=1723790934\" width=\"189\" height=\"125\" \/>vera es un excelente acondicionador que deja el cabello hidratado, suave y brillante. Alivia la picaz\u00f3n del cuero cabelludo, calma la irritaci\u00f3n y reduce la rotura del cabello. Aviso legal: Tenga en cuenta que la lista de ingredientes puede variar ocasionalmente. Consulte la lista de ingredientes en el envase del producto para obtener la lista m\u00e1s actualizada.<\/p>\n<\/div>\n<\/div>\n<\/div>\n<\/div>\n<\/div>\n","protected":false},"excerpt":{"rendered":"<p>ALOE VERA SOOTHING &amp; HYDRATING El champ\u00fa COSMO Aloe Vera para la caspa es la soluci\u00f3n definitiva para lograr un<\/p>\n","protected":false},"featured_media":90259,"comment_status":"open","ping_status":"closed","template":"","meta":{"nf_dc_page":""},"product_brand":[103],"product_cat":[85],"product_tag":[],"class_list":{"0":"post-90257","1":"product","2":"type-product","3":"status-publish","4":"has-post-thumbnail","6":"product_brand-cosmo","7":"product_cat-cosmeticos","9":"first","10":"instock","11":"shipping-taxable","12":"purchasable","13":"product-type-simple"},"_links":{"self":[{"href":"https:\/\/brandss.com.py\/index\/wp-json\/wp\/v2\/product\/90257","targetHints":{"allow":["GET"]}}],"collection":[{"href":"https:\/\/brandss.com.py\/index\/wp-json\/wp\/v2\/product"}],"about":[{"href":"https:\/\/brandss.com.py\/index\/wp-json\/wp\/v2\/types\/product"}],"replies":[{"embeddable":true,"href":"https:\/\/brandss.com.py\/index\/wp-json\/wp\/v2\/comments?post=90257"}],"version-history":[{"count":1,"href":"https:\/\/brandss.com.py\/index\/wp-json\/wp\/v2\/product\/90257\/revisions"}],"predecessor-version":[{"id":90261,"href":"https:\/\/brandss.com.py\/index\/wp-json\/wp\/v2\/product\/90257\/revisions\/90261"}],"wp:featuredmedia":[{"embeddable":true,"href":"https:\/\/brandss.com.py\/index\/wp-json\/wp\/v2\/media\/90259"}],"wp:attachment":[{"href":"https:\/\/brandss.com.py\/index\/wp-json\/wp\/v2\/media?parent=90257"}],"wp:term":[{"taxonomy":"product_brand","embeddable":true,"href":"https:\/\/brandss.com.py\/index\/wp-json\/wp\/v2\/product_brand?post=90257"},{"taxonomy":"product_cat","embeddable":true,"href":"https:\/\/brandss.com.py\/index\/wp-json\/wp\/v2\/product_cat?post=90257"},{"taxonomy":"product_tag","embeddable":true,"href":"https:\/\/brandss.com.py\/index\/wp-json\/wp\/v2\/product_tag?post=90257"}],"curies":[{"name":"wp","href":"https:\/\/api.w.org\/{rel}","templated":true}]}}