{"id":90263,"date":"2025-09-11T13:09:02","date_gmt":"2025-09-11T13:09:02","guid":{"rendered":"https:\/\/brandss.com.py\/index\/?post_type=product&#038;p=90263"},"modified":"2025-10-29T12:34:22","modified_gmt":"2025-10-29T12:34:22","slug":"shampoo-capilar-cosmo-black-seed-anti-caida-1000ml","status":"publish","type":"product","link":"https:\/\/brandss.com.py\/index\/producto\/shampoo-capilar-cosmo-black-seed-anti-caida-1000ml\/","title":{"rendered":"SHAMPOO CAPILAR COSMO BLACK SEED ANTI-CA\u00cdDA 1000ML"},"content":{"rendered":"<p><img loading=\"lazy\" decoding=\"async\" class=\"\" src=\"https:\/\/cosmocosmetics.ae\/cdn\/shop\/files\/logo-cosmo-regeister.png?v=1729761767&amp;width=340\" width=\"208\" height=\"44\" \/><\/p>\n<h1>BLACK SEED ANTI-CA\u00cdDA<\/h1>\n<p><span dir=\"auto\">El champ\u00fa COSMO Blackseed est\u00e1 formulado por expertos con los potentes beneficios del aceite de semilla negra, conocido por su riqueza en vitaminas, minerales y antioxidantes que promueven la salud del cabello y el cuero cabelludo.\u00a0<\/span><br \/>\n<span dir=\"auto\">Este champ\u00fa nutre e hidrata el cuero cabelludo, reduciendo la sequedad y la picaz\u00f3n, a la vez que fortalece los fol\u00edculos pilosos para minimizar la ca\u00edda del cabello y promover un crecimiento saludable. Su suave acci\u00f3n limpiadora deja el cabello con una sensaci\u00f3n de frescura y revitalizaci\u00f3n, a la vez que controla el encrespamiento y la est\u00e1tica para un cabello m\u00e1s suave y manejable. Libre de qu\u00edmicos agresivos como SLS, parabenos y ftalatos, el champ\u00fa COSMO Blackseed es seguro para todo tipo de cabello, incluido el te\u00f1ido, y es especialmente beneficioso para quienes tienen el cabello fino o propenso a la rotura.<\/span><\/p>\n<div class=\"experience-component experience-dynamic-productLongDescription\">\n<div id=\"longDescription\" class=\"container product-long-description\">\n<div class=\"row\">\n<div class=\"col-12 col-md-8 description-text\">\n<div class=\"metafield-rich_text_field\">\n<h5><span dir=\"auto\">CARACTER\u00cdSTICAS<\/span><\/h5>\n<ul>\n<li><span dir=\"auto\">\u00a0Promueve el crecimiento del cabello: Rico en aceite de semilla negra para apoyar el crecimiento saludable del cabello y fortalecer los fol\u00edculos pilosos.<\/span><\/li>\n<li><span dir=\"auto\">Hidrata el cuero cabelludo: reduce la sequedad y la picaz\u00f3n manteniendo el cuero cabelludo hidratado.<\/span><\/li>\n<li><span dir=\"auto\">Controla el frizz: ayuda a controlar el frizz y la est\u00e1tica, dejando el cabello m\u00e1s suave y manejable.<\/span><\/li>\n<li><span dir=\"auto\">F\u00f3rmula nutritiva: hidrata el cabello sin dejarlo graso ni apelmazado.<\/span><\/li>\n<li><span dir=\"auto\">Limpieza suave: limpia eficazmente el cabello y el cuero cabelludo, adecuado para todo tipo de cabello.<\/span><\/li>\n<li><span dir=\"auto\">Sin qu\u00edmicos: libre de SLS, parabenos y ftalatos, lo que garantiza una rutina de cuidado del cabello segura y natural.<\/span>\n<p><img decoding=\"async\" class=\"alignleft\" src=\"https:\/\/cosmocosmetics.ae\/cdn\/shop\/files\/New_Project_25_64x64.png?v=1723527115\" \/>&nbsp;<\/p>\n<p><img decoding=\"async\" class=\"alignleft\" src=\"https:\/\/cosmocosmetics.ae\/cdn\/shop\/files\/New_Project_23_64x64.png?v=1723528105\" \/>&nbsp;<\/p>\n<p><img decoding=\"async\" src=\"https:\/\/cosmocosmetics.ae\/cdn\/shop\/files\/New_Project_24_64x64.png?v=1723528130\" \/>&nbsp;<\/li>\n<\/ul>\n<\/div>\n<\/div>\n<div class=\"col-12 col-md-4 description-icon\">\n<div class=\"content-asset\"><\/div>\n<\/div>\n<\/div>\n<\/div>\n<\/div>\n<div class=\"experience-component experience-dynamic-productRoutineCustom\">\n<div id=\"productRoutine\" class=\"container-fluid product-routine-custom\">\n<div class=\"row custom\">\n<div class=\"col-12 carousel-heading mb-1\">\n<h5 class=\"carousel-title brand-primary\"><span dir=\"auto\">MODO DE EMPLEO<\/span><\/h5>\n<\/div>\n<\/div>\n<div class=\"row routine-wrapper\">\n<div class=\"col-12 product-routine-custom-line\">\n<div class=\"content-asset\">\n<div class=\"routine-item\">\n<div class=\"routine-image\"><img loading=\"lazy\" decoding=\"async\" class=\"w-100 alignleft\" src=\"https:\/\/cosmocosmetics.ae\/cdn\/shop\/files\/how_to_3.jpg?v=1723095133\" alt=\"\" width=\"160\" height=\"160\" \/><\/p>\n<div class=\"routine-middle col-md-12\">\n<p>&nbsp;<\/p>\n<p class=\"routine-step\"><span dir=\"auto\">PASO 1: Enjuague<\/span><\/p>\n<div class=\"routine-copy\"><span dir=\"auto\">Enjuague bien y seque con palmaditas.<\/span><\/div>\n<\/div>\n<\/div>\n<\/div>\n<\/div>\n<\/div>\n<div class=\"col-12 product-routine-custom-line\">\n<div class=\"content-asset\">\n<div class=\"routine-item\">\n<div class=\"routine-image\"><img loading=\"lazy\" decoding=\"async\" class=\"w-100 alignleft\" src=\"https:\/\/cosmocosmetics.ae\/cdn\/shop\/files\/how_to_2.jpg?v=1723095097\" alt=\"\" width=\"160\" height=\"160\" \/><\/p>\n<div class=\"routine-middle col-md-12\">\n<p>&nbsp;<\/p>\n<p class=\"routine-step\"><span dir=\"auto\">PASO 2: Enjabonar<\/span><\/p>\n<div class=\"routine-copy\"><span dir=\"auto\">Masajear suavemente con movimientos circulares para crear espuma.<\/span><\/div>\n<\/div>\n<\/div>\n<\/div>\n<\/div>\n<\/div>\n<div class=\"col-12 product-routine-custom-line\">\n<div class=\"content-asset\">\n<div class=\"routine-item\">\n<div class=\"routine-image\"><img loading=\"lazy\" decoding=\"async\" class=\"w-100 alignleft\" src=\"https:\/\/cosmocosmetics.ae\/cdn\/shop\/files\/how_to_1.jpg?v=1723095005\" alt=\"\" width=\"160\" height=\"160\" \/><\/p>\n<div class=\"routine-middle col-md-12\">\n<p>&nbsp;<\/p>\n<p class=\"routine-step\"><span dir=\"auto\">PASO 3: Limpiar<\/span><\/p>\n<div class=\"routine-copy\"><span dir=\"auto\">Humedezca su rostro y cuello y luego aplique una peque\u00f1a cantidad del limpiador facial.<\/span><\/div>\n<\/div>\n<div><\/div>\n<\/div>\n<\/div>\n<\/div>\n<\/div>\n<\/div>\n<\/div>\n<\/div>\n<div class=\"experience-component experience-dynamic-productIngredients\">\n<div id=\"productIngredients\" class=\"container product-ingredients mt-3\">\n<div class=\"row\">\n<div class=\"col-12 col-md-7 mt-3 mt-md-0 ingredients-copy\">\n<div class=\"content-asset\">\n<h2><\/h2>\n<h2><span dir=\"auto\">TODOS LOS INGREDIENTES<\/span><\/h2>\n<p><span dir=\"auto\">Aceite de semilla negra: conocido por fortalecer y favorecer la salud del cuero cabelludo, reducir la ca\u00edda del cabello, eliminar la caspa, prevenir la sequedad<\/span><img loading=\"lazy\" decoding=\"async\" class=\"w-100 alignleft\" src=\"https:\/\/cosmocosmetics.ae\/cdn\/shop\/files\/BLACK_SEED_SHAMPOO.jpg?v=1723791232\" width=\"247\" height=\"163\" \/>, equilibrar la producci\u00f3n de grasa del cuero cabelludo, reducir el encrespamiento y proteger el cabello del da\u00f1o. Aviso legal: Tenga en cuenta que la lista de ingredientes puede variar ocasionalmente. Consulte la lista de ingredientes en el envase del producto para obtener la lista m\u00e1s actualizada.<\/p>\n<\/div>\n<\/div>\n<\/div>\n<\/div>\n<\/div>\n","protected":false},"excerpt":{"rendered":"<p>BLACK SEED ANTI-CA\u00cdDA El champ\u00fa COSMO Blackseed est\u00e1 formulado por expertos con los potentes beneficios del aceite de semilla negra,<\/p>\n","protected":false},"featured_media":90264,"comment_status":"open","ping_status":"closed","template":"","meta":{"nf_dc_page":""},"product_brand":[103],"product_cat":[85],"product_tag":[1139],"class_list":{"0":"post-90263","1":"product","2":"type-product","3":"status-publish","4":"has-post-thumbnail","6":"product_brand-cosmo","7":"product_cat-cosmeticos","8":"product_tag-1139","10":"first","11":"instock","12":"shipping-taxable","13":"purchasable","14":"product-type-simple"},"_links":{"self":[{"href":"https:\/\/brandss.com.py\/index\/wp-json\/wp\/v2\/product\/90263","targetHints":{"allow":["GET"]}}],"collection":[{"href":"https:\/\/brandss.com.py\/index\/wp-json\/wp\/v2\/product"}],"about":[{"href":"https:\/\/brandss.com.py\/index\/wp-json\/wp\/v2\/types\/product"}],"replies":[{"embeddable":true,"href":"https:\/\/brandss.com.py\/index\/wp-json\/wp\/v2\/comments?post=90263"}],"version-history":[{"count":1,"href":"https:\/\/brandss.com.py\/index\/wp-json\/wp\/v2\/product\/90263\/revisions"}],"predecessor-version":[{"id":90266,"href":"https:\/\/brandss.com.py\/index\/wp-json\/wp\/v2\/product\/90263\/revisions\/90266"}],"wp:featuredmedia":[{"embeddable":true,"href":"https:\/\/brandss.com.py\/index\/wp-json\/wp\/v2\/media\/90264"}],"wp:attachment":[{"href":"https:\/\/brandss.com.py\/index\/wp-json\/wp\/v2\/media?parent=90263"}],"wp:term":[{"taxonomy":"product_brand","embeddable":true,"href":"https:\/\/brandss.com.py\/index\/wp-json\/wp\/v2\/product_brand?post=90263"},{"taxonomy":"product_cat","embeddable":true,"href":"https:\/\/brandss.com.py\/index\/wp-json\/wp\/v2\/product_cat?post=90263"},{"taxonomy":"product_tag","embeddable":true,"href":"https:\/\/brandss.com.py\/index\/wp-json\/wp\/v2\/product_tag?post=90263"}],"curies":[{"name":"wp","href":"https:\/\/api.w.org\/{rel}","templated":true}]}}