{"id":90271,"date":"2025-09-11T18:23:41","date_gmt":"2025-09-11T18:23:41","guid":{"rendered":"https:\/\/brandss.com.py\/index\/?post_type=product&#038;p=90271"},"modified":"2025-09-12T12:49:12","modified_gmt":"2025-09-12T12:49:12","slug":"condicionador-capilar-cosmo-collagen-protein-volumizing-1000ml","status":"publish","type":"product","link":"https:\/\/brandss.com.py\/index\/producto\/condicionador-capilar-cosmo-collagen-protein-volumizing-1000ml\/","title":{"rendered":"ACONDICIONADOR CAPILAR COSMO PROFESIONAL COLLAGEN PROTEIN VOLUMIZING 1000ML"},"content":{"rendered":"<p><img loading=\"lazy\" decoding=\"async\" class=\"\" src=\"https:\/\/cosmocosmetics.ae\/cdn\/shop\/files\/logo-cosmo-regeister.png?v=1729761767&amp;width=340\" width=\"161\" height=\"34\" \/><\/p>\n<h1>COLLAGEN PROTEIN VOLUMIZING<\/h1>\n<p><span dir=\"auto\">Dale a tu cabello fino y sin vida un realce fabuloso. Formulado con un c<\/span><span dir=\"auto\">omplejo corporal avanzado y prote\u00edna de col\u00e1geno para mejorar el m<\/span><span dir=\"auto\">ovimiento y elasticidad. Nuestros productos voluminizadores aportan vitalidad al c<\/span><span dir=\"auto\">abello fino y liso, mejora la textura del cabello mientras lo nutre desde la ra\u00edz hasta las puntas.<\/span><\/p>\n<p><span dir=\"auto\">Para unos cabellos de aspecto delicioso.<\/span><\/p>\n<h5><span dir=\"auto\">RESULTADOS<\/span><\/h5>\n<p><span dir=\"auto\">\u2022 Devuelve la vida al cabello fino y sin vida.<\/span><\/p>\n<p><span dir=\"auto\">\u2022 Aumenta el grosor del cabello y lo repara al m\u00e1ximo la <\/span><span dir=\"auto\">zona da\u00f1ada de la superficie del cabello.<\/span><\/p>\n<p><span dir=\"auto\">\u2022 Proporciona una din\u00e1mica capilar saludable para aumentar e<\/span><span dir=\"auto\">l movimiento del cabello fino al mismo tiempo que ofrece a<\/span><span dir=\"auto\">condicionamiento y beneficios sensoriales.<\/span><\/p>\n<h5><span dir=\"auto\">INGREDIENTE ACTIVO<\/span><\/h5>\n<h6><span dir=\"auto\">COL\u00c1GENO:<\/span><\/h6>\n<p><span dir=\"auto\">El col\u00e1geno ayuda a construir las prote\u00ednas del cabello, envolvi\u00e9ndolo <\/span><span dir=\"auto\">cada hebra con resistencia y estabilidad adicionales.<\/span><\/p>\n<p><span dir=\"auto\">Mejora el cuerpo, aumenta el brillo y deja el cabello profundamente <\/span><span dir=\"auto\">nutrido y acondicionado<\/span><\/p>\n<h6><span dir=\"auto\">COMPLEJO CORPORIZANTE<\/span><\/h6>\n<p><span dir=\"auto\">\u2022 Aumenta el volumen sin frizz.<\/span><\/p>\n<p><span dir=\"auto\">\u2022 Devuelve la vida al cabello lacio.<\/span><\/p>\n<p><span dir=\"auto\">\u2022 Realza el brillo<\/span><\/p>\n","protected":false},"excerpt":{"rendered":"<p>COLLAGEN PROTEIN VOLUMIZING Dale a tu cabello fino y sin vida un realce fabuloso. Formulado con un complejo corporal avanzado<\/p>\n","protected":false},"featured_media":90272,"comment_status":"open","ping_status":"closed","template":"","meta":{"nf_dc_page":""},"product_brand":[103],"product_cat":[85],"product_tag":[],"class_list":{"0":"post-90271","1":"product","2":"type-product","3":"status-publish","4":"has-post-thumbnail","6":"product_brand-cosmo","7":"product_cat-cosmeticos","9":"first","10":"instock","11":"shipping-taxable","12":"purchasable","13":"product-type-simple"},"_links":{"self":[{"href":"https:\/\/brandss.com.py\/index\/wp-json\/wp\/v2\/product\/90271","targetHints":{"allow":["GET"]}}],"collection":[{"href":"https:\/\/brandss.com.py\/index\/wp-json\/wp\/v2\/product"}],"about":[{"href":"https:\/\/brandss.com.py\/index\/wp-json\/wp\/v2\/types\/product"}],"replies":[{"embeddable":true,"href":"https:\/\/brandss.com.py\/index\/wp-json\/wp\/v2\/comments?post=90271"}],"version-history":[{"count":3,"href":"https:\/\/brandss.com.py\/index\/wp-json\/wp\/v2\/product\/90271\/revisions"}],"predecessor-version":[{"id":90323,"href":"https:\/\/brandss.com.py\/index\/wp-json\/wp\/v2\/product\/90271\/revisions\/90323"}],"wp:featuredmedia":[{"embeddable":true,"href":"https:\/\/brandss.com.py\/index\/wp-json\/wp\/v2\/media\/90272"}],"wp:attachment":[{"href":"https:\/\/brandss.com.py\/index\/wp-json\/wp\/v2\/media?parent=90271"}],"wp:term":[{"taxonomy":"product_brand","embeddable":true,"href":"https:\/\/brandss.com.py\/index\/wp-json\/wp\/v2\/product_brand?post=90271"},{"taxonomy":"product_cat","embeddable":true,"href":"https:\/\/brandss.com.py\/index\/wp-json\/wp\/v2\/product_cat?post=90271"},{"taxonomy":"product_tag","embeddable":true,"href":"https:\/\/brandss.com.py\/index\/wp-json\/wp\/v2\/product_tag?post=90271"}],"curies":[{"name":"wp","href":"https:\/\/api.w.org\/{rel}","templated":true}]}}