{"id":90276,"date":"2025-09-11T18:37:36","date_gmt":"2025-09-11T18:37:36","guid":{"rendered":"https:\/\/brandss.com.py\/index\/?post_type=product&#038;p=90276"},"modified":"2025-09-12T12:48:47","modified_gmt":"2025-09-12T12:48:47","slug":"shampoo-capilar-cosmo-collagen-protein-volumizing-1000ml","status":"publish","type":"product","link":"https:\/\/brandss.com.py\/index\/producto\/shampoo-capilar-cosmo-collagen-protein-volumizing-1000ml\/","title":{"rendered":"SHAMPOO CAPILAR COSMO PROFESIONAL COLLAGEN PROTEIN VOLUMIZING 1000ML"},"content":{"rendered":"<p><img loading=\"lazy\" decoding=\"async\" class=\"\" src=\"https:\/\/cosmocosmetics.ae\/cdn\/shop\/files\/logo-cosmo-regeister.png?v=1729761767&amp;width=340\" width=\"137\" height=\"29\" \/><\/p>\n<h1>COLLAGEN PROTEIN VOLUMIZING<\/h1>\n<p><span dir=\"auto\">Dale un realce fabuloso a tu cabello fino y sin vida. Formulado con un <\/span><span dir=\"auto\">complejo voluminizador avanzado y champ\u00fa con prote\u00edna de col\u00e1geno para mejorar <\/span><span dir=\"auto\">el movimiento y la elasticidad. Nuestros productos voluminizadores aportan vitalidad al <\/span><span dir=\"auto\">cabello fino y sin vida, mejoran su textura y lo nutren de la ra\u00edz a las puntas <\/span><span dir=\"auto\">para lucir una melena radiante.<\/span><\/p>\n<h5><strong><span dir=\"auto\">RESULTADOS<\/span><\/strong><\/h5>\n<p><span dir=\"auto\">\u2022 Devuelve la vida al cabello fino, plano y sin vida.<\/span><br \/>\n<span dir=\"auto\">\u2022 Aumenta el grosor del cabello y repara el <\/span><span dir=\"auto\">\u00e1rea m\u00e1s da\u00f1ada de la superficie del cabello.<\/span><br \/>\n<span dir=\"auto\">\u2022 Proporciona una din\u00e1mica capilar saludable para aumentar <\/span><span dir=\"auto\">el movimiento del cabello plano\/fino al mismo tiempo que ofrece <\/span><span dir=\"auto\">beneficios acondicionadores y sensoriales.<\/span><\/p>\n<h5><strong><span dir=\"auto\">INGREDIENTE ACTIVO<\/span><\/strong><\/h5>\n<h6>\n<span dir=\"auto\">COL\u00c1GENO<\/span><\/h6>\n<p><span dir=\"auto\">\u2022 El col\u00e1geno ayuda a construir las prote\u00ednas del cabello, envolviendo <\/span><span dir=\"auto\">cada hebra con fuerza y \u200b\u200bestabilidad adicionales, <\/span><span dir=\"auto\">mejora el cuerpo, aumenta el brillo y deja el cabello profundamente <\/span><span dir=\"auto\">nutrido y acondicionado.<\/span><\/p>\n<h6>\n<span dir=\"auto\">COMPLEJO CORPORAL<\/span><\/h6>\n<p><span dir=\"auto\">\u2022 Aumenta el volumen sin frizz<\/span><br \/>\n<span dir=\"auto\">\u2022 Devuelve la vida al cabello lacio<\/span><br \/>\n<span dir=\"auto\">\u2022 Realza el brillo<\/span><\/p>\n","protected":false},"excerpt":{"rendered":"<p>COLLAGEN PROTEIN VOLUMIZING Dale un realce fabuloso a tu cabello fino y sin vida. Formulado con un complejo voluminizador avanzado<\/p>\n","protected":false},"featured_media":90277,"comment_status":"open","ping_status":"closed","template":"","meta":{"nf_dc_page":""},"product_brand":[103],"product_cat":[85],"product_tag":[],"class_list":{"0":"post-90276","1":"product","2":"type-product","3":"status-publish","4":"has-post-thumbnail","6":"product_brand-cosmo","7":"product_cat-cosmeticos","9":"first","10":"instock","11":"shipping-taxable","12":"purchasable","13":"product-type-simple"},"_links":{"self":[{"href":"https:\/\/brandss.com.py\/index\/wp-json\/wp\/v2\/product\/90276","targetHints":{"allow":["GET"]}}],"collection":[{"href":"https:\/\/brandss.com.py\/index\/wp-json\/wp\/v2\/product"}],"about":[{"href":"https:\/\/brandss.com.py\/index\/wp-json\/wp\/v2\/types\/product"}],"replies":[{"embeddable":true,"href":"https:\/\/brandss.com.py\/index\/wp-json\/wp\/v2\/comments?post=90276"}],"version-history":[{"count":2,"href":"https:\/\/brandss.com.py\/index\/wp-json\/wp\/v2\/product\/90276\/revisions"}],"predecessor-version":[{"id":90322,"href":"https:\/\/brandss.com.py\/index\/wp-json\/wp\/v2\/product\/90276\/revisions\/90322"}],"wp:featuredmedia":[{"embeddable":true,"href":"https:\/\/brandss.com.py\/index\/wp-json\/wp\/v2\/media\/90277"}],"wp:attachment":[{"href":"https:\/\/brandss.com.py\/index\/wp-json\/wp\/v2\/media?parent=90276"}],"wp:term":[{"taxonomy":"product_brand","embeddable":true,"href":"https:\/\/brandss.com.py\/index\/wp-json\/wp\/v2\/product_brand?post=90276"},{"taxonomy":"product_cat","embeddable":true,"href":"https:\/\/brandss.com.py\/index\/wp-json\/wp\/v2\/product_cat?post=90276"},{"taxonomy":"product_tag","embeddable":true,"href":"https:\/\/brandss.com.py\/index\/wp-json\/wp\/v2\/product_tag?post=90276"}],"curies":[{"name":"wp","href":"https:\/\/api.w.org\/{rel}","templated":true}]}}