{"id":90295,"date":"2025-09-12T11:19:42","date_gmt":"2025-09-12T11:19:42","guid":{"rendered":"https:\/\/brandss.com.py\/index\/?post_type=product&#038;p=90295"},"modified":"2025-09-12T12:45:49","modified_gmt":"2025-09-12T12:45:49","slug":"shampoo-capilar-cosmo-revital-plus-revitalizante-1000ml","status":"publish","type":"product","link":"https:\/\/brandss.com.py\/index\/producto\/shampoo-capilar-cosmo-revital-plus-revitalizante-1000ml\/","title":{"rendered":"SHAMPOO CAPILAR COSMO PROFESIONAL REVITAL PLUS REVITALIZANTE 1000ML"},"content":{"rendered":"<p><img loading=\"lazy\" decoding=\"async\" class=\"\" src=\"https:\/\/cosmocosmetics.ae\/cdn\/shop\/files\/logo-cosmo-regeister.png?v=1729761767&amp;width=340\" width=\"179\" height=\"38\" \/><\/p>\n<h1>REVITAL PLUS REVITALIZANTE<\/h1>\n<p>Formulada con principios activos funcionales y nutrientes esenciales, nuestra gama de productos Revital Plus disminuye la ca\u00edda del cabello al reducir la rotura y favorece la apariencia de un cabello m\u00e1s largo, denso, grueso y saludable. Adem\u00e1s, nutre, hidrata y mejora el<br \/>\nestado del cabello y el cuero cabelludo, creando un entorno saludable para la restauraci\u00f3n capilar.<\/p>\n<h3>RESULTADOS<\/h3>\n<p>\u2022 Ayuda a fortalecer y fortificar el cabello desde la ra\u00edz hasta las puntas<br \/>\n\u2022 Reduce la rotura del cabello y las puntas abiertas<br \/>\n\u2022 Aumenta el grosor para mayor cuerpo y rebote<br \/>\n\u2022 Mejora la textura y el brillo del cabello<\/p>\n<p>&nbsp;<\/p>\n<h3>INGREDIENTE ACTIVO<\/h3>\n<h6>\nEXTRACTO DE SAW PALMETTO<\/h6>\n<p>\u2022 Ayuda a fortalecer la ra\u00edz para prevenir el debilitamiento y la ca\u00edda del cabello.<br \/>\n\u2022 Aumenta el brillo natural del cabello da\u00f1ado, a la vez que a\u00f1ade volumen, cuerpo y elasticidad al cabello seco y quebradizo.<\/p>\n<h6>\nVITAMINAS Y EXTRACTOS<\/h6>\n<p>\u2022 Con bondad nutricional, ayuda a reparar el cabello da\u00f1ado, aumenta su fuerza e hidrata el cabello seco para crear mayor manejabilidad y suavidad total.<\/p>\n","protected":false},"excerpt":{"rendered":"<p>REVITAL PLUS REVITALIZANTE Formulada con principios activos funcionales y nutrientes esenciales, nuestra gama de productos Revital Plus disminuye la ca\u00edda<\/p>\n","protected":false},"featured_media":90296,"comment_status":"open","ping_status":"closed","template":"","meta":{"nf_dc_page":""},"product_brand":[103],"product_cat":[85],"product_tag":[],"class_list":{"0":"post-90295","1":"product","2":"type-product","3":"status-publish","4":"has-post-thumbnail","6":"product_brand-cosmo","7":"product_cat-cosmeticos","9":"first","10":"instock","11":"shipping-taxable","12":"purchasable","13":"product-type-simple"},"_links":{"self":[{"href":"https:\/\/brandss.com.py\/index\/wp-json\/wp\/v2\/product\/90295","targetHints":{"allow":["GET"]}}],"collection":[{"href":"https:\/\/brandss.com.py\/index\/wp-json\/wp\/v2\/product"}],"about":[{"href":"https:\/\/brandss.com.py\/index\/wp-json\/wp\/v2\/types\/product"}],"replies":[{"embeddable":true,"href":"https:\/\/brandss.com.py\/index\/wp-json\/wp\/v2\/comments?post=90295"}],"version-history":[{"count":2,"href":"https:\/\/brandss.com.py\/index\/wp-json\/wp\/v2\/product\/90295\/revisions"}],"predecessor-version":[{"id":90319,"href":"https:\/\/brandss.com.py\/index\/wp-json\/wp\/v2\/product\/90295\/revisions\/90319"}],"wp:featuredmedia":[{"embeddable":true,"href":"https:\/\/brandss.com.py\/index\/wp-json\/wp\/v2\/media\/90296"}],"wp:attachment":[{"href":"https:\/\/brandss.com.py\/index\/wp-json\/wp\/v2\/media?parent=90295"}],"wp:term":[{"taxonomy":"product_brand","embeddable":true,"href":"https:\/\/brandss.com.py\/index\/wp-json\/wp\/v2\/product_brand?post=90295"},{"taxonomy":"product_cat","embeddable":true,"href":"https:\/\/brandss.com.py\/index\/wp-json\/wp\/v2\/product_cat?post=90295"},{"taxonomy":"product_tag","embeddable":true,"href":"https:\/\/brandss.com.py\/index\/wp-json\/wp\/v2\/product_tag?post=90295"}],"curies":[{"name":"wp","href":"https:\/\/api.w.org\/{rel}","templated":true}]}}