{"id":90299,"date":"2025-09-12T11:49:59","date_gmt":"2025-09-12T11:49:59","guid":{"rendered":"https:\/\/brandss.com.py\/index\/?post_type=product&#038;p=90299"},"modified":"2025-09-12T12:45:34","modified_gmt":"2025-09-12T12:45:34","slug":"shampoo-capilar-cosmo-sea-weed-biotin-reconstructivo-1000ml","status":"publish","type":"product","link":"https:\/\/brandss.com.py\/index\/producto\/shampoo-capilar-cosmo-sea-weed-biotin-reconstructivo-1000ml\/","title":{"rendered":"SHAMPOO CAPILAR COSMO PROFESIONAL SEA WEED BIOTIN RECONSTRUCTIVO 1000ML"},"content":{"rendered":"<p><img loading=\"lazy\" decoding=\"async\" class=\"\" src=\"https:\/\/cosmocosmetics.ae\/cdn\/shop\/files\/logo-cosmo-regeister.png?v=1729761767&amp;width=340\" width=\"170\" height=\"36\" \/><\/p>\n<h1>SEA WEED BIOTIN RECONSTRUCTIVO<\/h1>\n<p><span dir=\"auto\">Los cambios de estaci\u00f3n, el secado excesivo, la contaminaci\u00f3n, <\/span><span dir=\"auto\">el agua dura, la coloraci\u00f3n y muchos otros factores pueden hacer que tu cabello <\/span><span dir=\"auto\">se vuelva opaco, da\u00f1ado, deshidratado, quebradizo y sin vida. La <\/span><span dir=\"auto\">exclusiva combinaci\u00f3n nutritiva y reparadora de algas marinas y biotina <\/span><span dir=\"auto\">penetra la cut\u00edcula capilar, fortaleci\u00e9ndola desde el interior, mejorando su textura y elasticidad, y ayud\u00e1ndote a redescubrir el verdadero\u00a0brillo y la belleza <\/span><span dir=\"auto\">de tu cabello.<\/span><\/p>\n<p><strong><span dir=\"auto\">RESULTADOS<\/span><\/strong><br \/>\n<span dir=\"auto\">\u2022 Revitaliza y restaura un cabello sano, suave y brillante.<\/span><br \/>\n<span dir=\"auto\">\u2022 Protege el cabello para reforzar y proteger la superficie del <\/span><span dir=\"auto\">cabello.<\/span><br \/>\n<span dir=\"auto\">\u2022 Fortalece el cabello y lo hace m\u00e1s resistente a futuros <\/span><span dir=\"auto\">da\u00f1os.<\/span><br \/>\n<span dir=\"auto\">\u2022 Reduce la rotura del cabello y las puntas abiertas.<\/span><br \/>\n<span dir=\"auto\">\u2022 Mejora la textura, la manejabilidad y el brillo del cabello.<\/span><\/p>\n<p><strong><span dir=\"auto\">INGREDIENTE ACTIVO<\/span><\/strong><\/p>\n<h6><span dir=\"auto\">ALGAS MARINAS<\/span><\/h6>\n<p><span dir=\"auto\">\u2022 Nutre y fortalece las hebras del cabello.<\/span><br \/>\n<span dir=\"auto\">\u2022 Hidrata y restaura la flexibilidad de tu cabello.<\/span><\/p>\n<p>&nbsp;<\/p>\n<h6><span dir=\"auto\">BIOTINA<\/span><\/h6>\n<p><span dir=\"auto\">\u2022 Protege las fibras capilares y contra da\u00f1os.<\/span><br \/>\n<span dir=\"auto\">\u2022 Repara las puntas abiertas y suaviza el cabello.<\/span><br \/>\n<span dir=\"auto\">\u2022 Hidrata, fortalece y reduce la rotura del cabello.<\/span><\/p>\n","protected":false},"excerpt":{"rendered":"<p>SEA WEED BIOTIN RECONSTRUCTIVO Los cambios de estaci\u00f3n, el secado excesivo, la contaminaci\u00f3n, el agua dura, la coloraci\u00f3n y muchos<\/p>\n","protected":false},"featured_media":90300,"comment_status":"open","ping_status":"closed","template":"","meta":{"nf_dc_page":""},"product_brand":[103],"product_cat":[85],"product_tag":[],"class_list":{"0":"post-90299","1":"product","2":"type-product","3":"status-publish","4":"has-post-thumbnail","6":"product_brand-cosmo","7":"product_cat-cosmeticos","9":"first","10":"instock","11":"shipping-taxable","12":"purchasable","13":"product-type-simple"},"_links":{"self":[{"href":"https:\/\/brandss.com.py\/index\/wp-json\/wp\/v2\/product\/90299","targetHints":{"allow":["GET"]}}],"collection":[{"href":"https:\/\/brandss.com.py\/index\/wp-json\/wp\/v2\/product"}],"about":[{"href":"https:\/\/brandss.com.py\/index\/wp-json\/wp\/v2\/types\/product"}],"replies":[{"embeddable":true,"href":"https:\/\/brandss.com.py\/index\/wp-json\/wp\/v2\/comments?post=90299"}],"version-history":[{"count":2,"href":"https:\/\/brandss.com.py\/index\/wp-json\/wp\/v2\/product\/90299\/revisions"}],"predecessor-version":[{"id":90318,"href":"https:\/\/brandss.com.py\/index\/wp-json\/wp\/v2\/product\/90299\/revisions\/90318"}],"wp:featuredmedia":[{"embeddable":true,"href":"https:\/\/brandss.com.py\/index\/wp-json\/wp\/v2\/media\/90300"}],"wp:attachment":[{"href":"https:\/\/brandss.com.py\/index\/wp-json\/wp\/v2\/media?parent=90299"}],"wp:term":[{"taxonomy":"product_brand","embeddable":true,"href":"https:\/\/brandss.com.py\/index\/wp-json\/wp\/v2\/product_brand?post=90299"},{"taxonomy":"product_cat","embeddable":true,"href":"https:\/\/brandss.com.py\/index\/wp-json\/wp\/v2\/product_cat?post=90299"},{"taxonomy":"product_tag","embeddable":true,"href":"https:\/\/brandss.com.py\/index\/wp-json\/wp\/v2\/product_tag?post=90299"}],"curies":[{"name":"wp","href":"https:\/\/api.w.org\/{rel}","templated":true}]}}