{"id":90303,"date":"2025-09-12T12:24:50","date_gmt":"2025-09-12T12:24:50","guid":{"rendered":"https:\/\/brandss.com.py\/index\/?post_type=product&#038;p=90303"},"modified":"2026-02-13T10:59:00","modified_gmt":"2026-02-13T10:59:00","slug":"spray-capilar-cosmo-heat-protect-thermal-care-shields-250ml","status":"publish","type":"product","link":"https:\/\/brandss.com.py\/index\/producto\/spray-capilar-cosmo-heat-protect-thermal-care-shields-250ml\/","title":{"rendered":"SPRAY CAPILAR COSMO PROFESIONAL HEAT PROTECT THERMAL CARE &amp; SHIELDS 250ML"},"content":{"rendered":"<p><img loading=\"lazy\" decoding=\"async\" class=\"\" src=\"https:\/\/cosmocosmetics.ae\/cdn\/shop\/files\/logo-cosmo-regeister.png?v=1729761767&amp;width=340\" width=\"184\" height=\"39\" \/><\/p>\n<h1>HEAT PROTECT THERMAL CARE &amp; SHIELDS<\/h1>\n<h6><em><strong><span dir=\"auto\">CUIDADO Y PROTECCI\u00d3N<\/span><\/strong><\/em><\/h6>\n<p><span dir=\"auto\">Nuestro spray protector t\u00e9rmico est\u00e1 especialmente formulado para <\/span><span dir=\"auto\">proteger contra los da\u00f1os causados \u200b\u200bpor las herramientas de peinado y acabado, <\/span><span dir=\"auto\">a la vez que realza el brillo. Ayuda a reducir <\/span><span dir=\"auto\">la rotura del cabello, proporciona una hidrataci\u00f3n ligera y aporta <\/span><span dir=\"auto\">cuerpo para un peinado sin esfuerzo.<\/span><\/p>\n<p><strong><span dir=\"auto\">CARACTER\u00cdSTICAS DESTACADAS DEL PRODUCTO<\/span><\/strong><\/p>\n<p><span dir=\"auto\">\u2022 Protecci\u00f3n t\u00e9rmica contra el calor hasta <\/span><span dir=\"auto\">450\u00baF\/232\u00b0C.<\/span><br \/>\n<span dir=\"auto\">\u2022 Ayuda a reducir los efectos da\u00f1inos del peinado con calor <\/span><span dir=\"auto\">y la rotura del cabello.<\/span><br \/>\n<span dir=\"auto\">\u2022 Aumenta el brillo.<\/span><br \/>\n<span dir=\"auto\">\u2022 Agrega suavidad y una fijaci\u00f3n agradable al tacto.<\/span><br \/>\n<span dir=\"auto\">\u2022 Ideal para usar con cualquier herramienta de peinado con calor.<\/span><\/p>\n<p><strong><span dir=\"auto\">Instrucciones<\/span><\/strong><\/p>\n<p><span dir=\"auto\">Antes de secar con secador: Roc\u00ede <\/span><span dir=\"auto\">uniformemente sobre el cabello secado con toalla. <\/span><span dir=\"auto\">Seque con secador y peine como desee.<\/span><br \/>\n<span dir=\"auto\">Con plancha o rizador: <\/span><span dir=\"auto\">Separe el cabello en secciones. Roc\u00ede sobre <\/span><span dir=\"auto\">el cabello seco antes de peinarlo con <\/span><span dir=\"auto\">la plancha. Tambi\u00e9n se puede usar como <\/span><span dir=\"auto\">producto de acabado.<\/span><\/p>\n","protected":false},"excerpt":{"rendered":"<p>HEAT PROTECT THERMAL CARE &amp; SHIELDS CUIDADO Y PROTECCI\u00d3N Nuestro spray protector t\u00e9rmico est\u00e1 especialmente formulado para proteger contra los<\/p>\n","protected":false},"featured_media":90304,"comment_status":"open","ping_status":"closed","template":"","meta":{"nf_dc_page":""},"product_brand":[103],"product_cat":[85],"product_tag":[],"class_list":{"0":"post-90303","1":"product","2":"type-product","3":"status-publish","4":"has-post-thumbnail","6":"product_brand-cosmo","7":"product_cat-cosmeticos","9":"first","10":"instock","11":"shipping-taxable","12":"purchasable","13":"product-type-simple"},"_links":{"self":[{"href":"https:\/\/brandss.com.py\/index\/wp-json\/wp\/v2\/product\/90303","targetHints":{"allow":["GET"]}}],"collection":[{"href":"https:\/\/brandss.com.py\/index\/wp-json\/wp\/v2\/product"}],"about":[{"href":"https:\/\/brandss.com.py\/index\/wp-json\/wp\/v2\/types\/product"}],"replies":[{"embeddable":true,"href":"https:\/\/brandss.com.py\/index\/wp-json\/wp\/v2\/comments?post=90303"}],"version-history":[{"count":2,"href":"https:\/\/brandss.com.py\/index\/wp-json\/wp\/v2\/product\/90303\/revisions"}],"predecessor-version":[{"id":90317,"href":"https:\/\/brandss.com.py\/index\/wp-json\/wp\/v2\/product\/90303\/revisions\/90317"}],"wp:featuredmedia":[{"embeddable":true,"href":"https:\/\/brandss.com.py\/index\/wp-json\/wp\/v2\/media\/90304"}],"wp:attachment":[{"href":"https:\/\/brandss.com.py\/index\/wp-json\/wp\/v2\/media?parent=90303"}],"wp:term":[{"taxonomy":"product_brand","embeddable":true,"href":"https:\/\/brandss.com.py\/index\/wp-json\/wp\/v2\/product_brand?post=90303"},{"taxonomy":"product_cat","embeddable":true,"href":"https:\/\/brandss.com.py\/index\/wp-json\/wp\/v2\/product_cat?post=90303"},{"taxonomy":"product_tag","embeddable":true,"href":"https:\/\/brandss.com.py\/index\/wp-json\/wp\/v2\/product_tag?post=90303"}],"curies":[{"name":"wp","href":"https:\/\/api.w.org\/{rel}","templated":true}]}}