{"id":90308,"date":"2025-09-12T12:34:13","date_gmt":"2025-09-12T12:34:13","guid":{"rendered":"https:\/\/brandss.com.py\/index\/?post_type=product&#038;p=90308"},"modified":"2026-02-13T10:59:00","modified_gmt":"2026-02-13T10:59:00","slug":"spray-acondicionador-capilar-cosmo-damage-care-sin-aclarado-250ml","status":"publish","type":"product","link":"https:\/\/brandss.com.py\/index\/producto\/spray-acondicionador-capilar-cosmo-damage-care-sin-aclarado-250ml\/","title":{"rendered":"SPRAY ACONDICIONADOR CAPILAR COSMO PROFESIONAL DAMAGE CARE SIN ACLARADO 250ML"},"content":{"rendered":"<p><img loading=\"lazy\" decoding=\"async\" class=\"\" src=\"https:\/\/cosmocosmetics.ae\/cdn\/shop\/files\/logo-cosmo-regeister.png?v=1729761767&amp;width=340\" width=\"203\" height=\"43\" \/><\/p>\n<h1>DAMAGE CARE<\/h1>\n<p><span dir=\"auto\">El Acondicionador Sin Enjuague Cosmo Damage Care es un producto premium dise\u00f1ado para el cuidado del cabello da\u00f1ado y te\u00f1ido. Proporciona hidrataci\u00f3n profunda y protecci\u00f3n eficaz sin necesidad de enjuague.<\/span><\/p>\n<h5><span dir=\"auto\">Beneficios:<\/span><\/h5>\n<p><span dir=\"auto\"><strong><em>\u2022 Protecci\u00f3n del color:<\/em> <\/strong>Ayuda a mantener la profundidad e intensidad del color a la vez que lo protege del sol y de los factores oxidativos que pueden provocar la decoloraci\u00f3n.<\/span><\/p>\n<p><span dir=\"auto\"><strong><em>\u2022 Fortalecedor y Nutritivo:<\/em> <\/strong>Nutre y fortalece las fibras capilares, reduciendo las puntas abiertas y los da\u00f1os.<\/span><\/p>\n<p><span dir=\"auto\"><em><strong>\u2022 Hidrataci\u00f3n y brillo:<\/strong> <\/em>proporciona la hidrataci\u00f3n adecuada y le da al cabello un aspecto saludable y brillante.<\/span><\/p>\n<h4><span dir=\"auto\">Ingredientes activos:<\/span><\/h4>\n<p><span dir=\"auto\"><em><strong>\u2022 Keratina:<\/strong><\/em> Repara la capa externa del cabello, trata las puntas abiertas y protege las fibras capilares del da\u00f1o, restaurando la fuerza y \u200b\u200bla suavidad.<\/span><\/p>\n<h4><span dir=\"auto\">Modo de empleo:<\/span><\/h4>\n<p><span dir=\"auto\">Despu\u00e9s de lavarte el cabello con champ\u00fa y secarlo con toalla, roc\u00eda el acondicionador uniformemente sobre el cabello h\u00famedo, desde la ra\u00edz hasta las puntas. No necesita enjuague. Se puede usar a diario o seg\u00fan sea necesario.<\/span><\/p>\n<p><span dir=\"auto\">Al usar el acondicionador sin enjuague Cosmo Damage Care con regularidad, obtendr\u00e1 un cabello m\u00e1s saludable con un color vibrante y protecci\u00f3n continua contra factores da\u00f1inos.<\/span><\/p>\n","protected":false},"excerpt":{"rendered":"<p>DAMAGE CARE El Acondicionador Sin Enjuague Cosmo Damage Care es un producto premium dise\u00f1ado para el cuidado del cabello da\u00f1ado<\/p>\n","protected":false},"featured_media":90309,"comment_status":"open","ping_status":"closed","template":"","meta":{"nf_dc_page":""},"product_brand":[103],"product_cat":[85],"product_tag":[1137],"class_list":{"0":"post-90308","1":"product","2":"type-product","3":"status-publish","4":"has-post-thumbnail","6":"product_brand-cosmo","7":"product_cat-cosmeticos","8":"product_tag-1137","10":"first","11":"instock","12":"shipping-taxable","13":"purchasable","14":"product-type-simple"},"_links":{"self":[{"href":"https:\/\/brandss.com.py\/index\/wp-json\/wp\/v2\/product\/90308","targetHints":{"allow":["GET"]}}],"collection":[{"href":"https:\/\/brandss.com.py\/index\/wp-json\/wp\/v2\/product"}],"about":[{"href":"https:\/\/brandss.com.py\/index\/wp-json\/wp\/v2\/types\/product"}],"replies":[{"embeddable":true,"href":"https:\/\/brandss.com.py\/index\/wp-json\/wp\/v2\/comments?post=90308"}],"version-history":[{"count":2,"href":"https:\/\/brandss.com.py\/index\/wp-json\/wp\/v2\/product\/90308\/revisions"}],"predecessor-version":[{"id":90316,"href":"https:\/\/brandss.com.py\/index\/wp-json\/wp\/v2\/product\/90308\/revisions\/90316"}],"wp:featuredmedia":[{"embeddable":true,"href":"https:\/\/brandss.com.py\/index\/wp-json\/wp\/v2\/media\/90309"}],"wp:attachment":[{"href":"https:\/\/brandss.com.py\/index\/wp-json\/wp\/v2\/media?parent=90308"}],"wp:term":[{"taxonomy":"product_brand","embeddable":true,"href":"https:\/\/brandss.com.py\/index\/wp-json\/wp\/v2\/product_brand?post=90308"},{"taxonomy":"product_cat","embeddable":true,"href":"https:\/\/brandss.com.py\/index\/wp-json\/wp\/v2\/product_cat?post=90308"},{"taxonomy":"product_tag","embeddable":true,"href":"https:\/\/brandss.com.py\/index\/wp-json\/wp\/v2\/product_tag?post=90308"}],"curies":[{"name":"wp","href":"https:\/\/api.w.org\/{rel}","templated":true}]}}