{"id":90311,"date":"2025-09-12T12:42:22","date_gmt":"2025-09-12T12:42:22","guid":{"rendered":"https:\/\/brandss.com.py\/index\/?post_type=product&#038;p=90311"},"modified":"2026-02-13T10:59:42","modified_gmt":"2026-02-13T10:59:42","slug":"spray-acondicionador-capilar-cosmo-reconstruct-sin-aclarado-250ml","status":"publish","type":"product","link":"https:\/\/brandss.com.py\/index\/producto\/spray-acondicionador-capilar-cosmo-reconstruct-sin-aclarado-250ml\/","title":{"rendered":"SPRAY ACONDICIONADOR CAPILAR COSMO PROFESIONAL RECONSTRUCT SIN ACLARADO 250ML"},"content":{"rendered":"<p><img loading=\"lazy\" decoding=\"async\" class=\"\" src=\"https:\/\/cosmocosmetics.ae\/cdn\/shop\/files\/logo-cosmo-regeister.png?v=1729761767&amp;width=340\" width=\"194\" height=\"41\" \/><\/p>\n<h1>RECONSTRUCT<\/h1>\n<p><span dir=\"auto\">Descubre la soluci\u00f3n perfecta para reparar tu cabello da\u00f1ado con el Acondicionador Reconstructor sin Enjuague Tricho Pro+ con Algas y Biotina de Cosmo. Este acondicionador est\u00e1 dise\u00f1ado con una f\u00f3rmula \u00fanica y nutritiva para brindarle a tu cabello el cuidado que merece.<\/span><\/p>\n<h4><span dir=\"auto\">Ingredientes:<\/span><\/h4>\n<p><span dir=\"auto\"><em><strong>Algas:<\/strong> <\/em>Contiene una gama de elementos nutritivos que ayudan a reparar y restaurar el cabello desde la ra\u00edz hasta las puntas.<\/span><br \/>\n<span dir=\"auto\"><em><strong>Biotina:<\/strong><\/em> Una vitamina esencial que promueve el crecimiento del cabello y lo fortalece, previniendo la rotura y la ca\u00edda.<\/span><br \/>\n<span dir=\"auto\"><em><strong>F\u00f3rmula sin parabenos:<\/strong><\/em> Segura para uso diario, protege el cabello del da\u00f1o causado por qu\u00edmicos agresivos.<\/span><\/p>\n<h4><span dir=\"auto\">Caracter\u00edsticas:<\/span><\/h4>\n<p><span dir=\"auto\"><em><strong>Repara el cabello da\u00f1ado:<\/strong><\/em> Reconstruye el cabello da\u00f1ado por tintes, calor y factores ambientales, haci\u00e9ndolo m\u00e1s fuerte y vibrante.<\/span><br \/>\n<span dir=\"auto\"><strong><em>Hidrataci\u00f3n profunda:<\/em><\/strong> Proporciona la humedad necesaria para el cabello seco y quebradizo, dej\u00e1ndolo m\u00e1s suave y flexible.<\/span><br \/>\n<span dir=\"auto\"><strong><em>Promueve el crecimiento del cabello:<\/em><\/strong> Contiene biotina, que fortalece los fol\u00edculos pilosos y estimula el crecimiento saludable del cabello.<\/span><br \/>\n<span dir=\"auto\"><em><strong>Protecci\u00f3n del cabello:<\/strong> <\/em>Act\u00faa como una barrera protectora contra factores externos da\u00f1inos como la contaminaci\u00f3n y las herramientas de peinado con calor.<\/span><br \/>\n<span dir=\"auto\"><em><strong>F\u00e1cil de usar:<\/strong> <\/em>Viene en una pr\u00e1ctica botella con atomizador que se puede usar directamente sobre el cabello h\u00famedo o seco sin necesidad de enjuague.<\/span><br \/>\n<span dir=\"auto\"><em><strong>Ingredientes naturales y seguros:<\/strong><\/em> Enriquecido con algas marinas y biotina, y libre de parabenos y qu\u00edmicos da\u00f1inos, lo que lo hace adecuado para todo tipo de cabello.<\/span><br \/>\n<span dir=\"auto\"><em><strong>Proporciona brillo natural:<\/strong> <\/em>Ayuda a restaurar el brillo natural de su cabello, dej\u00e1ndolo con un aspecto saludable y radiante.<\/span><br \/>\n<span dir=\"auto\"><em><strong>Reduce los enredos:<\/strong> <\/em>Facilita el peinado del cabello y reduce los enredos, haci\u00e9ndolo m\u00e1s manejable y suave.<\/span><\/p>\n","protected":false},"excerpt":{"rendered":"<p>RECONSTRUCT Descubre la soluci\u00f3n perfecta para reparar tu cabello da\u00f1ado con el Acondicionador Reconstructor sin Enjuague Tricho Pro+ con Algas<\/p>\n","protected":false},"featured_media":90312,"comment_status":"open","ping_status":"closed","template":"","meta":{"nf_dc_page":""},"product_brand":[103],"product_cat":[85],"product_tag":[1138],"class_list":{"0":"post-90311","1":"product","2":"type-product","3":"status-publish","4":"has-post-thumbnail","6":"product_brand-cosmo","7":"product_cat-cosmeticos","8":"product_tag-1138","10":"first","11":"instock","12":"shipping-taxable","13":"purchasable","14":"product-type-simple"},"_links":{"self":[{"href":"https:\/\/brandss.com.py\/index\/wp-json\/wp\/v2\/product\/90311","targetHints":{"allow":["GET"]}}],"collection":[{"href":"https:\/\/brandss.com.py\/index\/wp-json\/wp\/v2\/product"}],"about":[{"href":"https:\/\/brandss.com.py\/index\/wp-json\/wp\/v2\/types\/product"}],"replies":[{"embeddable":true,"href":"https:\/\/brandss.com.py\/index\/wp-json\/wp\/v2\/comments?post=90311"}],"version-history":[{"count":3,"href":"https:\/\/brandss.com.py\/index\/wp-json\/wp\/v2\/product\/90311\/revisions"}],"predecessor-version":[{"id":90315,"href":"https:\/\/brandss.com.py\/index\/wp-json\/wp\/v2\/product\/90311\/revisions\/90315"}],"wp:featuredmedia":[{"embeddable":true,"href":"https:\/\/brandss.com.py\/index\/wp-json\/wp\/v2\/media\/90312"}],"wp:attachment":[{"href":"https:\/\/brandss.com.py\/index\/wp-json\/wp\/v2\/media?parent=90311"}],"wp:term":[{"taxonomy":"product_brand","embeddable":true,"href":"https:\/\/brandss.com.py\/index\/wp-json\/wp\/v2\/product_brand?post=90311"},{"taxonomy":"product_cat","embeddable":true,"href":"https:\/\/brandss.com.py\/index\/wp-json\/wp\/v2\/product_cat?post=90311"},{"taxonomy":"product_tag","embeddable":true,"href":"https:\/\/brandss.com.py\/index\/wp-json\/wp\/v2\/product_tag?post=90311"}],"curies":[{"name":"wp","href":"https:\/\/api.w.org\/{rel}","templated":true}]}}