{"id":90340,"date":"2025-09-12T14:33:42","date_gmt":"2025-09-12T14:33:42","guid":{"rendered":"https:\/\/brandss.com.py\/index\/?post_type=product&#038;p=90340"},"modified":"2025-10-29T13:59:49","modified_gmt":"2025-10-29T13:59:49","slug":"locion-corporal-cosmo-vitamin-c-175ml","status":"publish","type":"product","link":"https:\/\/brandss.com.py\/index\/producto\/locion-corporal-cosmo-vitamin-c-175ml\/","title":{"rendered":"LOCI\u00d3N CORPORAL COSMO VITAMIN C 175ML"},"content":{"rendered":"<p><img loading=\"lazy\" decoding=\"async\" class=\"\" src=\"https:\/\/cosmocosmetics.ae\/cdn\/shop\/files\/logo-cosmo-regeister.png?v=1729761767&amp;width=340\" width=\"151\" height=\"32\" \/><\/p>\n<h1>VITAMIN C<\/h1>\n<p>Es una f\u00f3rmula ligera y de r\u00e1pida absorci\u00f3n que ilumina y rejuvenece la piel. Enriquecida con vitamina C, hidrata profundamente, reduce las manchas oscuras y protege la piel de las agresiones externas, dej\u00e1ndola radiante, con un tono uniforme y tersa.<\/p>\n<div class=\"experience-component experience-dynamic-productLongDescription\">\n<div id=\"longDescription\" class=\"container product-long-description\">\n<div class=\"row\">\n<div class=\"col-12 col-md-8 description-text\">\n<div class=\"metafield-rich_text_field\">\n<h4><span dir=\"auto\">CARACTER\u00cdSTICAS<\/span><\/h4>\n<ul>\n<li><span dir=\"auto\">Ligero y de r\u00e1pida absorci\u00f3n para un acabado no graso.<\/span><\/li>\n<li><span dir=\"auto\">Ilumina la tez y promueve un brillo radiante.<\/span><\/li>\n<li><span dir=\"auto\">Hidrata profundamente y unifica el tono de la piel.<\/span><\/li>\n<li><span dir=\"auto\">Reduce la aparici\u00f3n de manchas oscuras y protege contra los factores estresantes externos.<\/span><\/li>\n<\/ul>\n<\/div>\n<\/div>\n<div class=\"col-12 col-md-4 description-icon\">\n<div class=\"content-asset\"><\/div>\n<\/div>\n<\/div>\n<\/div>\n<\/div>\n<div class=\"experience-component experience-dynamic-productIngredients\">\n<div id=\"productIngredients\" class=\"container product-ingredients mt-3\">\n<div class=\"row\">\n<div class=\"col-12 col-md-7 mt-3 mt-md-0 ingredients-copy\">\n<div class=\"content-asset\">\n<h4><span dir=\"auto\">TODOS LOS INGREDIENTES<\/span><\/h4>\n<p><span dir=\"auto\">LA VITAMINA C ayuda a combatir los radicales libres y protege la piel del da\u00f1o causado por los factores estresantes ambientales al mismo tiempo\u00a0<\/span><img loading=\"lazy\" decoding=\"async\" class=\"w-100 alignleft\" src=\"https:\/\/cosmocosmetics.ae\/cdn\/shop\/files\/Orange_80b1300f-1a3f-4c0c-a668-44e25f5875eb.webp?v=1724227391\" width=\"179\" height=\"118\" \/>que aborda los signos visibles del envejecimiento: fortalece la piel, rellena las arrugas y le da un aspecto m\u00e1s suave, fresco y radiante.<\/p>\n<\/div>\n<\/div>\n<\/div>\n<\/div>\n<\/div>\n","protected":false},"excerpt":{"rendered":"<p>VITAMIN C Es una f\u00f3rmula ligera y de r\u00e1pida absorci\u00f3n que ilumina y rejuvenece la piel. Enriquecida con vitamina C,<\/p>\n","protected":false},"featured_media":90341,"comment_status":"open","ping_status":"closed","template":"","meta":{"nf_dc_page":""},"product_brand":[103],"product_cat":[85],"product_tag":[1175],"class_list":{"0":"post-90340","1":"product","2":"type-product","3":"status-publish","4":"has-post-thumbnail","6":"product_brand-cosmo","7":"product_cat-cosmeticos","8":"product_tag-1175","10":"first","11":"outofstock","12":"shipping-taxable","13":"purchasable","14":"product-type-simple"},"_links":{"self":[{"href":"https:\/\/brandss.com.py\/index\/wp-json\/wp\/v2\/product\/90340","targetHints":{"allow":["GET"]}}],"collection":[{"href":"https:\/\/brandss.com.py\/index\/wp-json\/wp\/v2\/product"}],"about":[{"href":"https:\/\/brandss.com.py\/index\/wp-json\/wp\/v2\/types\/product"}],"replies":[{"embeddable":true,"href":"https:\/\/brandss.com.py\/index\/wp-json\/wp\/v2\/comments?post=90340"}],"version-history":[{"count":1,"href":"https:\/\/brandss.com.py\/index\/wp-json\/wp\/v2\/product\/90340\/revisions"}],"predecessor-version":[{"id":90342,"href":"https:\/\/brandss.com.py\/index\/wp-json\/wp\/v2\/product\/90340\/revisions\/90342"}],"wp:featuredmedia":[{"embeddable":true,"href":"https:\/\/brandss.com.py\/index\/wp-json\/wp\/v2\/media\/90341"}],"wp:attachment":[{"href":"https:\/\/brandss.com.py\/index\/wp-json\/wp\/v2\/media?parent=90340"}],"wp:term":[{"taxonomy":"product_brand","embeddable":true,"href":"https:\/\/brandss.com.py\/index\/wp-json\/wp\/v2\/product_brand?post=90340"},{"taxonomy":"product_cat","embeddable":true,"href":"https:\/\/brandss.com.py\/index\/wp-json\/wp\/v2\/product_cat?post=90340"},{"taxonomy":"product_tag","embeddable":true,"href":"https:\/\/brandss.com.py\/index\/wp-json\/wp\/v2\/product_tag?post=90340"}],"curies":[{"name":"wp","href":"https:\/\/api.w.org\/{rel}","templated":true}]}}