{"id":90343,"date":"2025-09-12T14:43:28","date_gmt":"2025-09-12T14:43:28","guid":{"rendered":"https:\/\/brandss.com.py\/index\/?post_type=product&#038;p=90343"},"modified":"2026-02-13T10:58:42","modified_gmt":"2026-02-13T10:58:42","slug":"limpiador-facial-cosmo-vitamin-c-100ml","status":"publish","type":"product","link":"https:\/\/brandss.com.py\/index\/producto\/limpiador-facial-cosmo-vitamin-c-100ml\/","title":{"rendered":"LIMPIADOR FACIAL COSMO VITAMIN C 100ML"},"content":{"rendered":"<p><img loading=\"lazy\" decoding=\"async\" class=\"\" src=\"https:\/\/cosmocosmetics.ae\/cdn\/shop\/files\/logo-cosmo-regeister.png?v=1729761767&amp;width=340\" width=\"156\" height=\"33\" \/><\/p>\n<h1>VITAMIN C<\/h1>\n<p>Revitaliza tu piel con nuestro Limpiador Facial con Vitamina C, un limpiador refrescante con vitamina C e ingredientes naturales. Este limpiador facial purifica e ilumina eficazmente tu cutis, a la vez que protege contra los radicales libres y promueve la producci\u00f3n de col\u00e1geno. Su f\u00f3rmula suave y no reseca la piel, sin eliminar la hidrataci\u00f3n natural, dejando tu piel fresca, suave y preparada para futuros tratamientos. Apto para todo tipo de piel, ayuda a combatir la opacidad, el tono desigual y los da\u00f1os ambientales.<\/p>\n<div class=\"experience-component experience-dynamic-productLongDescription\">\n<div id=\"longDescription\" class=\"container product-long-description\">\n<div class=\"row\">\n<div class=\"col-12 col-md-8 description-text\">\n<div class=\"metafield-rich_text_field\">\n<h5><span dir=\"auto\">CARACTER\u00cdSTICAS<\/span><\/h5>\n<ul>\n<li><span dir=\"auto\">Infundido con vitamina C para iluminar y unificar el tono de la piel.<\/span><\/li>\n<li><span dir=\"auto\">Las propiedades antioxidantes protegen la piel de los radicales libres.<\/span><\/li>\n<li><span dir=\"auto\">Limpia suavemente sin eliminar la humedad natural.<\/span><\/li>\n<li><span dir=\"auto\">Refina la textura de la piel para una tez m\u00e1s suave y radiante.<\/span><\/li>\n<li><span dir=\"auto\">F\u00f3rmula no reseca, adecuada para todo tipo de piel.<\/span><\/li>\n<li><span dir=\"auto\">Prepara la piel para una mejor absorci\u00f3n de los productos de cuidado de la piel posteriores.<\/span><\/li>\n<\/ul>\n<\/div>\n<\/div>\n<div class=\"col-12 col-md-4 description-icon\">\n<div class=\"content-asset\"><\/div>\n<\/div>\n<\/div>\n<\/div>\n<\/div>\n<div class=\"experience-component experience-dynamic-productIngredients\">\n<div id=\"productIngredients\" class=\"container product-ingredients mt-3\">\n<div class=\"row\">\n<div class=\"col-12 col-md-7 mt-3 mt-md-0 ingredients-copy\">\n<div class=\"content-asset\">\n<h5><span dir=\"auto\">TODOS LOS INGREDIENTES<\/span><\/h5>\n<p><span dir=\"auto\">LA VITAMINA C a<\/span><img loading=\"lazy\" decoding=\"async\" class=\"w-100 alignleft\" src=\"https:\/\/cosmocosmetics.ae\/cdn\/shop\/files\/Vitamin_C_1.webp?v=1724071699\" width=\"233\" height=\"154\" \/>yuda a combatir los radicales libres y protege la piel del da\u00f1o causado por los factores estresantes ambientales al mismo tiempo que aborda los signos visibles del envejecimiento: fortalece la piel, rellena las arrugas y le da un aspecto m\u00e1s suave, fresco y radiante.<\/p>\n<\/div>\n<\/div>\n<\/div>\n<\/div>\n<\/div>\n","protected":false},"excerpt":{"rendered":"<p>VITAMIN C Revitaliza tu piel con nuestro Limpiador Facial con Vitamina C, un limpiador refrescante con vitamina C e ingredientes<\/p>\n","protected":false},"featured_media":90344,"comment_status":"open","ping_status":"closed","template":"","meta":{"nf_dc_page":""},"product_brand":[103],"product_cat":[104],"product_tag":[],"class_list":{"0":"post-90343","1":"product","2":"type-product","3":"status-publish","4":"has-post-thumbnail","6":"product_brand-cosmo","7":"product_cat-skin-care","9":"first","10":"instock","11":"shipping-taxable","12":"purchasable","13":"product-type-simple"},"_links":{"self":[{"href":"https:\/\/brandss.com.py\/index\/wp-json\/wp\/v2\/product\/90343","targetHints":{"allow":["GET"]}}],"collection":[{"href":"https:\/\/brandss.com.py\/index\/wp-json\/wp\/v2\/product"}],"about":[{"href":"https:\/\/brandss.com.py\/index\/wp-json\/wp\/v2\/types\/product"}],"replies":[{"embeddable":true,"href":"https:\/\/brandss.com.py\/index\/wp-json\/wp\/v2\/comments?post=90343"}],"version-history":[{"count":1,"href":"https:\/\/brandss.com.py\/index\/wp-json\/wp\/v2\/product\/90343\/revisions"}],"predecessor-version":[{"id":90345,"href":"https:\/\/brandss.com.py\/index\/wp-json\/wp\/v2\/product\/90343\/revisions\/90345"}],"wp:featuredmedia":[{"embeddable":true,"href":"https:\/\/brandss.com.py\/index\/wp-json\/wp\/v2\/media\/90344"}],"wp:attachment":[{"href":"https:\/\/brandss.com.py\/index\/wp-json\/wp\/v2\/media?parent=90343"}],"wp:term":[{"taxonomy":"product_brand","embeddable":true,"href":"https:\/\/brandss.com.py\/index\/wp-json\/wp\/v2\/product_brand?post=90343"},{"taxonomy":"product_cat","embeddable":true,"href":"https:\/\/brandss.com.py\/index\/wp-json\/wp\/v2\/product_cat?post=90343"},{"taxonomy":"product_tag","embeddable":true,"href":"https:\/\/brandss.com.py\/index\/wp-json\/wp\/v2\/product_tag?post=90343"}],"curies":[{"name":"wp","href":"https:\/\/api.w.org\/{rel}","templated":true}]}}