{"id":90353,"date":"2025-09-12T16:44:58","date_gmt":"2025-09-12T16:44:58","guid":{"rendered":"https:\/\/brandss.com.py\/index\/?post_type=product&#038;p=90353"},"modified":"2026-02-13T10:59:42","modified_gmt":"2026-02-13T10:59:42","slug":"gel-calmante-cosmo-vitamin-c-200ml","status":"publish","type":"product","link":"https:\/\/brandss.com.py\/index\/producto\/gel-calmante-cosmo-vitamin-c-200ml\/","title":{"rendered":"GEL CALMANTE COSMO VITAMIN C 200ML"},"content":{"rendered":"<p><img loading=\"lazy\" decoding=\"async\" class=\"\" src=\"https:\/\/cosmocosmetics.ae\/cdn\/shop\/files\/logo-cosmo-regeister.png?v=1729761767&amp;width=340\" width=\"165\" height=\"35\" \/><\/p>\n<h1>VITAMIN C<\/h1>\n<p>Revitaliza e ilumina la piel opaca, seca o reseca por el sol. Enriquecido con vitaminas, minerales y antioxidantes, este gel proporciona hidrataci\u00f3n y protecci\u00f3n calmantes, a la vez que revela una tez radiante. Sus propiedades refrescantes y astringentes lo hacen ideal tambi\u00e9n para pieles grasas.<\/p>\n<div class=\"experience-component experience-dynamic-productLongDescription\">\n<div id=\"longDescription\" class=\"container product-long-description\">\n<div class=\"row\">\n<div class=\"col-12 col-md-8 description-text\">\n<div class=\"metafield-rich_text_field\">\n<h5><span dir=\"auto\">CARACTER\u00cdSTICAS<\/span><\/h5>\n<ul>\n<li><span dir=\"auto\">Enriquecido con vitamina C, vitaminas, minerales y antioxidantes para iluminar y revitalizar la piel.<\/span><\/li>\n<li><span dir=\"auto\">Hidrata, suaviza y protege la piel opaca, seca y reseca por el sol.<\/span><\/li>\n<li><span dir=\"auto\">Ofrece un efecto refrescante y astringente, por lo que es adecuado para pieles grasas.<\/span><\/li>\n<li><span dir=\"auto\">Revela una tez hermosa y radiante al tiempo que mejora la textura general de la piel.<\/span><\/li>\n<\/ul>\n<\/div>\n<\/div>\n<div class=\"col-12 col-md-4 description-icon\">\n<div class=\"content-asset\"><\/div>\n<\/div>\n<\/div>\n<\/div>\n<\/div>\n<div class=\"experience-component experience-dynamic-productIngredients\">\n<div id=\"productIngredients\" class=\"container product-ingredients mt-3\">\n<div class=\"row\">\n<div class=\"col-12 col-md-7 mt-3 mt-md-0 ingredients-copy\">\n<div class=\"content-asset\">\n<h5><span dir=\"auto\">TODOS LOS INGREDIENTES<\/span><\/h5>\n<p><span dir=\"auto\">LA VITAMINA C ay<\/span><img loading=\"lazy\" decoding=\"async\" class=\"w-100 alignleft\" src=\"https:\/\/cosmocosmetics.ae\/cdn\/shop\/files\/Orange_80b1300f-1a3f-4c0c-a668-44e25f5875eb.webp?v=1724227391\" width=\"268\" height=\"177\" \/>uda a combatir los radicales libres y protege la piel del da\u00f1o causado por los factores estresantes ambientales al mismo tiempo que aborda los signos visibles del envejecimiento: fortalece la piel, rellena las arrugas y le da un aspecto m\u00e1s suave, fresco y radiante.<\/p>\n<\/div>\n<\/div>\n<\/div>\n<\/div>\n<\/div>\n","protected":false},"excerpt":{"rendered":"<p>VITAMIN C Revitaliza e ilumina la piel opaca, seca o reseca por el sol. Enriquecido con vitaminas, minerales y antioxidantes,<\/p>\n","protected":false},"featured_media":90354,"comment_status":"open","ping_status":"closed","template":"","meta":{"nf_dc_page":""},"product_brand":[103],"product_cat":[85],"product_tag":[],"class_list":{"0":"post-90353","1":"product","2":"type-product","3":"status-publish","4":"has-post-thumbnail","6":"product_brand-cosmo","7":"product_cat-cosmeticos","9":"first","10":"instock","11":"shipping-taxable","12":"purchasable","13":"product-type-simple"},"_links":{"self":[{"href":"https:\/\/brandss.com.py\/index\/wp-json\/wp\/v2\/product\/90353","targetHints":{"allow":["GET"]}}],"collection":[{"href":"https:\/\/brandss.com.py\/index\/wp-json\/wp\/v2\/product"}],"about":[{"href":"https:\/\/brandss.com.py\/index\/wp-json\/wp\/v2\/types\/product"}],"replies":[{"embeddable":true,"href":"https:\/\/brandss.com.py\/index\/wp-json\/wp\/v2\/comments?post=90353"}],"version-history":[{"count":1,"href":"https:\/\/brandss.com.py\/index\/wp-json\/wp\/v2\/product\/90353\/revisions"}],"predecessor-version":[{"id":90355,"href":"https:\/\/brandss.com.py\/index\/wp-json\/wp\/v2\/product\/90353\/revisions\/90355"}],"wp:featuredmedia":[{"embeddable":true,"href":"https:\/\/brandss.com.py\/index\/wp-json\/wp\/v2\/media\/90354"}],"wp:attachment":[{"href":"https:\/\/brandss.com.py\/index\/wp-json\/wp\/v2\/media?parent=90353"}],"wp:term":[{"taxonomy":"product_brand","embeddable":true,"href":"https:\/\/brandss.com.py\/index\/wp-json\/wp\/v2\/product_brand?post=90353"},{"taxonomy":"product_cat","embeddable":true,"href":"https:\/\/brandss.com.py\/index\/wp-json\/wp\/v2\/product_cat?post=90353"},{"taxonomy":"product_tag","embeddable":true,"href":"https:\/\/brandss.com.py\/index\/wp-json\/wp\/v2\/product_tag?post=90353"}],"curies":[{"name":"wp","href":"https:\/\/api.w.org\/{rel}","templated":true}]}}