{"id":90363,"date":"2025-09-12T18:04:50","date_gmt":"2025-09-12T18:04:50","guid":{"rendered":"https:\/\/brandss.com.py\/index\/?post_type=product&#038;p=90363"},"modified":"2025-09-12T18:21:47","modified_gmt":"2025-09-12T18:21:47","slug":"serum-facial-cosmo-vitamin-c-65ml","status":"publish","type":"product","link":"https:\/\/brandss.com.py\/index\/producto\/serum-facial-cosmo-vitamin-c-65ml\/","title":{"rendered":"S\u00c9RUM FACIAL COSMO VITAMIN C 65ML"},"content":{"rendered":"<p><img loading=\"lazy\" decoding=\"async\" class=\"\" src=\"https:\/\/cosmocosmetics.ae\/cdn\/shop\/files\/logo-cosmo-regeister.png?v=1729761767&amp;width=340\" width=\"132\" height=\"28\" \/><\/p>\n<h1>VITAMIN C<\/h1>\n<p><span dir=\"auto\">Presentamos nuestro S\u00e9rum Facial de Vitamina C, una fuente inagotable de nutrientes para nutrir y revitalizar tu piel. Elaborado con ingredientes totalmente naturales e infusionado con las bondades de las frutas, este s\u00e9rum est\u00e1 dise\u00f1ado para mantener tu piel sana y radiante. <\/span><span dir=\"auto\">El S\u00e9rum Facial de Vitamina C ofrece numerosos beneficios para tu piel. La vitamina C, un potente antioxidante, ayuda a proteger tu piel de las agresiones ambientales, estimula la producci\u00f3n de col\u00e1geno y aten\u00faa las manchas oscuras y la hiperpigmentaci\u00f3n. Su f\u00f3rmula ligera penetra profundamente en la piel, hidratando y mejorando su textura y elasticidad.<\/span><\/p>\n<p><span dir=\"auto\">Para obtener resultados \u00f3ptimos, usa el S\u00e9rum Facial de Vitamina C a diario. Incorporarlo a tu rutina de cuidado facial te ayudar\u00e1 a abordar problemas como la opacidad, el tono desigual y los signos de la edad. Contin\u00faa con una crema hidratante para fijar sus beneficios.<\/span><\/p>\n<p><span dir=\"auto\">Nuestro S\u00e9rum Facial de Vitamina C es apto para todo tipo de piel. Sin embargo, realiza una prueba en una zona espec\u00edfica antes de usarlo por primera vez para garantizar su compatibilidad. Si experimentas irritaci\u00f3n, suspende su uso.<\/span><\/p>\n<p><span dir=\"auto\">Libera el poder de la vitamina C y luce una piel m\u00e1s sana y radiante con nuestro S\u00e9rum Facial de Vitamina C. Experimenta sus efectos transformadores y luce una tez radiante. Incorp\u00f3ralo hoy mismo a tu rutina de cuidado de la piel y disfruta de los beneficios de este s\u00e9rum nutritivo.<\/span><\/p>\n<h4 class=\"title-heading\"><span dir=\"auto\">beneficios clave<\/span><\/h4>\n<p><img decoding=\"async\" src=\"https:\/\/cdn.shopify.com\/s\/files\/1\/0558\/4207\/8869\/files\/Top_8bd26b01-c2d8-4b02-bc48-c5e2d6bc9471.jpg?v=1684314106\" \/><\/p>\n<ul>\n<li><span dir=\"auto\">Mejora la luminosidad de la piel: la vitamina C estimula la producci\u00f3n de col\u00e1geno, lo que aumenta la elasticidad de la piel y reduce la aparici\u00f3n de l\u00edneas finas y arrugas.<\/span><\/li>\n<li><span dir=\"auto\">Unifica el tono de la piel: La vitamina C ayuda a reducir la aparici\u00f3n de manchas oscuras y pigmentaci\u00f3n, dando a la piel un tono uniforme y un brillo natural.<\/span><\/li>\n<li><span dir=\"auto\">Protege la piel de los da\u00f1os: la vitamina C act\u00faa como antioxidante, protegiendo la piel de los radicales libres y los da\u00f1os causados \u200b\u200bpor factores ambientales.<\/span><\/li>\n<li><span dir=\"auto\">Hidrataci\u00f3n profunda: Mantiene la humedad de la piel y previene la sequedad.<\/span><\/li>\n<\/ul>\n<h4 class=\"title-heading\"><span dir=\"auto\">INGREDIENTES CLAVE<\/span><\/h4>\n<div class=\"content-center\"><img loading=\"lazy\" decoding=\"async\" class=\"alignleft\" src=\"https:\/\/cdn.shopify.com\/s\/files\/1\/0558\/4207\/8869\/files\/Vitamin_C.jpg?v=1684314106\" width=\"260\" height=\"172\" \/>&nbsp;<\/p>\n<p>&nbsp;<\/p>\n<p><span dir=\"auto\">Vitamina C: Un poderoso antioxidante que mejora la apariencia de la piel y unifica su tono.<\/span><\/p>\n<p>&nbsp;<\/p>\n<\/div>\n<p><img decoding=\"async\" src=\"https:\/\/cdn.shopify.com\/s\/files\/1\/0558\/4207\/8869\/files\/Why_Choose_006ab633-5a70-4315-bb3c-16d85813396c.jpg?v=1684314263\" \/><\/p>\n<h4 class=\"title-heading\"><span dir=\"auto\">C\u00f3mo utilizar<\/span><\/h4>\n<p><img decoding=\"async\" src=\"https:\/\/cdn.shopify.com\/s\/files\/1\/0558\/4207\/8869\/files\/Bottom_4c0a9bfa-d797-4ab4-b5cc-3e9cbd1f80cf.jpg?v=1684314263\" \/><\/p>\n<p>&nbsp;<\/p>\n<ul>\n<li><span dir=\"auto\">Limpieza: Limpia bien tu piel antes de utilizar el serum.<\/span><\/li>\n<li><span dir=\"auto\">Aplicaci\u00f3n: Aplicar una cantidad adecuada de serum en rostro y cuello, masajeando suavemente hasta su completa absorci\u00f3n.<\/span><\/li>\n<li><span dir=\"auto\">Uso regular: use el suero dos veces al d\u00eda para obtener mejores resultados.<\/span><\/li>\n<\/ul>\n","protected":false},"excerpt":{"rendered":"<p>VITAMIN C Presentamos nuestro S\u00e9rum Facial de Vitamina C, una fuente inagotable de nutrientes para nutrir y revitalizar tu piel.<\/p>\n","protected":false},"featured_media":90364,"comment_status":"open","ping_status":"closed","template":"","meta":{"nf_dc_page":""},"product_brand":[103],"product_cat":[104],"product_tag":[],"class_list":{"0":"post-90363","1":"product","2":"type-product","3":"status-publish","4":"has-post-thumbnail","6":"product_brand-cosmo","7":"product_cat-skin-care","9":"first","10":"instock","11":"shipping-taxable","12":"purchasable","13":"product-type-simple"},"_links":{"self":[{"href":"https:\/\/brandss.com.py\/index\/wp-json\/wp\/v2\/product\/90363","targetHints":{"allow":["GET"]}}],"collection":[{"href":"https:\/\/brandss.com.py\/index\/wp-json\/wp\/v2\/product"}],"about":[{"href":"https:\/\/brandss.com.py\/index\/wp-json\/wp\/v2\/types\/product"}],"replies":[{"embeddable":true,"href":"https:\/\/brandss.com.py\/index\/wp-json\/wp\/v2\/comments?post=90363"}],"version-history":[{"count":1,"href":"https:\/\/brandss.com.py\/index\/wp-json\/wp\/v2\/product\/90363\/revisions"}],"predecessor-version":[{"id":90366,"href":"https:\/\/brandss.com.py\/index\/wp-json\/wp\/v2\/product\/90363\/revisions\/90366"}],"wp:featuredmedia":[{"embeddable":true,"href":"https:\/\/brandss.com.py\/index\/wp-json\/wp\/v2\/media\/90364"}],"wp:attachment":[{"href":"https:\/\/brandss.com.py\/index\/wp-json\/wp\/v2\/media?parent=90363"}],"wp:term":[{"taxonomy":"product_brand","embeddable":true,"href":"https:\/\/brandss.com.py\/index\/wp-json\/wp\/v2\/product_brand?post=90363"},{"taxonomy":"product_cat","embeddable":true,"href":"https:\/\/brandss.com.py\/index\/wp-json\/wp\/v2\/product_cat?post=90363"},{"taxonomy":"product_tag","embeddable":true,"href":"https:\/\/brandss.com.py\/index\/wp-json\/wp\/v2\/product_tag?post=90363"}],"curies":[{"name":"wp","href":"https:\/\/api.w.org\/{rel}","templated":true}]}}