{"id":90370,"date":"2025-09-12T18:53:37","date_gmt":"2025-09-12T18:53:37","guid":{"rendered":"https:\/\/brandss.com.py\/index\/?post_type=product&#038;p=90370"},"modified":"2025-09-12T18:54:53","modified_gmt":"2025-09-12T18:54:53","slug":"crema-corporal-cosmo-cocoa-butter-500ml","status":"publish","type":"product","link":"https:\/\/brandss.com.py\/index\/producto\/crema-corporal-cosmo-cocoa-butter-500ml\/","title":{"rendered":"CREMA CORPORAL COSMO COCOA BUTTER 500ML"},"content":{"rendered":"<p><img loading=\"lazy\" decoding=\"async\" class=\"\" src=\"https:\/\/cosmocosmetics.ae\/cdn\/shop\/files\/logo-cosmo-regeister.png?v=1729761767&amp;width=340\" width=\"165\" height=\"35\" \/><\/p>\n<h1>COCOA BUTTER<\/h1>\n<p>Consiente tu piel con nuestra Crema Corporal Hidratante de Manteca de Cacao, una f\u00f3rmula de r\u00e1pida absorci\u00f3n que proporciona una hidrataci\u00f3n intensa y duradera incluso para las pieles m\u00e1s secas. Enriquecida con manteca de cacao, esta crema proporciona una hidrataci\u00f3n profunda sin dejar residuos grasos, dejando tu piel suave, tersa y con una luminosidad natural.<\/p>\n<h5><span dir=\"auto\">CARACTER\u00cdSTICAS<\/span><\/h5>\n<ul>\n<li><span dir=\"auto\">Hidrataci\u00f3n profunda: La manteca de cacao humecta e hidrata profundamente la piel extremadamente seca.<\/span><\/li>\n<li><span dir=\"auto\">Rico en \u00e1cidos grasos esenciales: Nutre y protege la piel, restaurando su equilibrio natural.<\/span><\/li>\n<li><span dir=\"auto\">Hidrataci\u00f3n duradera: proporciona hidrataci\u00f3n continua durante todo el d\u00eda sin sensaci\u00f3n grasosa.<\/span><\/li>\n<li><span dir=\"auto\">Suaviza la piel: ayuda a suavizar las zonas \u00e1speras y mejorar la textura general de la piel.<\/span><\/li>\n<li><span dir=\"auto\">F\u00f3rmula de r\u00e1pida absorci\u00f3n: Se absorbe r\u00e1pidamente, dejando la piel suave y sin sensaci\u00f3n pegajosa.<\/span><br \/>\n<span dir=\"auto\">Brillo saludable: Realza la luminosidad natural de la piel, d\u00e1ndole un aspecto saludable y radiante.<\/span><\/li>\n<\/ul>\n","protected":false},"excerpt":{"rendered":"<p>COCOA BUTTER Consiente tu piel con nuestra Crema Corporal Hidratante de Manteca de Cacao, una f\u00f3rmula de r\u00e1pida absorci\u00f3n que<\/p>\n","protected":false},"featured_media":90371,"comment_status":"open","ping_status":"closed","template":"","meta":{"nf_dc_page":""},"product_brand":[103],"product_cat":[85],"product_tag":[],"class_list":{"0":"post-90370","1":"product","2":"type-product","3":"status-publish","4":"has-post-thumbnail","6":"product_brand-cosmo","7":"product_cat-cosmeticos","9":"first","10":"instock","11":"shipping-taxable","12":"purchasable","13":"product-type-simple"},"_links":{"self":[{"href":"https:\/\/brandss.com.py\/index\/wp-json\/wp\/v2\/product\/90370","targetHints":{"allow":["GET"]}}],"collection":[{"href":"https:\/\/brandss.com.py\/index\/wp-json\/wp\/v2\/product"}],"about":[{"href":"https:\/\/brandss.com.py\/index\/wp-json\/wp\/v2\/types\/product"}],"replies":[{"embeddable":true,"href":"https:\/\/brandss.com.py\/index\/wp-json\/wp\/v2\/comments?post=90370"}],"version-history":[{"count":1,"href":"https:\/\/brandss.com.py\/index\/wp-json\/wp\/v2\/product\/90370\/revisions"}],"predecessor-version":[{"id":90374,"href":"https:\/\/brandss.com.py\/index\/wp-json\/wp\/v2\/product\/90370\/revisions\/90374"}],"wp:featuredmedia":[{"embeddable":true,"href":"https:\/\/brandss.com.py\/index\/wp-json\/wp\/v2\/media\/90371"}],"wp:attachment":[{"href":"https:\/\/brandss.com.py\/index\/wp-json\/wp\/v2\/media?parent=90370"}],"wp:term":[{"taxonomy":"product_brand","embeddable":true,"href":"https:\/\/brandss.com.py\/index\/wp-json\/wp\/v2\/product_brand?post=90370"},{"taxonomy":"product_cat","embeddable":true,"href":"https:\/\/brandss.com.py\/index\/wp-json\/wp\/v2\/product_cat?post=90370"},{"taxonomy":"product_tag","embeddable":true,"href":"https:\/\/brandss.com.py\/index\/wp-json\/wp\/v2\/product_tag?post=90370"}],"curies":[{"name":"wp","href":"https:\/\/api.w.org\/{rel}","templated":true}]}}