{"id":90375,"date":"2025-09-12T19:01:13","date_gmt":"2025-09-12T19:01:13","guid":{"rendered":"https:\/\/brandss.com.py\/index\/?post_type=product&#038;p=90375"},"modified":"2025-09-12T19:02:03","modified_gmt":"2025-09-12T19:02:03","slug":"crema-corporal-cosmo-avocado-500ml","status":"publish","type":"product","link":"https:\/\/brandss.com.py\/index\/producto\/crema-corporal-cosmo-avocado-500ml\/","title":{"rendered":"CREMA CORPORAL COSMO AVOCADO 500ML"},"content":{"rendered":"<p><img loading=\"lazy\" decoding=\"async\" class=\"\" src=\"https:\/\/cosmocosmetics.ae\/cdn\/shop\/files\/logo-cosmo-regeister.png?v=1729761767&amp;width=340\" width=\"127\" height=\"27\" \/><\/p>\n<h1>AVOCADO<\/h1>\n<p>Consiente tu piel con nuestra Crema Corporal Hidratante de Aguacate, una f\u00f3rmula de r\u00e1pida absorci\u00f3n dise\u00f1ada para brindar una hidrataci\u00f3n intensa y duradera. Enriquecida con aceite de aguacate, esta crema deja tu piel suave, tersa y flexible, a la vez que le proporciona un brillo saludable y radiante.<\/p>\n<h5><span dir=\"auto\">CARACTER\u00cdSTICAS<\/span><\/h5>\n<ul>\n<li><span dir=\"auto\">Proporciona una hidrataci\u00f3n intensa que perdura durante todo el d\u00eda.<\/span><\/li>\n<li><span dir=\"auto\">El aceite de aguacate ayuda a que la piel quede excepcionalmente suave y tersa.<\/span><\/li>\n<li><span dir=\"auto\">Alta concentraci\u00f3n de \u00e1cidos oleico y palm\u00edtico para una nutrici\u00f3n eficaz.<\/span><\/li>\n<li><span dir=\"auto\">Los micronutrientes y antioxidantes reparan y alivian diversas afecciones de la piel.<\/span><\/li>\n<li><span dir=\"auto\">Se absorbe r\u00e1pidamente sin dejar sensaci\u00f3n grasosa.<\/span><\/li>\n<li><span dir=\"auto\">Ayuda a hidratar y rejuvenecer la piel para una apariencia flexible y saludable<\/span><\/li>\n<\/ul>\n","protected":false},"excerpt":{"rendered":"<p>AVOCADO Consiente tu piel con nuestra Crema Corporal Hidratante de Aguacate, una f\u00f3rmula de r\u00e1pida absorci\u00f3n dise\u00f1ada para brindar una<\/p>\n","protected":false},"featured_media":90376,"comment_status":"open","ping_status":"closed","template":"","meta":{"nf_dc_page":""},"product_brand":[103],"product_cat":[85],"product_tag":[],"class_list":{"0":"post-90375","1":"product","2":"type-product","3":"status-publish","4":"has-post-thumbnail","6":"product_brand-cosmo","7":"product_cat-cosmeticos","9":"first","10":"instock","11":"shipping-taxable","12":"purchasable","13":"product-type-simple"},"_links":{"self":[{"href":"https:\/\/brandss.com.py\/index\/wp-json\/wp\/v2\/product\/90375","targetHints":{"allow":["GET"]}}],"collection":[{"href":"https:\/\/brandss.com.py\/index\/wp-json\/wp\/v2\/product"}],"about":[{"href":"https:\/\/brandss.com.py\/index\/wp-json\/wp\/v2\/types\/product"}],"replies":[{"embeddable":true,"href":"https:\/\/brandss.com.py\/index\/wp-json\/wp\/v2\/comments?post=90375"}],"version-history":[{"count":1,"href":"https:\/\/brandss.com.py\/index\/wp-json\/wp\/v2\/product\/90375\/revisions"}],"predecessor-version":[{"id":90377,"href":"https:\/\/brandss.com.py\/index\/wp-json\/wp\/v2\/product\/90375\/revisions\/90377"}],"wp:featuredmedia":[{"embeddable":true,"href":"https:\/\/brandss.com.py\/index\/wp-json\/wp\/v2\/media\/90376"}],"wp:attachment":[{"href":"https:\/\/brandss.com.py\/index\/wp-json\/wp\/v2\/media?parent=90375"}],"wp:term":[{"taxonomy":"product_brand","embeddable":true,"href":"https:\/\/brandss.com.py\/index\/wp-json\/wp\/v2\/product_brand?post=90375"},{"taxonomy":"product_cat","embeddable":true,"href":"https:\/\/brandss.com.py\/index\/wp-json\/wp\/v2\/product_cat?post=90375"},{"taxonomy":"product_tag","embeddable":true,"href":"https:\/\/brandss.com.py\/index\/wp-json\/wp\/v2\/product_tag?post=90375"}],"curies":[{"name":"wp","href":"https:\/\/api.w.org\/{rel}","templated":true}]}}