{"id":90378,"date":"2025-09-12T19:11:20","date_gmt":"2025-09-12T19:11:20","guid":{"rendered":"https:\/\/brandss.com.py\/index\/?post_type=product&#038;p=90378"},"modified":"2025-09-12T19:12:06","modified_gmt":"2025-09-12T19:12:06","slug":"crema-corporal-cosmo-papaya-500ml","status":"publish","type":"product","link":"https:\/\/brandss.com.py\/index\/producto\/crema-corporal-cosmo-papaya-500ml\/","title":{"rendered":"CREMA CORPORAL COSMO PAPAYA 500ML"},"content":{"rendered":"<p><img loading=\"lazy\" decoding=\"async\" class=\"\" src=\"https:\/\/cosmocosmetics.ae\/cdn\/shop\/files\/logo-cosmo-regeister.png?v=1729761767&amp;width=340\" width=\"142\" height=\"30\" \/><\/p>\n<h1>PAPAYA<\/h1>\n<p>Mejora tu rutina de cuidado de la piel con nuestra Crema Corporal Papaya Glow, una f\u00f3rmula de r\u00e1pida absorci\u00f3n que proporciona una hidrataci\u00f3n intensa y duradera para una piel suave y radiante. Enriquecida con extracto de papaya, esta crema corporal ilumina la tez de forma natural y unifica el tono de la piel, a la vez que proporciona una hidrataci\u00f3n duradera y una luminosidad saludable.<\/p>\n<h5><span dir=\"auto\">CARACTER\u00cdSTICAS<\/span><\/h5>\n<ul>\n<li><span dir=\"auto\">Ofrece una hidrataci\u00f3n profunda y duradera para una piel suave y flexible.<\/span><\/li>\n<li><span dir=\"auto\">El extracto de papaya ayuda a aclarar las imperfecciones y manchas para un tono de piel m\u00e1s uniforme.<\/span><\/li>\n<li><span dir=\"auto\">Rico en vitaminas y papa\u00edna, exfolia suavemente para revelar una piel m\u00e1s luminosa.<\/span><\/li>\n<li><span dir=\"auto\">Mejora la apariencia general de la piel para un brillo luminoso.<\/span><\/li>\n<li><span dir=\"auto\">Se absorbe r\u00e1pidamente sin dejar residuos grasos.<\/span><\/li>\n<li><span dir=\"auto\">Mantiene la suavidad y tersura durante todo el d\u00eda.<\/span><\/li>\n<\/ul>\n","protected":false},"excerpt":{"rendered":"<p>PAPAYA Mejora tu rutina de cuidado de la piel con nuestra Crema Corporal Papaya Glow, una f\u00f3rmula de r\u00e1pida absorci\u00f3n<\/p>\n","protected":false},"featured_media":90379,"comment_status":"open","ping_status":"closed","template":"","meta":{"nf_dc_page":""},"product_brand":[103],"product_cat":[85],"product_tag":[],"class_list":{"0":"post-90378","1":"product","2":"type-product","3":"status-publish","4":"has-post-thumbnail","6":"product_brand-cosmo","7":"product_cat-cosmeticos","9":"first","10":"instock","11":"shipping-taxable","12":"purchasable","13":"product-type-simple"},"_links":{"self":[{"href":"https:\/\/brandss.com.py\/index\/wp-json\/wp\/v2\/product\/90378","targetHints":{"allow":["GET"]}}],"collection":[{"href":"https:\/\/brandss.com.py\/index\/wp-json\/wp\/v2\/product"}],"about":[{"href":"https:\/\/brandss.com.py\/index\/wp-json\/wp\/v2\/types\/product"}],"replies":[{"embeddable":true,"href":"https:\/\/brandss.com.py\/index\/wp-json\/wp\/v2\/comments?post=90378"}],"version-history":[{"count":1,"href":"https:\/\/brandss.com.py\/index\/wp-json\/wp\/v2\/product\/90378\/revisions"}],"predecessor-version":[{"id":90380,"href":"https:\/\/brandss.com.py\/index\/wp-json\/wp\/v2\/product\/90378\/revisions\/90380"}],"wp:featuredmedia":[{"embeddable":true,"href":"https:\/\/brandss.com.py\/index\/wp-json\/wp\/v2\/media\/90379"}],"wp:attachment":[{"href":"https:\/\/brandss.com.py\/index\/wp-json\/wp\/v2\/media?parent=90378"}],"wp:term":[{"taxonomy":"product_brand","embeddable":true,"href":"https:\/\/brandss.com.py\/index\/wp-json\/wp\/v2\/product_brand?post=90378"},{"taxonomy":"product_cat","embeddable":true,"href":"https:\/\/brandss.com.py\/index\/wp-json\/wp\/v2\/product_cat?post=90378"},{"taxonomy":"product_tag","embeddable":true,"href":"https:\/\/brandss.com.py\/index\/wp-json\/wp\/v2\/product_tag?post=90378"}],"curies":[{"name":"wp","href":"https:\/\/api.w.org\/{rel}","templated":true}]}}