{"id":90387,"date":"2025-09-13T10:48:32","date_gmt":"2025-09-13T10:48:32","guid":{"rendered":"https:\/\/brandss.com.py\/index\/?post_type=product&#038;p=90387"},"modified":"2026-02-13T10:59:42","modified_gmt":"2026-02-13T10:59:42","slug":"balsamo-labial-cosmo-soothing-aloe-vera-4-5g","status":"publish","type":"product","link":"https:\/\/brandss.com.py\/index\/producto\/balsamo-labial-cosmo-soothing-aloe-vera-4-5g\/","title":{"rendered":"B\u00c1LSAMO LABIAL COSMO SOOTHING ALOE VERA 4.5G"},"content":{"rendered":"<p><img loading=\"lazy\" decoding=\"async\" class=\"\" src=\"https:\/\/cosmocosmetics.ae\/cdn\/shop\/files\/logo-cosmo-regeister.png?v=1729761767&amp;width=340\" width=\"141\" height=\"30\" \/><\/p>\n<h1>SOOTHING ALOE VERA<\/h1>\n<p><span dir=\"auto\">Presentamos nuestro B\u00e1lsamo Labial, una deliciosa y nutritiva soluci\u00f3n para el cuidado labial, enriquecida con los beneficios del extracto. Nuestro b\u00e1lsamo labial est\u00e1 especialmente formulado para brindar hidrataci\u00f3n intensa, protecci\u00f3n y un toque de sabor afrutado para que tus labios luzcan y se sientan de maravilla.<\/span><br \/>\n<span dir=\"auto\">Est\u00e1 elaborado con ingredientes totalmente naturales, incluyendo extracto, conocido por sus propiedades hidratantes y ricos antioxidantes. Ayuda a nutrir y revitalizar los labios secos y agrietados, dej\u00e1ndolos suaves, tersos y flexibles.<\/span><\/p>\n<h5><span dir=\"auto\">CARACTER\u00cdSTICAS<\/span><\/h5>\n<ul>\n<li><span dir=\"auto\">Ayuda a hidratar y acondicionar los labios, previniendo la sequedad y la descamaci\u00f3n.<\/span><\/li>\n<li><span dir=\"auto\">La f\u00f3rmula nutritiva crea una barrera protectora contra las duras condiciones ambientales, como el fr\u00edo y los rayos UV.<\/span><\/li>\n<li><span dir=\"auto\">Adem\u00e1s, el delicioso sabor a\u00f1ade un toque delicioso a tu rutina de cuidado de los labios.<\/span><\/li>\n<\/ul>\n","protected":false},"excerpt":{"rendered":"<p>SOOTHING ALOE VERA Presentamos nuestro B\u00e1lsamo Labial, una deliciosa y nutritiva soluci\u00f3n para el cuidado labial, enriquecida con los beneficios<\/p>\n","protected":false},"featured_media":90388,"comment_status":"open","ping_status":"closed","template":"","meta":{"nf_dc_page":""},"product_brand":[103],"product_cat":[85],"product_tag":[1157],"class_list":{"0":"post-90387","1":"product","2":"type-product","3":"status-publish","4":"has-post-thumbnail","6":"product_brand-cosmo","7":"product_cat-cosmeticos","8":"product_tag-1157","10":"first","11":"instock","12":"shipping-taxable","13":"purchasable","14":"product-type-simple"},"_links":{"self":[{"href":"https:\/\/brandss.com.py\/index\/wp-json\/wp\/v2\/product\/90387","targetHints":{"allow":["GET"]}}],"collection":[{"href":"https:\/\/brandss.com.py\/index\/wp-json\/wp\/v2\/product"}],"about":[{"href":"https:\/\/brandss.com.py\/index\/wp-json\/wp\/v2\/types\/product"}],"replies":[{"embeddable":true,"href":"https:\/\/brandss.com.py\/index\/wp-json\/wp\/v2\/comments?post=90387"}],"version-history":[{"count":1,"href":"https:\/\/brandss.com.py\/index\/wp-json\/wp\/v2\/product\/90387\/revisions"}],"predecessor-version":[{"id":90390,"href":"https:\/\/brandss.com.py\/index\/wp-json\/wp\/v2\/product\/90387\/revisions\/90390"}],"wp:featuredmedia":[{"embeddable":true,"href":"https:\/\/brandss.com.py\/index\/wp-json\/wp\/v2\/media\/90388"}],"wp:attachment":[{"href":"https:\/\/brandss.com.py\/index\/wp-json\/wp\/v2\/media?parent=90387"}],"wp:term":[{"taxonomy":"product_brand","embeddable":true,"href":"https:\/\/brandss.com.py\/index\/wp-json\/wp\/v2\/product_brand?post=90387"},{"taxonomy":"product_cat","embeddable":true,"href":"https:\/\/brandss.com.py\/index\/wp-json\/wp\/v2\/product_cat?post=90387"},{"taxonomy":"product_tag","embeddable":true,"href":"https:\/\/brandss.com.py\/index\/wp-json\/wp\/v2\/product_tag?post=90387"}],"curies":[{"name":"wp","href":"https:\/\/api.w.org\/{rel}","templated":true}]}}