{"id":90391,"date":"2025-09-13T11:38:33","date_gmt":"2025-09-13T11:38:33","guid":{"rendered":"https:\/\/brandss.com.py\/index\/?post_type=product&#038;p=90391"},"modified":"2025-09-13T11:39:36","modified_gmt":"2025-09-13T11:39:36","slug":"aceite-capilar-cosmo-almond-hair-strengthening-325ml","status":"publish","type":"product","link":"https:\/\/brandss.com.py\/index\/producto\/aceite-capilar-cosmo-almond-hair-strengthening-325ml\/","title":{"rendered":"ACEITE CAPILAR COSMO ALMOND HAIR STRENGTHENING 325ML"},"content":{"rendered":"<p><img loading=\"lazy\" decoding=\"async\" class=\"\" src=\"https:\/\/cosmocosmetics.ae\/cdn\/shop\/files\/logo-cosmo-regeister.png?v=1729761767&amp;width=340\" width=\"146\" height=\"31\" \/><\/p>\n<h1>ALMOND HAIR STRENGTHENING<\/h1>\n<p>El Aceite Capilar de Almendras COSMO es un aceite capilar premium enriquecido con aceite puro de almendras para nutrir e hidratar el cabello. Rico en vitaminas A, B y E, y \u00e1cidos grasos esenciales, este aceite ligero fortalece el cabello, reduce la ca\u00edda y promueve su crecimiento. Su f\u00f3rmula de r\u00e1pida absorci\u00f3n es ideal para reparar el cabello seco, da\u00f1ado y con frizz, a la vez que realza el brillo y la suavidad. Libre de parabenos y sulfatos, el Aceite Capilar de Almendras COSMO es una opci\u00f3n segura y natural para todo tipo de cabello, ofreciendo resultados sedosos y saludables con cada uso.<\/p>\n<div class=\"experience-component experience-dynamic-productLongDescription\">\n<div id=\"longDescription\" class=\"container product-long-description\">\n<div class=\"row\">\n<div class=\"col-12 col-md-8 description-text\">\n<div class=\"metafield-rich_text_field\">\n<h5><span dir=\"auto\">CARACTER\u00cdSTICAS<\/span><\/h5>\n<ul>\n<li><span dir=\"auto\">Nutrici\u00f3n profunda: Rico en vitaminas A, B y E para una hidrataci\u00f3n intensa.<\/span><\/li>\n<li><span dir=\"auto\">Mejora el brillo: a\u00f1ade un brillo saludable y lustroso a tu cabello.<\/span><\/li>\n<li><span dir=\"auto\">Fortalece el cabello: reduce la ca\u00edda del cabello y previene la rotura.<\/span><\/li>\n<li><span dir=\"auto\">Repara da\u00f1os: Penetra profundamente para reparar da\u00f1os causados \u200b\u200bpor el calor y los productos qu\u00edmicos.<\/span><\/li>\n<li><span dir=\"auto\">Absorci\u00f3n r\u00e1pida: La textura ligera se absorbe r\u00e1pidamente sin dejar sensaci\u00f3n grasosa.<\/span><\/li>\n<li><span dir=\"auto\">F\u00f3rmula pura: libre de crueldad animal, sin parabenos y sin sulfatos para una opci\u00f3n segura para el cuidado del cabello.<\/span><\/li>\n<\/ul>\n<\/div>\n<\/div>\n<div class=\"col-12 col-md-4 description-icon\">\n<div class=\"content-asset\"><\/div>\n<\/div>\n<\/div>\n<\/div>\n<\/div>\n<div class=\"experience-component experience-dynamic-productRoutineCustom\">\n<div id=\"productRoutine\" class=\"container-fluid product-routine-custom\">\n<div class=\"row custom\">\n<div class=\"col-12 carousel-heading mb-1\">\n<h5 class=\"carousel-title brand-primary\"><span dir=\"auto\">MODO DE EMPLEO<\/span><\/h5>\n<\/div>\n<\/div>\n<div class=\"row routine-wrapper\">\n<div class=\"col-12 product-routine-custom-line\">\n<div class=\"content-asset\">\n<div class=\"routine-item\">\n<div class=\"routine-image\"><img loading=\"lazy\" decoding=\"async\" class=\"w-100 alignleft\" src=\"https:\/\/cosmocosmetics.ae\/cdn\/shop\/files\/New_Project_7.png?v=1723878150\" alt=\"\" width=\"160\" height=\"159\" \/><\/p>\n<div class=\"routine-middle col-md-12\">\n<p>&nbsp;<\/p>\n<p class=\"routine-step\"><span dir=\"auto\">PASO 1: Solicitud<\/span><\/p>\n<div class=\"routine-copy\"><span dir=\"auto\">Roc\u00ede sobre el cabello seco en r\u00e1fagas cortas. Si la v\u00e1lvula se obstruye, enjuague con agua tibia.<\/span><\/div>\n<\/div>\n<\/div>\n<\/div>\n<\/div>\n<\/div>\n<div class=\"col-12 product-routine-custom-line\">\n<div class=\"content-asset\">\n<div class=\"routine-item\">\n<div class=\"routine-image\"><img loading=\"lazy\" decoding=\"async\" class=\"w-100 alignleft\" src=\"https:\/\/cosmocosmetics.ae\/cdn\/shop\/files\/New_Project_11.png?v=1723879035\" alt=\"\" width=\"160\" height=\"157\" \/><\/p>\n<div class=\"routine-middle col-md-12\">\n<p>&nbsp;<\/p>\n<p class=\"routine-step\"><span dir=\"auto\">PASO 2: Para el acabado<\/span><\/p>\n<div class=\"routine-copy\"><span dir=\"auto\">Mantenga una distancia de 30 cm al pulverizar.<\/span><\/div>\n<\/div>\n<\/div>\n<\/div>\n<\/div>\n<\/div>\n<div class=\"col-12 product-routine-custom-line\">\n<div class=\"content-asset\">\n<div class=\"routine-item\">\n<div class=\"routine-image\"><img loading=\"lazy\" decoding=\"async\" class=\"w-100 alignleft\" src=\"https:\/\/cosmocosmetics.ae\/cdn\/shop\/files\/New_Project_9.png?v=1723878163\" alt=\"\" width=\"160\" height=\"154\" \/><\/p>\n<div class=\"routine-middle col-md-12\">\n<p>&nbsp;<\/p>\n<p class=\"routine-step\"><span dir=\"auto\">PASO 3: Para definici\u00f3n y fijaci\u00f3n<\/span><\/p>\n<div class=\"routine-copy\"><span dir=\"auto\">Roc\u00ede selectivamente sobre secciones individuales de cabello desde la ra\u00edz hasta las puntas y d\u00e9le la forma deseada.<\/span><\/div>\n<div><\/div>\n<\/div>\n<\/div>\n<\/div>\n<\/div>\n<\/div>\n<\/div>\n<\/div>\n<\/div>\n<div class=\"experience-component experience-dynamic-productIngredients\">\n<div id=\"productIngredients\" class=\"container product-ingredients mt-3\">\n<div class=\"row\">\n<div class=\"col-12 col-md-7 mt-3 mt-md-0 ingredients-copy\">\n<div class=\"content-asset\">\n<h5><span dir=\"auto\">TODOS LOS INGREDIENTES<\/span><\/h5>\n<p><span dir=\"auto\">Aceite de almendras, aceite de oliva, aceite de coco, aceite de s\u00e9samo, aceite mineral, extracto de amla, extracto de aloe vera, acetato de vitamina E, fra<\/span><img loading=\"lazy\" decoding=\"async\" class=\"w-100 alignleft\" src=\"https:\/\/cosmocosmetics.ae\/cdn\/shop\/files\/Almond.webp?v=1723889875\" width=\"287\" height=\"190\" \/>gancia, extracto de methi, extracto de brahmi, extracto de hibisco, BHT, alcohol benc\u00edlico, salicilato de bencilo, aldeh\u00eddo cin\u00e1mico, amil cinamal, citronelol, limoneno, CI 47000, CI 26100. Aviso legal: Tenga en cuenta que las listas de ingredientes pueden variar ocasionalmente. Consulte la lista de ingredientes en el envase del producto para obtener la lista de ingredientes m\u00e1s actualizada.<\/p>\n<\/div>\n<\/div>\n<\/div>\n<\/div>\n<\/div>\n","protected":false},"excerpt":{"rendered":"<p>ALMOND HAIR STRENGTHENING El Aceite Capilar de Almendras COSMO es un aceite capilar premium enriquecido con aceite puro de almendras<\/p>\n","protected":false},"featured_media":90392,"comment_status":"open","ping_status":"closed","template":"","meta":{"nf_dc_page":""},"product_brand":[103],"product_cat":[85],"product_tag":[],"class_list":{"0":"post-90391","1":"product","2":"type-product","3":"status-publish","4":"has-post-thumbnail","6":"product_brand-cosmo","7":"product_cat-cosmeticos","9":"first","10":"instock","11":"shipping-taxable","12":"purchasable","13":"product-type-simple"},"_links":{"self":[{"href":"https:\/\/brandss.com.py\/index\/wp-json\/wp\/v2\/product\/90391","targetHints":{"allow":["GET"]}}],"collection":[{"href":"https:\/\/brandss.com.py\/index\/wp-json\/wp\/v2\/product"}],"about":[{"href":"https:\/\/brandss.com.py\/index\/wp-json\/wp\/v2\/types\/product"}],"replies":[{"embeddable":true,"href":"https:\/\/brandss.com.py\/index\/wp-json\/wp\/v2\/comments?post=90391"}],"version-history":[{"count":1,"href":"https:\/\/brandss.com.py\/index\/wp-json\/wp\/v2\/product\/90391\/revisions"}],"predecessor-version":[{"id":90395,"href":"https:\/\/brandss.com.py\/index\/wp-json\/wp\/v2\/product\/90391\/revisions\/90395"}],"wp:featuredmedia":[{"embeddable":true,"href":"https:\/\/brandss.com.py\/index\/wp-json\/wp\/v2\/media\/90392"}],"wp:attachment":[{"href":"https:\/\/brandss.com.py\/index\/wp-json\/wp\/v2\/media?parent=90391"}],"wp:term":[{"taxonomy":"product_brand","embeddable":true,"href":"https:\/\/brandss.com.py\/index\/wp-json\/wp\/v2\/product_brand?post=90391"},{"taxonomy":"product_cat","embeddable":true,"href":"https:\/\/brandss.com.py\/index\/wp-json\/wp\/v2\/product_cat?post=90391"},{"taxonomy":"product_tag","embeddable":true,"href":"https:\/\/brandss.com.py\/index\/wp-json\/wp\/v2\/product_tag?post=90391"}],"curies":[{"name":"wp","href":"https:\/\/api.w.org\/{rel}","templated":true}]}}