{"id":90401,"date":"2025-09-13T12:13:07","date_gmt":"2025-09-13T12:13:07","guid":{"rendered":"https:\/\/brandss.com.py\/index\/?post_type=product&#038;p=90401"},"modified":"2025-09-13T12:14:20","modified_gmt":"2025-09-13T12:14:20","slug":"gel-de-ducha-corporal-cosmo-temptation-neem-1000ml","status":"publish","type":"product","link":"https:\/\/brandss.com.py\/index\/producto\/gel-de-ducha-corporal-cosmo-temptation-neem-1000ml\/","title":{"rendered":"GEL DE DUCHA CORPORAL COSMO TEMPTATION NEEM 1000ML"},"content":{"rendered":"<p><img loading=\"lazy\" decoding=\"async\" class=\"\" src=\"https:\/\/cosmocosmetics.ae\/cdn\/shop\/files\/logo-cosmo-regeister.png?v=1729761767&amp;width=340\" width=\"165\" height=\"35\" \/><\/p>\n<h1>TEMPTATION NEEM<\/h1>\n<p><strong><em>Limpieza Profunda y Desintoxicante<\/em><\/strong><\/p>\n<p>El Gel de Ba\u00f1o de Neem est\u00e1 formulado para limpiar profundamente la piel eliminando impurezas, suciedad y exceso de grasa, dej\u00e1ndola fresca y purificada. Las propiedades antibacterianas del Neem ayudan a desintoxicar la piel, reduciendo la probabilidad de acn\u00e9 y brotes. Este gel de ba\u00f1o revitaliza la piel penetrando profundamente en los poros, garantizando una experiencia de ba\u00f1o refrescante con cada uso.<\/p>\n<p><span dir=\"auto\">Disfruta de un ba\u00f1o refrescante y nutritivo con el gel de ducha Cosmo Neem.<\/span><\/p>\n<p><strong><span dir=\"auto\">Ventajas:<\/span><\/strong><\/p>\n<ul>\n<li><strong><span dir=\"auto\">F\u00f3rmula natural:<\/span><\/strong><span dir=\"auto\">\u00a0Contiene extracto de neem, conocido por sus m\u00faltiples beneficios para la piel, que ayuda a limpiar profundamente la piel.<\/span><\/li>\n<li><strong><span dir=\"auto\">Limpieza eficaz:<\/span><\/strong><span dir=\"auto\">\u00a0limpia suavemente la suciedad y las impurezas, dejando la piel limpia y fresca.<\/span><\/li>\n<li><strong><span dir=\"auto\">Antibacteriano:<\/span><\/strong><span dir=\"auto\">\u00a0Ayuda a combatir las bacterias y a mantener la piel sana.<\/span><\/li>\n<li><strong><span dir=\"auto\">Hidrataci\u00f3n profunda:<\/span><\/strong><span dir=\"auto\">\u00a0proporciona una hidrataci\u00f3n eficaz, dejando la piel suave y flexible.<\/span><\/li>\n<li><strong><span dir=\"auto\">Aroma refrescante:<\/span><\/strong><span dir=\"auto\">\u00a0te deja una sensaci\u00f3n de frescura durante todo el d\u00eda.<\/span><\/li>\n<\/ul>\n<p><strong><span dir=\"auto\">Modo de empleo:<\/span><\/strong><span dir=\"auto\">\u00a0Mojarse el cuerpo, aplicar una cantidad adecuada de gel de ducha en una esponja o en las manos y masajear suavemente. Enjuagar con abundante agua.<\/span><\/p>\n<p><strong><span dir=\"auto\">\u00a1Disfruta de una lujosa experiencia de ba\u00f1o con el gel de ducha Cosmo Neem y deja que tu piel se sienta renovada y revitalizada!<\/span><\/strong><\/p>\n","protected":false},"excerpt":{"rendered":"<p>TEMPTATION NEEM Limpieza Profunda y Desintoxicante El Gel de Ba\u00f1o de Neem est\u00e1 formulado para limpiar profundamente la piel eliminando<\/p>\n","protected":false},"featured_media":90402,"comment_status":"open","ping_status":"closed","template":"","meta":{"nf_dc_page":""},"product_brand":[103],"product_cat":[94],"product_tag":[],"class_list":{"0":"post-90401","1":"product","2":"type-product","3":"status-publish","4":"has-post-thumbnail","6":"product_brand-cosmo","7":"product_cat-higiene-personal","9":"first","10":"instock","11":"shipping-taxable","12":"purchasable","13":"product-type-simple"},"_links":{"self":[{"href":"https:\/\/brandss.com.py\/index\/wp-json\/wp\/v2\/product\/90401","targetHints":{"allow":["GET"]}}],"collection":[{"href":"https:\/\/brandss.com.py\/index\/wp-json\/wp\/v2\/product"}],"about":[{"href":"https:\/\/brandss.com.py\/index\/wp-json\/wp\/v2\/types\/product"}],"replies":[{"embeddable":true,"href":"https:\/\/brandss.com.py\/index\/wp-json\/wp\/v2\/comments?post=90401"}],"version-history":[{"count":1,"href":"https:\/\/brandss.com.py\/index\/wp-json\/wp\/v2\/product\/90401\/revisions"}],"predecessor-version":[{"id":90404,"href":"https:\/\/brandss.com.py\/index\/wp-json\/wp\/v2\/product\/90401\/revisions\/90404"}],"wp:featuredmedia":[{"embeddable":true,"href":"https:\/\/brandss.com.py\/index\/wp-json\/wp\/v2\/media\/90402"}],"wp:attachment":[{"href":"https:\/\/brandss.com.py\/index\/wp-json\/wp\/v2\/media?parent=90401"}],"wp:term":[{"taxonomy":"product_brand","embeddable":true,"href":"https:\/\/brandss.com.py\/index\/wp-json\/wp\/v2\/product_brand?post=90401"},{"taxonomy":"product_cat","embeddable":true,"href":"https:\/\/brandss.com.py\/index\/wp-json\/wp\/v2\/product_cat?post=90401"},{"taxonomy":"product_tag","embeddable":true,"href":"https:\/\/brandss.com.py\/index\/wp-json\/wp\/v2\/product_tag?post=90401"}],"curies":[{"name":"wp","href":"https:\/\/api.w.org\/{rel}","templated":true}]}}