{"id":90409,"date":"2025-09-13T12:38:36","date_gmt":"2025-09-13T12:38:36","guid":{"rendered":"https:\/\/brandss.com.py\/index\/?post_type=product&#038;p=90409"},"modified":"2025-10-29T12:28:59","modified_gmt":"2025-10-29T12:28:59","slug":"mascara-capilar-cosmo-color-shine-vibrancy-500ml","status":"publish","type":"product","link":"https:\/\/brandss.com.py\/index\/producto\/mascara-capilar-cosmo-color-shine-vibrancy-500ml\/","title":{"rendered":"M\u00c1SCARA CAPILAR COSMO COLOR &amp; SHINE VIBRANCY 500ML"},"content":{"rendered":"<p><img loading=\"lazy\" decoding=\"async\" class=\"\" src=\"https:\/\/cosmocosmetics.ae\/cdn\/shop\/files\/logo-cosmo-regeister.png?v=1729761767&amp;width=340\" width=\"142\" height=\"30\" \/><\/p>\n<h1>COLOR &amp; SHINE VIBRANCY<\/h1>\n<p>Revitaliza y protege tu cabello con nuestra Mascarilla Capilar Color y Brillo Vibrante. Este tratamiento intensivo est\u00e1 dise\u00f1ado para realzar la vitalidad del color de tu cabello, brind\u00e1ndole un brillo radiante. Protege tu cabello de la radiaci\u00f3n UV y ayuda a preservar la intensidad del color, asegurando que tu cabello se mantenga vivo y radiante por m\u00e1s tiempo. Experimenta lo \u00faltimo en protecci\u00f3n del color y realce del brillo con cada uso.<\/p>\n<h5><span dir=\"auto\">CARACTER\u00cdSTICAS<\/span><\/h5>\n<p>&nbsp;<\/p>\n<ul>\n<li><span dir=\"auto\">Mejora la vitalidad del color, haciendo que los tonos parezcan m\u00e1s vivos.<\/span><\/li>\n<li><span dir=\"auto\">A\u00f1ade un brillo radiante a tu cabello, potenciando su luminosidad.<\/span><\/li>\n<li><span dir=\"auto\">Protege el cabello de la radiaci\u00f3n UV, evitando la p\u00e9rdida de color.<\/span><\/li>\n<li><span dir=\"auto\">Conserva la intensidad del color, manteniendo tu cabello con un aspecto fresco.<\/span><\/li>\n<li><span dir=\"auto\">Acondiciona profundamente, mejorando la salud general del cabello.<\/span><\/li>\n<li><span dir=\"auto\">Adecuado para cabello te\u00f1ido, proporcionando un cuidado especializado.<\/span><\/li>\n<\/ul>\n","protected":false},"excerpt":{"rendered":"<p>COLOR &amp; SHINE VIBRANCY Revitaliza y protege tu cabello con nuestra Mascarilla Capilar Color y Brillo Vibrante. Este tratamiento intensivo<\/p>\n","protected":false},"featured_media":90410,"comment_status":"open","ping_status":"closed","template":"","meta":{"nf_dc_page":""},"product_brand":[103],"product_cat":[85],"product_tag":[1148],"class_list":{"0":"post-90409","1":"product","2":"type-product","3":"status-publish","4":"has-post-thumbnail","6":"product_brand-cosmo","7":"product_cat-cosmeticos","8":"product_tag-1148","10":"first","11":"instock","12":"shipping-taxable","13":"purchasable","14":"product-type-simple"},"_links":{"self":[{"href":"https:\/\/brandss.com.py\/index\/wp-json\/wp\/v2\/product\/90409","targetHints":{"allow":["GET"]}}],"collection":[{"href":"https:\/\/brandss.com.py\/index\/wp-json\/wp\/v2\/product"}],"about":[{"href":"https:\/\/brandss.com.py\/index\/wp-json\/wp\/v2\/types\/product"}],"replies":[{"embeddable":true,"href":"https:\/\/brandss.com.py\/index\/wp-json\/wp\/v2\/comments?post=90409"}],"version-history":[{"count":1,"href":"https:\/\/brandss.com.py\/index\/wp-json\/wp\/v2\/product\/90409\/revisions"}],"predecessor-version":[{"id":90412,"href":"https:\/\/brandss.com.py\/index\/wp-json\/wp\/v2\/product\/90409\/revisions\/90412"}],"wp:featuredmedia":[{"embeddable":true,"href":"https:\/\/brandss.com.py\/index\/wp-json\/wp\/v2\/media\/90410"}],"wp:attachment":[{"href":"https:\/\/brandss.com.py\/index\/wp-json\/wp\/v2\/media?parent=90409"}],"wp:term":[{"taxonomy":"product_brand","embeddable":true,"href":"https:\/\/brandss.com.py\/index\/wp-json\/wp\/v2\/product_brand?post=90409"},{"taxonomy":"product_cat","embeddable":true,"href":"https:\/\/brandss.com.py\/index\/wp-json\/wp\/v2\/product_cat?post=90409"},{"taxonomy":"product_tag","embeddable":true,"href":"https:\/\/brandss.com.py\/index\/wp-json\/wp\/v2\/product_tag?post=90409"}],"curies":[{"name":"wp","href":"https:\/\/api.w.org\/{rel}","templated":true}]}}