{"id":90413,"date":"2025-09-13T12:47:40","date_gmt":"2025-09-13T12:47:40","guid":{"rendered":"https:\/\/brandss.com.py\/index\/?post_type=product&#038;p=90413"},"modified":"2025-10-29T12:28:49","modified_gmt":"2025-10-29T12:28:49","slug":"mascara-capilar-cosmo-hydrate-replenish-500ml","status":"publish","type":"product","link":"https:\/\/brandss.com.py\/index\/producto\/mascara-capilar-cosmo-hydrate-replenish-500ml\/","title":{"rendered":"M\u00c1SCARA CAPILAR COSMO HYDRATE &amp; REPLENISH 500ML"},"content":{"rendered":"<p><img loading=\"lazy\" decoding=\"async\" class=\"\" src=\"https:\/\/cosmocosmetics.ae\/cdn\/shop\/files\/logo-cosmo-regeister.png?v=1729761767&amp;width=340\" width=\"142\" height=\"30\" \/><\/p>\n<h1>HYDRATE &amp; REPLENISH<\/h1>\n<p>Redescubre la salud y vitalidad de tu cabello con nuestra Mascarilla Capilar Hidratante y Regeneradora. Esta f\u00f3rmula avanzada est\u00e1 dise\u00f1ada para restaurar el equilibrio natural de hidrataci\u00f3n, retener la hidrataci\u00f3n y mejorar la elasticidad. Rejuvenece y mejora la calidad del cabello, dej\u00e1ndolo suave, flexible y resistente.<\/p>\n<h5><span dir=\"auto\">CARACTER\u00cdSTICAS<\/span><\/h5>\n<ul>\n<li><span dir=\"auto\">Reequilibra los niveles de hidrataci\u00f3n del cabello para una hidrataci\u00f3n \u00f3ptima.<\/span><\/li>\n<li><span dir=\"auto\">Retiene la humedad para evitar la sequedad y el frizz.<\/span><\/li>\n<li><span dir=\"auto\">Restaura la calidad del cabello, volvi\u00e9ndolo m\u00e1s saludable y brillante.<\/span><\/li>\n<li><span dir=\"auto\">Mejora la elasticidad, reduciendo la rotura y mejorando la flexibilidad.<\/span><\/li>\n<li><span dir=\"auto\">Acondiciona profundamente para fortalecer y revitalizar.<\/span><\/li>\n<li><span dir=\"auto\">Adecuado para todo tipo de cabello, especialmente aquellos que necesitan hidrataci\u00f3n adicional.<\/span><\/li>\n<\/ul>\n","protected":false},"excerpt":{"rendered":"<p>HYDRATE &amp; REPLENISH Redescubre la salud y vitalidad de tu cabello con nuestra Mascarilla Capilar Hidratante y Regeneradora. Esta f\u00f3rmula<\/p>\n","protected":false},"featured_media":90414,"comment_status":"open","ping_status":"closed","template":"","meta":{"nf_dc_page":""},"product_brand":[103],"product_cat":[85],"product_tag":[1149],"class_list":{"0":"post-90413","1":"product","2":"type-product","3":"status-publish","4":"has-post-thumbnail","6":"product_brand-cosmo","7":"product_cat-cosmeticos","8":"product_tag-1149","10":"first","11":"instock","12":"shipping-taxable","13":"purchasable","14":"product-type-simple"},"_links":{"self":[{"href":"https:\/\/brandss.com.py\/index\/wp-json\/wp\/v2\/product\/90413","targetHints":{"allow":["GET"]}}],"collection":[{"href":"https:\/\/brandss.com.py\/index\/wp-json\/wp\/v2\/product"}],"about":[{"href":"https:\/\/brandss.com.py\/index\/wp-json\/wp\/v2\/types\/product"}],"replies":[{"embeddable":true,"href":"https:\/\/brandss.com.py\/index\/wp-json\/wp\/v2\/comments?post=90413"}],"version-history":[{"count":1,"href":"https:\/\/brandss.com.py\/index\/wp-json\/wp\/v2\/product\/90413\/revisions"}],"predecessor-version":[{"id":90416,"href":"https:\/\/brandss.com.py\/index\/wp-json\/wp\/v2\/product\/90413\/revisions\/90416"}],"wp:featuredmedia":[{"embeddable":true,"href":"https:\/\/brandss.com.py\/index\/wp-json\/wp\/v2\/media\/90414"}],"wp:attachment":[{"href":"https:\/\/brandss.com.py\/index\/wp-json\/wp\/v2\/media?parent=90413"}],"wp:term":[{"taxonomy":"product_brand","embeddable":true,"href":"https:\/\/brandss.com.py\/index\/wp-json\/wp\/v2\/product_brand?post=90413"},{"taxonomy":"product_cat","embeddable":true,"href":"https:\/\/brandss.com.py\/index\/wp-json\/wp\/v2\/product_cat?post=90413"},{"taxonomy":"product_tag","embeddable":true,"href":"https:\/\/brandss.com.py\/index\/wp-json\/wp\/v2\/product_tag?post=90413"}],"curies":[{"name":"wp","href":"https:\/\/api.w.org\/{rel}","templated":true}]}}