{"id":90417,"date":"2025-09-13T13:03:22","date_gmt":"2025-09-13T13:03:22","guid":{"rendered":"https:\/\/brandss.com.py\/index\/?post_type=product&#038;p=90417"},"modified":"2025-09-13T13:04:31","modified_gmt":"2025-09-13T13:04:31","slug":"crema-para-pie-cosmo-happy-feet-magic-reparadora-para-talones-agrietados-50ml","status":"publish","type":"product","link":"https:\/\/brandss.com.py\/index\/producto\/crema-para-pie-cosmo-happy-feet-magic-reparadora-para-talones-agrietados-50ml\/","title":{"rendered":"CREMA PARA PIE COSMO HAPPY FEET MAGIC REPARADORA PARA TALONES AGRIETADOS 50ML"},"content":{"rendered":"<p><img loading=\"lazy\" decoding=\"async\" class=\"\" src=\"https:\/\/cosmocosmetics.ae\/cdn\/shop\/files\/logo-cosmo-regeister.png?v=1729761767&amp;width=340\" width=\"132\" height=\"28\" \/><\/p>\n<h1>HAPPY FEET MAGIC<\/h1>\n<p>La Crema Magic Repair para Talones Agrietados est\u00e1 especialmente formulada para calmar, hidratar y suavizar los pies secos y \u00e1speros, as\u00ed como los talones agrietados. Enriquecida con vitamina E y urea, ayuda a suavizar y rejuvenecer visiblemente los pies.<\/p>\n<h5><span dir=\"auto\">CARACTER\u00cdSTICAS<\/span><\/h5>\n<ul>\n<li><span dir=\"auto\">Alivia los talones agrietados: alivia las molestias y repara la piel seca y \u00e1spera.<\/span><\/li>\n<li><span dir=\"auto\">Hidrataci\u00f3n profunda: infundido con vitamina E y urea para una hidrataci\u00f3n intensa.<\/span><\/li>\n<li><span dir=\"auto\">Suaviza los pies: deja los pies visiblemente m\u00e1s suaves y flexibles.<\/span><\/li>\n<li><span dir=\"auto\">Ingredientes activos naturales: Proporciona un cuidado eficaz con propiedades calmantes.<\/span><\/li>\n<\/ul>\n","protected":false},"excerpt":{"rendered":"<p>HAPPY FEET MAGIC La Crema Magic Repair para Talones Agrietados est\u00e1 especialmente formulada para calmar, hidratar y suavizar los pies<\/p>\n","protected":false},"featured_media":90418,"comment_status":"open","ping_status":"closed","template":"","meta":{"nf_dc_page":""},"product_brand":[103],"product_cat":[85],"product_tag":[],"class_list":{"0":"post-90417","1":"product","2":"type-product","3":"status-publish","4":"has-post-thumbnail","6":"product_brand-cosmo","7":"product_cat-cosmeticos","9":"first","10":"instock","11":"shipping-taxable","12":"purchasable","13":"product-type-simple"},"_links":{"self":[{"href":"https:\/\/brandss.com.py\/index\/wp-json\/wp\/v2\/product\/90417","targetHints":{"allow":["GET"]}}],"collection":[{"href":"https:\/\/brandss.com.py\/index\/wp-json\/wp\/v2\/product"}],"about":[{"href":"https:\/\/brandss.com.py\/index\/wp-json\/wp\/v2\/types\/product"}],"replies":[{"embeddable":true,"href":"https:\/\/brandss.com.py\/index\/wp-json\/wp\/v2\/comments?post=90417"}],"version-history":[{"count":1,"href":"https:\/\/brandss.com.py\/index\/wp-json\/wp\/v2\/product\/90417\/revisions"}],"predecessor-version":[{"id":90420,"href":"https:\/\/brandss.com.py\/index\/wp-json\/wp\/v2\/product\/90417\/revisions\/90420"}],"wp:featuredmedia":[{"embeddable":true,"href":"https:\/\/brandss.com.py\/index\/wp-json\/wp\/v2\/media\/90418"}],"wp:attachment":[{"href":"https:\/\/brandss.com.py\/index\/wp-json\/wp\/v2\/media?parent=90417"}],"wp:term":[{"taxonomy":"product_brand","embeddable":true,"href":"https:\/\/brandss.com.py\/index\/wp-json\/wp\/v2\/product_brand?post=90417"},{"taxonomy":"product_cat","embeddable":true,"href":"https:\/\/brandss.com.py\/index\/wp-json\/wp\/v2\/product_cat?post=90417"},{"taxonomy":"product_tag","embeddable":true,"href":"https:\/\/brandss.com.py\/index\/wp-json\/wp\/v2\/product_tag?post=90417"}],"curies":[{"name":"wp","href":"https:\/\/api.w.org\/{rel}","templated":true}]}}