{"id":90421,"date":"2025-09-13T13:16:28","date_gmt":"2025-09-13T13:16:28","guid":{"rendered":"https:\/\/brandss.com.py\/index\/?post_type=product&#038;p=90421"},"modified":"2025-09-13T13:17:01","modified_gmt":"2025-09-13T13:17:01","slug":"exfoliante-para-pie-cosmo-happy-feet-cooling-peppermint-500ml","status":"publish","type":"product","link":"https:\/\/brandss.com.py\/index\/producto\/exfoliante-para-pie-cosmo-happy-feet-cooling-peppermint-500ml\/","title":{"rendered":"EXFOLIANTE PARA PIE COSMO HAPPY FEET COOLING PEPPERMINT 500ML"},"content":{"rendered":"<p><img loading=\"lazy\" decoding=\"async\" class=\"\" src=\"https:\/\/cosmocosmetics.ae\/cdn\/shop\/files\/logo-cosmo-regeister.png?v=1729761767&amp;width=340\" width=\"123\" height=\"26\" \/><\/p>\n<h1>HAPPY FEET COOLING PEPPERMINT<\/h1>\n<p dir=\"ltr\"><span dir=\"auto\">Dile adi\u00f3s a la piel \u00e1spera y seca con este potente exfoliante para pies. Dise\u00f1ado para exfoliar e hidratar suavemente, dejando tus pies suaves, frescos y revitalizados.<\/span><\/p>\n<h5 dir=\"ltr\"><span dir=\"auto\">Por qu\u00e9 te encantar\u00e1:<\/span><\/h5>\n<ul>\n<li dir=\"ltr\">\n<p dir=\"ltr\" role=\"presentation\"><span dir=\"auto\">Exfoliaci\u00f3n profunda: elimina eficazmente la piel seca y callosa para unos pies m\u00e1s suaves al instante.<\/span><\/p>\n<\/li>\n<li dir=\"ltr\">\n<p dir=\"ltr\" role=\"presentation\"><span dir=\"auto\">Bot\u00e1nicos calmantes: enriquecidos con ingredientes naturales para refrescar y calmar los pies cansados.<\/span><\/p>\n<\/li>\n<li dir=\"ltr\">\n<p dir=\"ltr\" role=\"presentation\"><span dir=\"auto\">Hidrataci\u00f3n y suavidad: Hidrata mientras exfolia para prevenir la sequedad y las grietas.<\/span><\/p>\n<\/li>\n<li dir=\"ltr\">\n<p dir=\"ltr\" role=\"presentation\"><span dir=\"auto\">Cuidado espec\u00edfico: hace maravillas en las zonas \u00e1speras, especialmente en los talones y las plantas de los pies.<\/span><\/p>\n<\/li>\n<li dir=\"ltr\">\n<p dir=\"ltr\" role=\"presentation\"><span dir=\"auto\">Refresco instant\u00e1neo: deja los pies suaves, sedosos y rejuvenecidos.<\/span><\/p>\n<\/li>\n<\/ul>\n<h5 dir=\"ltr\"><span dir=\"auto\">Modo de empleo:<\/span><\/h5>\n<ol>\n<li dir=\"ltr\">\n<p dir=\"ltr\" role=\"presentation\"><span dir=\"auto\">Remoje sus pies en agua tibia durante 5 a 10 minutos para suavizar la piel.<\/span><\/p>\n<\/li>\n<li dir=\"ltr\">\n<p dir=\"ltr\" role=\"presentation\"><span dir=\"auto\">Aplique una cantidad generosa de exfoliante en las zonas \u00e1speras.<\/span><\/p>\n<\/li>\n<li dir=\"ltr\">\n<p dir=\"ltr\" role=\"presentation\"><span dir=\"auto\">Masajee suavemente con movimientos circulares durante 2-3 minutos para eliminar la piel muerta.<\/span><\/p>\n<\/li>\n<li dir=\"ltr\">\n<p dir=\"ltr\" role=\"presentation\"><span dir=\"auto\">Enjuague bien con agua tibia y seque.<\/span><\/p>\n<\/li>\n<li dir=\"ltr\">\n<p dir=\"ltr\" role=\"presentation\"><span dir=\"auto\">Contin\u00fae con una crema para pies para una m\u00e1xima hidrataci\u00f3n.<\/span><\/p>\n<\/li>\n<\/ol>\n","protected":false},"excerpt":{"rendered":"<p>HAPPY FEET COOLING PEPPERMINT Dile adi\u00f3s a la piel \u00e1spera y seca con este potente exfoliante para pies. Dise\u00f1ado para<\/p>\n","protected":false},"featured_media":90422,"comment_status":"open","ping_status":"closed","template":"","meta":{"nf_dc_page":""},"product_brand":[103],"product_cat":[85],"product_tag":[],"class_list":{"0":"post-90421","1":"product","2":"type-product","3":"status-publish","4":"has-post-thumbnail","6":"product_brand-cosmo","7":"product_cat-cosmeticos","9":"first","10":"instock","11":"shipping-taxable","12":"purchasable","13":"product-type-simple"},"_links":{"self":[{"href":"https:\/\/brandss.com.py\/index\/wp-json\/wp\/v2\/product\/90421","targetHints":{"allow":["GET"]}}],"collection":[{"href":"https:\/\/brandss.com.py\/index\/wp-json\/wp\/v2\/product"}],"about":[{"href":"https:\/\/brandss.com.py\/index\/wp-json\/wp\/v2\/types\/product"}],"replies":[{"embeddable":true,"href":"https:\/\/brandss.com.py\/index\/wp-json\/wp\/v2\/comments?post=90421"}],"version-history":[{"count":1,"href":"https:\/\/brandss.com.py\/index\/wp-json\/wp\/v2\/product\/90421\/revisions"}],"predecessor-version":[{"id":90423,"href":"https:\/\/brandss.com.py\/index\/wp-json\/wp\/v2\/product\/90421\/revisions\/90423"}],"wp:featuredmedia":[{"embeddable":true,"href":"https:\/\/brandss.com.py\/index\/wp-json\/wp\/v2\/media\/90422"}],"wp:attachment":[{"href":"https:\/\/brandss.com.py\/index\/wp-json\/wp\/v2\/media?parent=90421"}],"wp:term":[{"taxonomy":"product_brand","embeddable":true,"href":"https:\/\/brandss.com.py\/index\/wp-json\/wp\/v2\/product_brand?post=90421"},{"taxonomy":"product_cat","embeddable":true,"href":"https:\/\/brandss.com.py\/index\/wp-json\/wp\/v2\/product_cat?post=90421"},{"taxonomy":"product_tag","embeddable":true,"href":"https:\/\/brandss.com.py\/index\/wp-json\/wp\/v2\/product_tag?post=90421"}],"curies":[{"name":"wp","href":"https:\/\/api.w.org\/{rel}","templated":true}]}}