{"id":90428,"date":"2025-09-13T14:03:16","date_gmt":"2025-09-13T14:03:16","guid":{"rendered":"https:\/\/brandss.com.py\/index\/?post_type=product&#038;p=90428"},"modified":"2026-02-13T10:59:00","modified_gmt":"2026-02-13T10:59:00","slug":"tonico-limpiador-facial-cosmo-glow-white-skin-perfector-250ml","status":"publish","type":"product","link":"https:\/\/brandss.com.py\/index\/producto\/tonico-limpiador-facial-cosmo-glow-white-skin-perfector-250ml\/","title":{"rendered":"T\u00d3NICO LIMPIADOR FACIAL COSMO GLOW WHITE SKIN PERFECTOR 250ML"},"content":{"rendered":"<p><img loading=\"lazy\" decoding=\"async\" class=\"\" src=\"https:\/\/cosmocosmetics.ae\/cdn\/shop\/files\/logo-cosmo-regeister.png?v=1729761767&amp;width=340\" width=\"146\" height=\"31\" \/><\/p>\n<h1>GLOW WHITE SKIN PERFECTOR<\/h1>\n<p>Su delicada fragancia \u2014una mezcla de bot\u00e1nicos calmantes, c\u00edtricos refrescantes y sutiles toques m\u00e1gicos\u2014 despierta tus sentidos. El t\u00f3nico elimina suavemente las impurezas, dejando tu piel limpia y equilibrada. Enriquecido con agentes blanqueadores, extractos nutritivos y antioxidantes revitalizantes, realza la luminosidad y claridad de tu cutis. Siente su refrescante tacto mientras el t\u00f3nico revitaliza y prepara tu piel para los rituales de belleza posteriores. Tu cutis se sentir\u00e1 fresco, rejuvenecido y radiante con una luminosidad renovada.<\/p>\n<div class=\"experience-component experience-dynamic-productLongDescription\">\n<div id=\"longDescription\" class=\"container product-long-description\">\n<div class=\"row\">\n<div class=\"col-12 col-md-8 description-text\">\n<div class=\"metafield-rich_text_field\">\n<h5><span dir=\"auto\">CARACTER\u00cdSTICAS<\/span><\/h5>\n<ul>\n<li><span dir=\"auto\">Equilibra y unifica el tono de la piel para una tez radiante.<\/span><\/li>\n<li><span dir=\"auto\">Disminuye la aparici\u00f3n de manchas oscuras y decoloraci\u00f3n.<\/span><\/li>\n<li><span dir=\"auto\">Limpia y refresca suavemente sin eliminar la humedad.<\/span><\/li>\n<li><span dir=\"auto\">Prepara la piel para absorber los beneficios de los productos de cuidado de la piel posteriores.<\/span><\/li>\n<\/ul>\n<\/div>\n<\/div>\n<div class=\"col-12 col-md-4 description-icon\">\n<div class=\"content-asset\"><\/div>\n<\/div>\n<\/div>\n<\/div>\n<\/div>\n<div class=\"experience-component experience-dynamic-productIngredients\">\n<div id=\"productIngredients\" class=\"container product-ingredients mt-3\">\n<div class=\"row\">\n<div class=\"col-12 col-md-7 mt-3 mt-md-0 ingredients-copy\">\n<div class=\"content-asset\">\n<h5><span dir=\"auto\">TODOS LOS INGREDIENTES<\/span><\/h5>\n<p><img loading=\"lazy\" decoding=\"async\" class=\"w-100 alignleft\" src=\"https:\/\/cosmocosmetics.ae\/cdn\/shop\/files\/Whitening_f410a8cb-a12e-4335-98f9-3ae0b0d71711.webp?v=1724238528\" width=\"200\" height=\"132\" \/><br \/>\n<span dir=\"auto\">La gama de productos Cosmo Glow White &#8211; Skin Perfector combina alfa arbutina altamente eficaz junto con niacinamida y \u00e1cido hialur\u00f3nico que atacan y aten\u00faan la apariencia de la hiperpigmentaci\u00f3n y las manchas oscuras para revelar una piel de tono m\u00e1s uniforme y de aspecto m\u00e1s joven.<\/span><\/p>\n<\/div>\n<\/div>\n<\/div>\n<\/div>\n<\/div>\n","protected":false},"excerpt":{"rendered":"<p>GLOW WHITE SKIN PERFECTOR Su delicada fragancia \u2014una mezcla de bot\u00e1nicos calmantes, c\u00edtricos refrescantes y sutiles toques m\u00e1gicos\u2014 despierta tus<\/p>\n","protected":false},"featured_media":90429,"comment_status":"open","ping_status":"closed","template":"","meta":{"nf_dc_page":""},"product_brand":[103],"product_cat":[104],"product_tag":[],"class_list":{"0":"post-90428","1":"product","2":"type-product","3":"status-publish","4":"has-post-thumbnail","6":"product_brand-cosmo","7":"product_cat-skin-care","9":"first","10":"instock","11":"shipping-taxable","12":"purchasable","13":"product-type-simple"},"_links":{"self":[{"href":"https:\/\/brandss.com.py\/index\/wp-json\/wp\/v2\/product\/90428","targetHints":{"allow":["GET"]}}],"collection":[{"href":"https:\/\/brandss.com.py\/index\/wp-json\/wp\/v2\/product"}],"about":[{"href":"https:\/\/brandss.com.py\/index\/wp-json\/wp\/v2\/types\/product"}],"replies":[{"embeddable":true,"href":"https:\/\/brandss.com.py\/index\/wp-json\/wp\/v2\/comments?post=90428"}],"version-history":[{"count":1,"href":"https:\/\/brandss.com.py\/index\/wp-json\/wp\/v2\/product\/90428\/revisions"}],"predecessor-version":[{"id":90431,"href":"https:\/\/brandss.com.py\/index\/wp-json\/wp\/v2\/product\/90428\/revisions\/90431"}],"wp:featuredmedia":[{"embeddable":true,"href":"https:\/\/brandss.com.py\/index\/wp-json\/wp\/v2\/media\/90429"}],"wp:attachment":[{"href":"https:\/\/brandss.com.py\/index\/wp-json\/wp\/v2\/media?parent=90428"}],"wp:term":[{"taxonomy":"product_brand","embeddable":true,"href":"https:\/\/brandss.com.py\/index\/wp-json\/wp\/v2\/product_brand?post=90428"},{"taxonomy":"product_cat","embeddable":true,"href":"https:\/\/brandss.com.py\/index\/wp-json\/wp\/v2\/product_cat?post=90428"},{"taxonomy":"product_tag","embeddable":true,"href":"https:\/\/brandss.com.py\/index\/wp-json\/wp\/v2\/product_tag?post=90428"}],"curies":[{"name":"wp","href":"https:\/\/api.w.org\/{rel}","templated":true}]}}