{"id":90432,"date":"2025-09-13T14:27:57","date_gmt":"2025-09-13T14:27:57","guid":{"rendered":"https:\/\/brandss.com.py\/index\/?post_type=product&#038;p=90432"},"modified":"2025-09-13T14:28:43","modified_gmt":"2025-09-13T14:28:43","slug":"gel-de-ducha-corporal-cosmo-glow-white-skin-perfector-blanqueador-1000ml","status":"publish","type":"product","link":"https:\/\/brandss.com.py\/index\/producto\/gel-de-ducha-corporal-cosmo-glow-white-skin-perfector-blanqueador-1000ml\/","title":{"rendered":"GEL DE DUCHA CORPORAL COSMO GLOW WHITE SKIN PERFECTOR BLANQUEADOR 1000ML"},"content":{"rendered":"<p><img loading=\"lazy\" decoding=\"async\" class=\"\" src=\"https:\/\/cosmocosmetics.ae\/cdn\/shop\/files\/logo-cosmo-regeister.png?v=1729761767&amp;width=340\" width=\"146\" height=\"31\" \/><\/p>\n<h1>GLOW WHITE SKIN PERFECTOR BLANQUEADOR<\/h1>\n<p>Este gel transformador ofrece m\u00e1s que solo limpieza; revela una piel radiante con cada uso. Al enjabonarte, su et\u00e9rea fragancia de flores celestiales, toques c\u00edtricos y vainilla relajante te transporta a un santuario estrellado. Enriquecido con ingredientes bot\u00e1nicos iluminadores, extractos nutritivos y antioxidantes revitalizantes, este gel de ducha realza la luminosidad natural de tu piel. Ayuda a reducir las manchas oscuras, unificar el tono de la piel y promover una tez m\u00e1s uniforme. Disfruta de una sensaci\u00f3n de frescura y revitalizaci\u00f3n mientras se eliminan las impurezas, dejando tu piel suave, tersa y sedosa.<\/p>\n<div class=\"experience-component experience-dynamic-productLongDescription\">\n<div id=\"longDescription\" class=\"container product-long-description\">\n<div class=\"row\">\n<div class=\"col-12 col-md-8 description-text\">\n<div class=\"metafield-rich_text_field\">\n<h5><span dir=\"auto\">CARACTER\u00cdSTICAS<\/span><\/h5>\n<ul>\n<li><span dir=\"auto\">Reduce la aparici\u00f3n de manchas oscuras y unifica el tono de la piel.<\/span><\/li>\n<li><span dir=\"auto\">Nutre e hidrata para mejorar la textura de la piel.<\/span><\/li>\n<li><span dir=\"auto\">Textura sedosa que deja la piel con una sensaci\u00f3n de frescura.<\/span><\/li>\n<li><span dir=\"auto\">Fragancia encantadora para una experiencia de ducha lujosa.<\/span><\/li>\n<\/ul>\n<\/div>\n<\/div>\n<\/div>\n<\/div>\n<\/div>\n<div class=\"experience-component experience-dynamic-productIngredients\">\n<div id=\"productIngredients\" class=\"container product-ingredients mt-3\">\n<div class=\"row\">\n<div class=\"col-12 col-md-7 mt-3 mt-md-0 ingredients-copy\">\n<div class=\"content-asset\">\n<h5><span dir=\"auto\">TODOS LOS INGREDIENTES<\/span><\/h5>\n<p><span dir=\"auto\">La gama de productos Cosmo Glow White &#8211; Skin Perfector combina alfa arbutina altamente eficaz junto con niacinamida y \u00e1cido hialur\u00f3nico que atac<\/span><img loading=\"lazy\" decoding=\"async\" class=\"w-100 alignleft\" src=\"https:\/\/cosmocosmetics.ae\/cdn\/shop\/files\/Whitening_25c7e966-03af-4d9a-880a-53786d1b2488.webp?v=1724237646\" width=\"197\" height=\"130\" \/>an y aten\u00faan la apariencia de la hiperpigmentaci\u00f3n y las manchas oscuras para revelar una piel de tono m\u00e1s uniforme y de aspecto m\u00e1s joven.<\/p>\n<\/div>\n<\/div>\n<\/div>\n<\/div>\n<\/div>\n","protected":false},"excerpt":{"rendered":"<p>GLOW WHITE SKIN PERFECTOR BLANQUEADOR Este gel transformador ofrece m\u00e1s que solo limpieza; revela una piel radiante con cada uso.<\/p>\n","protected":false},"featured_media":90433,"comment_status":"open","ping_status":"closed","template":"","meta":{"nf_dc_page":""},"product_brand":[103],"product_cat":[94],"product_tag":[],"class_list":{"0":"post-90432","1":"product","2":"type-product","3":"status-publish","4":"has-post-thumbnail","6":"product_brand-cosmo","7":"product_cat-higiene-personal","9":"first","10":"instock","11":"shipping-taxable","12":"purchasable","13":"product-type-simple"},"_links":{"self":[{"href":"https:\/\/brandss.com.py\/index\/wp-json\/wp\/v2\/product\/90432","targetHints":{"allow":["GET"]}}],"collection":[{"href":"https:\/\/brandss.com.py\/index\/wp-json\/wp\/v2\/product"}],"about":[{"href":"https:\/\/brandss.com.py\/index\/wp-json\/wp\/v2\/types\/product"}],"replies":[{"embeddable":true,"href":"https:\/\/brandss.com.py\/index\/wp-json\/wp\/v2\/comments?post=90432"}],"version-history":[{"count":1,"href":"https:\/\/brandss.com.py\/index\/wp-json\/wp\/v2\/product\/90432\/revisions"}],"predecessor-version":[{"id":90435,"href":"https:\/\/brandss.com.py\/index\/wp-json\/wp\/v2\/product\/90432\/revisions\/90435"}],"wp:featuredmedia":[{"embeddable":true,"href":"https:\/\/brandss.com.py\/index\/wp-json\/wp\/v2\/media\/90433"}],"wp:attachment":[{"href":"https:\/\/brandss.com.py\/index\/wp-json\/wp\/v2\/media?parent=90432"}],"wp:term":[{"taxonomy":"product_brand","embeddable":true,"href":"https:\/\/brandss.com.py\/index\/wp-json\/wp\/v2\/product_brand?post=90432"},{"taxonomy":"product_cat","embeddable":true,"href":"https:\/\/brandss.com.py\/index\/wp-json\/wp\/v2\/product_cat?post=90432"},{"taxonomy":"product_tag","embeddable":true,"href":"https:\/\/brandss.com.py\/index\/wp-json\/wp\/v2\/product_tag?post=90432"}],"curies":[{"name":"wp","href":"https:\/\/api.w.org\/{rel}","templated":true}]}}